{"id":26669,"date":"2025-08-14T09:53:36","date_gmt":"2025-08-14T12:53:36","guid":{"rendered":"https:\/\/www.pplinuerj.com.br\/?page_id=26669"},"modified":"2026-01-19T11:11:55","modified_gmt":"2026-01-19T14:11:55","slug":"planos-de-curso-mestrado","status":"publish","type":"page","link":"https:\/\/www.pplinuerj.com.br\/es\/planos-de-curso-mestrado\/","title":{"rendered":"Planos de Curso &#8211; Mestrado"},"content":{"rendered":"<style>\/*! elementor - v3.23.0 - 05-08-2024 *\/\n.elementor-heading-title{padding:0;margin:0;line-height:1}.elementor-widget-heading .elementor-heading-title[class*=elementor-size-]>a{color:inherit;font-size:inherit;line-height:inherit}.elementor-widget-heading .elementor-heading-title.elementor-size-small{font-size:15px}.elementor-widget-heading .elementor-heading-title.elementor-size-medium{font-size:19px}.elementor-widget-heading .elementor-heading-title.elementor-size-large{font-size:29px}.elementor-widget-heading .elementor-heading-title.elementor-size-xl{font-size:39px}.elementor-widget-heading .elementor-heading-title.elementor-size-xxl{font-size:59px}<\/style>\n<h2>Planes de curso 2024.1<br \/>\n<\/h2>\n<h2>Estudios literarios <\/h2>\n<link rel=\"stylesheet\" href=\"https:\/\/www.pplinuerj.com.br\/wp-content\/plugins\/elementor\/assets\/css\/widget-icon-box.min.css\">\n\t\t\t\t<a href=\"https:\/\/www.pplinuerj.com.br\/wp-content\/uploads\/2025\/02\/Maximiliano-Gomes-Torres-Plano-de-Curso-2025-1.docx.pdf\" target=\"_blank\" tabindex=\"-1\"><br \/>\n\t\t\t\t\t\t\t\t<\/a><\/p>\n<h3>\n\t\t\t\t\t\t<a href=\"https:\/\/www.pplinuerj.com.br\/wp-content\/uploads\/2025\/02\/Maximiliano-Gomes-Torres-Plano-de-Curso-2025-1.docx.pdf\" target=\"_blank\" ><br \/>\n\t\t\t\t\t\t\tLITERATURA COMPARADA\t\t\t\t\t\t<\/a><br \/>\n\t\t\t\t\t<\/h3>\n<p>\n\t\t\t\t\t\tDECOLONIALIDADES, INTERSECCIONALIDADES E ECOLOGIAS: INTERC\u00c2MBIOS PARA UMA ECOCR\u00cdTICA FEMINISTA\t\t\t\t\t<\/p>\n<p>\t\t\t\t<a href=\"https:\/\/www.pplinuerj.com.br\/wp-content\/uploads\/2025\/02\/Plano_de_curso_LITERATURA-E-DIVERSIDADE-CULTURAL-FFP017164-shirley-2025.1.pdf\" target=\"_blank\" tabindex=\"-1\"><br \/>\n\t\t\t\t\t\t\t\t<\/a><\/p>\n<h3>\n\t\t\t\t\t\t<a href=\"https:\/\/www.pplinuerj.com.br\/wp-content\/uploads\/2025\/02\/Plano_de_curso_LITERATURA-E-DIVERSIDADE-CULTURAL-FFP017164-shirley-2025.1.pdf\" target=\"_blank\" ><br \/>\n\t\t\t\t\t\t\tLITERATURA E DIVERSIDADE CULTURAL\t\t\t\t\t\t<\/a><br \/>\n\t\t\t\t\t<\/h3>\n<p>\n\t\t\t\t\t\tREPRESENTA\u00c7\u00d5ES LITER\u00c1RIAS DA DIFEREN\u00c7A: ETNIA, G\u00caNERO, CULTURA E IDENTIDADE\t\t\t\t\t<\/p>\n<p>\t\t\t\t<a href=\"https:\/\/www.pplinuerj.com.br\/wp-content\/uploads\/2025\/02\/Plano-de-Curso-Tendencias-da-teoria-e-da-critica-literarias-2025.1-Leonardo-Mendes-1.pdf\" target=\"_blank\" tabindex=\"-1\"><br \/>\n\t\t\t\t\t\t\t\t<\/a><\/p>\n<h3>\n\t\t\t\t\t\t<a href=\"https:\/\/www.pplinuerj.com.br\/wp-content\/uploads\/2025\/02\/Plano-de-Curso-Tendencias-da-teoria-e-da-critica-literarias-2025.1-Leonardo-Mendes-1.pdf\" target=\"_blank\" ><br \/>\n\t\t\t\t\t\t\tTEND\u00caNCIAS DA TEORIA E DA CR\u00cdTICA LITER\u00c1RIAS\t\t\t\t\t\t<\/a><br \/>\n\t\t\t\t\t<\/h3>\n<p>\n\t\t\t\t\t\tTeoria e cr\u00edtica liter\u00e1rias: conceitos, temas e vertentes\t\t\t\t\t<\/p>\n<h2>Estudios ling\u00fc\u00edsticos <\/h2>\n<p>\t\t\t\t<a href=\"https:\/\/www.pplinuerj.com.br\/wp-content\/uploads\/2025\/02\/disciplinaVictoria-e-Juciele.pdf\" target=\"_blank\" tabindex=\"-1\"><br \/>\n\t\t\t\t\t\t\t\t<\/a><\/p>\n<h3>\n\t\t\t\t\t\t<a href=\"https:\/\/www.pplinuerj.com.br\/wp-content\/uploads\/2025\/02\/disciplinaVictoria-e-Juciele.pdf\" target=\"_blank\" ><br \/>\n\t\t\t\t\t\t\tDISCURSO E A\u00c7\u00c3O SOCIAL\t\t\t\t\t\t<\/a><br \/>\n\t\t\t\t\t<\/h3>\n<p>\n\t\t\t\t\t\tSEM\u00c2NTICA E PRAGM\u00c1TICA: ABORDAGENS EM ESPA\u00c7OS INSTITUCIONAIS E DIGITAIS\t\t\t\t\t<\/p>\n<p>\t\t\t\t<a href=\"https:\/\/www.pplinuerj.com.br\/wp-content\/uploads\/2025\/02\/Programa_Jordao_2025.pdf\" target=\"_blank\" tabindex=\"-1\"><br \/>\n\t\t\t\t\t\t\t\t<\/a><\/p>\n<h3>\n\t\t\t\t\t\t<a href=\"https:\/\/www.pplinuerj.com.br\/wp-content\/uploads\/2025\/02\/Programa_Jordao_2025.pdf\" target=\"_blank\" ><br \/>\n\t\t\t\t\t\t\tLINGUAGENS E EDUCA\u00c7\u00c3O\t\t\t\t\t\t<\/a><br \/>\n\t\t\t\t\t<\/h3>\n<p>\n\t\t\t\t\t\t(De)colonialidades\t\t\t\t\t<\/p>\n<p>\t\t\t\t<a href=\"https:\/\/www.pplinuerj.com.br\/wp-content\/uploads\/2025\/02\/Plano-de-curso-2025.1-Teorias-da-Linguagem.pdf\" target=\"_blank\" tabindex=\"-1\"><br \/>\n\t\t\t\t\t\t\t\t<\/a><\/p>\n<h3>\n\t\t\t\t\t\t<a href=\"https:\/\/www.pplinuerj.com.br\/wp-content\/uploads\/2025\/02\/Plano-de-curso-2025.1-Teorias-da-Linguagem.pdf\" target=\"_blank\" ><br \/>\n\t\t\t\t\t\t\tTeorias da Linguagem\t\t\t\t\t\t<\/a><br \/>\n\t\t\t\t\t<\/h3>\n<p>\n\t\t\t\t\t\tFundamentos te\u00f3rico-metodol\u00f3gicos dos estudos lingu\u00edsticos em perspectiva hist\u00f3rico-historiogr\u00e1fica\t\t\t\t\t<\/p>\n<p>\t\t\t\t<a href=\"https:\/\/www.pplinuerj.com.br\/wp-content\/uploads\/2025\/02\/Topicos_em_-LA_2025.pdf\" target=\"_blank\" tabindex=\"-1\"><br \/>\n\t\t\t\t\t\t\t\t<\/a><\/p>\n<h3>\n\t\t\t\t\t\t<a href=\"https:\/\/www.pplinuerj.com.br\/wp-content\/uploads\/2025\/02\/Topicos_em_-LA_2025.pdf\" target=\"_blank\" ><br \/>\n\t\t\t\t\t\t\tT\u00d3PICOS ESPECIAIS EM LINGU\u00cdSTICA\t\t\t\t\t\t<\/a><br \/>\n\t\t\t\t\t<\/h3>\n<p>\n\t\t\t\t\t\tEMO\u00c7\u00d5ES NO ENSINO E APRENDIZAGEM DE L\u00cdNGUAS\t\t\t\t\t<\/p>\n<style>\/*! elementor - v3.23.0 - 05-08-2024 *\/\n.elementor-widget-google_maps .elementor-widget-container{overflow:hidden}.elementor-widget-google_maps .elementor-custom-embed{line-height:0}.elementor-widget-google_maps iframe{height:300px}<\/style>\n<p>\t\t\t<iframe loading=\"lazy\"\n\t\t\t\t\tsrc=\"https:\/\/maps.google.com\/maps?q=Rua%20Francisco%20Portela%2C%201470%2C%20Patronato%20CEP%2024435-005%2C%20S%C3%A3o%20Gon%C3%A7alo%2C%20RJ&#038;t=m&#038;z=15&#038;output=embed&#038;iwloc=near\"\n\t\t\t\t\ttitle=\"Rua Francisco Portela, 1470, Patronato CEP 24435-005, S\u00e3o Gon\u00e7alo, RJ\"\n\t\t\t\t\taria-label=\"Rua Francisco Portela, 1470, Patronato CEP 24435-005, S\u00e3o Gon\u00e7alo, RJ\"\n\t\t\t><\/iframe><\/p>\n<h2>Contato<\/h2>\n<h3>\n\t\t\t\t\t\t\tRua Francisco Portela, 1470, Patronato<br \/>CEP: 24.435-005, S\u00e3o Gon\u00e7alo, RJ<br \/>\n\t\t\t\t\t<\/h3>\n<h3>\n\t\t\t\t\t\t\t(21) 2728-7969<br \/>\n\t\t\t\t\t<\/h3>\n<h3>\n\t\t\t\t\t\t\tpplinuerj@gmail.com<br \/>\n\t\t\t\t\t<\/h3>\n","protected":false},"excerpt":{"rendered":"<p>Planes de curso 2024.1 Estudios literarios LITERATURA COMPARADA DECOLONIALIDADES, INTERSECCIONALIDADES E ECOLOGIAS: INTERC\u00c2MBIOS PARA UMA ECOCR\u00cdTICA FEMINISTA LITERATURA E DIVERSIDADE CULTURAL REPRESENTA\u00c7\u00d5ES LITER\u00c1RIAS DA DIFEREN\u00c7A: ETNIA, G\u00caNERO, CULTURA E IDENTIDADE TEND\u00caNCIAS DA TEORIA E DA CR\u00cdTICA LITER\u00c1RIAS Teoria e cr\u00edtica liter\u00e1rias: conceitos, temas e vertentes Estudios ling\u00fc\u00edsticos DISCURSO E A\u00c7\u00c3O SOCIAL SEM\u00c2NTICA E PRAGM\u00c1TICA: ABORDAGENS &hellip;<\/p>\n<p class=\"read-more\"> <a class=\"\" href=\"https:\/\/www.pplinuerj.com.br\/es\/planos-de-curso-mestrado\/\"> <span class=\"screen-reader-text\">Planos de Curso &#8211; Mestrado<\/span> Read More &raquo;<\/a><\/p>\n","protected":false},"author":1,"featured_media":0,"parent":0,"menu_order":0,"comment_status":"closed","ping_status":"closed","template":"","meta":{"site-sidebar-layout":"no-sidebar","site-content-layout":"page-builder","ast-site-content-layout":"full-width-container","site-content-style":"default","site-sidebar-style":"default","ast-global-header-display":"","ast-banner-title-visibility":"","ast-main-header-display":"","ast-hfb-above-header-display":"","ast-hfb-below-header-display":"","ast-hfb-mobile-header-display":"","site-post-title":"disabled","ast-breadcrumbs-content":"","ast-featured-img":"disabled","footer-sml-layout":"","theme-transparent-header-meta":"","adv-header-id-meta":"","stick-header-meta":"","header-above-stick-meta":"","header-main-stick-meta":"","header-below-stick-meta":"","astra-migrate-meta-layouts":"set","footnotes":""},"class_list":["post-26669","page","type-page","status-publish","hentry"],"translation":{"provider":"WPGlobus","version":"3.0.0","language":"es","enabled_languages":["br","en","es"],"languages":{"br":{"title":true,"content":true,"excerpt":false},"en":{"title":true,"content":true,"excerpt":false},"es":{"title":false,"content":true,"excerpt":false}}},"_links":{"self":[{"href":"https:\/\/www.pplinuerj.com.br\/es\/wp-json\/wp\/v2\/pages\/26669","targetHints":{"allow":["GET"]}}],"collection":[{"href":"https:\/\/www.pplinuerj.com.br\/es\/wp-json\/wp\/v2\/pages"}],"about":[{"href":"https:\/\/www.pplinuerj.com.br\/es\/wp-json\/wp\/v2\/types\/page"}],"author":[{"embeddable":true,"href":"https:\/\/www.pplinuerj.com.br\/es\/wp-json\/wp\/v2\/users\/1"}],"replies":[{"embeddable":true,"href":"https:\/\/www.pplinuerj.com.br\/es\/wp-json\/wp\/v2\/comments?post=26669"}],"version-history":[{"count":28,"href":"https:\/\/www.pplinuerj.com.br\/es\/wp-json\/wp\/v2\/pages\/26669\/revisions"}],"predecessor-version":[{"id":27357,"href":"https:\/\/www.pplinuerj.com.br\/es\/wp-json\/wp\/v2\/pages\/26669\/revisions\/27357"}],"wp:attachment":[{"href":"https:\/\/www.pplinuerj.com.br\/es\/wp-json\/wp\/v2\/media?parent=26669"}],"curies":[{"name":"wp","href":"https:\/\/api.w.org\/{rel}","templated":true}]}}