{"id":25306,"date":"2024-02-28T18:42:13","date_gmt":"2024-02-28T21:42:13","guid":{"rendered":"https:\/\/www.pplinuerj.com.br\/?page_id=25306"},"modified":"2025-01-15T12:19:51","modified_gmt":"2025-01-15T15:19:51","slug":"egressos","status":"publish","type":"page","link":"https:\/\/www.pplinuerj.com.br\/es\/egressos\/","title":{"rendered":"Egressos"},"content":{"rendered":"<style>\/*! elementor - v3.23.0 - 05-08-2024 *\/\n.elementor-heading-title{padding:0;margin:0;line-height:1}.elementor-widget-heading .elementor-heading-title[class*=elementor-size-]>a{color:inherit;font-size:inherit;line-height:inherit}.elementor-widget-heading .elementor-heading-title.elementor-size-small{font-size:15px}.elementor-widget-heading .elementor-heading-title.elementor-size-medium{font-size:19px}.elementor-widget-heading .elementor-heading-title.elementor-size-large{font-size:29px}.elementor-widget-heading .elementor-heading-title.elementor-size-xl{font-size:39px}.elementor-widget-heading .elementor-heading-title.elementor-size-xxl{font-size:59px}<\/style>\n<h2>Licenciados<\/h2>\n<p>                Turma 2022.2<\/p>\n<table>\n<tbody>\n<tr>\n<td>\n<p><strong>Estudios ling\u00fc\u00edsticos<\/strong><\/p>\n<ul>\n<li>Bruna de Oliveira Carvalho Macachero<\/li>\n<li>Daniela Mello Mendon\u00e7a<\/li>\n<li>Karina Mandetta Medeiros<\/li>\n<li>Leandro Silva de Melo<\/li>\n<li>Luana Rodrigues Machado<\/li>\n<li>Renata da Silva Oliveira<\/li>\n<li>Thiago dos Santos Cruz<\/li>\n<li>Thiago Moret de Carvalho Ramos<\/li>\n<li>Th\u00fali Cavalcanti de Melo Ferreira<\/li>\n<li>Valteir Carneiro da Silva<\/li>\n<li>Vitoria Nudelman<\/li>\n<\/ul>\n<\/td>\n<td>\n<p><strong>Estudios literarios<\/strong><\/p>\n<ul>\n<li>Anna Elisa Souza da Costa Rodrigues<\/li>\n<li>Carlos Henrique da Silva<\/li>\n<li>Eduardo Felipe de Abreu Vinha<\/li>\n<li>Gabriel Felipe da Silva<\/li>\n<li>Jessica Alcantara de Vasconcelos<\/li>\n<li>Joanna Silveira Corr\u00eaa<\/li>\n<li>Ligia Vasconcellos de Oliveira<\/li>\n<li>Ney da Silva Junior<\/li>\n<\/ul>\n<\/td>\n<\/tr>\n<\/tbody>\n<\/table>\n<p>                Turma 2021.2<\/p>\n<table>\n<tbody>\n<tr>\n<td>\n<p><strong>Estudios ling\u00fc\u00edsticos<\/strong><\/p>\n<ul>\n<li>Beatriz Fernanda Fortunato dos Santos<\/li>\n<li>Bruna Scoralick Sousa Lisb\u00f4a<\/li>\n<li>Carla Barbosa de Farias Santos<\/li>\n<li>Daniele Maria de Jesus Negre<\/li>\n<li>Hosana Sheila da Silva<\/li>\n<li>Ivana Freitas Juliaci<\/li>\n<li>Jaquelini Batista da Silva<\/li>\n<li>Jos\u00e9 Carlos Alves de Azeredo J\u00fanior<\/li>\n<li>Lilian Alves Jandir<\/li>\n<li>Luiz Otavio Maia Monteiro<\/li>\n<li>Marcela Maria Almeida Silva<\/li>\n<li>Martha Carvalho Couto<\/li>\n<li>Nat\u00e1lia Pereira Vieira de Souza<\/li>\n<li>Rebeca Emerich Alvarez<\/li>\n<li>Tatiane Alves Pereira dos Santos<\/li>\n<li>Vanessa da Fonte Cabral Vi\u00e9gas<\/li>\n<li>Vanessa dos Santos Galv\u00e3o Noronha<\/li>\n<\/ul>\n<\/td>\n<td>\n<p><strong>Estudios literarios<\/strong><\/p>\n<ul>\n<li>Alexandra Alves da Silva<\/li>\n<li>Bianca de Amorim Gomes<\/li>\n<li>Elton Silva Miranda Costa<\/li>\n<li>Fernanda Longo dos Santos Silva<\/li>\n<li>Iranilde dos Santos<\/li>\n<li>Let\u00edcia Tereza Caetano de Ara\u00fajo<\/li>\n<li>Luciana dos Santos Silva<\/li>\n<li>Nathalia Azevedo Marques<\/li>\n<li>Nathalia Baptista Fernandes<\/li>\n<li>Ros\u00e2ngela de Oliveira Ferreira<\/li>\n<li>Tha\u00edna Martins da Silva<\/li>\n<\/ul>\n<\/td>\n<\/tr>\n<\/tbody>\n<\/table>\n<p>                Turma 2020.2<\/p>\n<table>\n<tbody>\n<tr>\n<td>\n<p><strong>Estudios ling\u00fc\u00edsticos<\/strong><\/p>\n<ul>\n<li>Ana Carolina dos Santos Cardoso<\/li>\n<li>Andrea Costa Alegria<\/li>\n<li>Bruno Roncada<\/li>\n<li>Danielle da Silva Martins<\/li>\n<li>\u00c9rica Cristina da Silva<\/li>\n<li>Franciene Ribeiro de Azeredo<\/li>\n<li>Jo\u00e3o Gabriel de Vasconcelos Nascimento<\/li>\n<li>Jo\u00e3o Paulo da Silva Nascimento<\/li>\n<li>Karina Rivelli Gon\u00e7alves Lima<\/li>\n<li>Marcele Mendes Goulart<\/li>\n<li>Maria Eduarda Oliveira da Silva<\/li>\n<li>Thais Silva Alc\u00e2ntara de Souza<\/li>\n<\/ul>\n<\/td>\n<td>\n<p><strong>Estudios literarios<\/strong><\/p>\n<ul>\n<li>B\u00e1rbara de Souza Duarte<\/li>\n<li>Caio Henrique da Silva Reis<\/li>\n<li>Caroline Nunes Albertino Chaillou<\/li>\n<li>C\u00e9lia Regina Silva de Paula<\/li>\n<li>Cristiane Feitosa Machado<\/li>\n<li>Danielle Reis Ara\u00fajo<\/li>\n<li>Douglas Ernesto Fernandes Gon\u00e7alves \u00a0 \u00a0 \u00a0 Fernanda Cristine Ribeiro<\/li>\n<li>Gabriella Gargalh\u00e3o Antunes<\/li>\n<li>Isabelle Lins Carvalho<\/li>\n<li>Juliana Felicidade Teixeira dos Santos<\/li>\n<li>Kaio Rodrigues da Silva<\/li>\n<li>Lidiane Lessa de Jesus Santos<\/li>\n<li>Pet\u00fania da Silva Magalh\u00e3es<\/li>\n<li>Ramon Oliveira da Concei\u00e7\u00e3o<\/li>\n<li>Ricardo Romero Ferreira Filho<\/li>\n<li>Saron do Amaral Gomes<\/li>\n<\/ul>\n<\/td>\n<\/tr>\n<\/tbody>\n<\/table>\n<p>                Turma 2019.2<\/p>\n<table>\n<tbody>\n<tr>\n<td>\n<p><strong>Estudios ling\u00fc\u00edsticos<\/strong><\/p>\n<ul>\n<li dir=\"ltr\">Aline de Oliveira Fran\u00e7a de Souza<\/li>\n<li dir=\"ltr\">Emily Marinho Martins<\/li>\n<li dir=\"ltr\">Gabriela Amaral Rezende<\/li>\n<li dir=\"ltr\">Jennifer de Ara\u00fajo Rosa<\/li>\n<li dir=\"ltr\">Leandro Bonin de Andrade<\/li>\n<li dir=\"ltr\">Marta Nobre de Oliveira<\/li>\n<li dir=\"ltr\">Ruan Sousa Diniz<\/li>\n<li dir=\"ltr\">Sonia Mara Cardoso Borges<\/li>\n<li dir=\"ltr\">Tha\u00eds Pereira da Silva<\/li>\n<\/ul>\n<\/td>\n<td>\n<p><strong>Estudios literarios<\/strong><\/p>\n<ul>\n<li>Adriana Mota Bastos<\/li>\n<li>Celine Neves Peixoto<\/li>\n<li>Jo\u00e3o Cl\u00e1udio Martins Ara\u00fajo de Barros<\/li>\n<li>Karin Zil\u00e1h da Silva<\/li>\n<li>Lorrana Almeida Salles<\/li>\n<li>Raiza Marques Sampaio<\/li>\n<\/ul>\n<\/td>\n<\/tr>\n<\/tbody>\n<\/table>\n<p>                Turma 2019.1<\/p>\n<table>\n<tbody>\n<tr>\n<td>\n<p><strong>Estudios ling\u00fc\u00edsticos<\/strong><\/p>\n<ul>\n<li dir=\"ltr\">Agatha Nascimento dos Santos Dias<\/li>\n<li dir=\"ltr\">Elis\u00e2ngela Ferreira Rodrigues Alves<\/li>\n<li dir=\"ltr\">Evelyn Moraes de Siqueira<\/li>\n<li dir=\"ltr\">Gleicson Fialho Sales<\/li>\n<li dir=\"ltr\">Jocilene Ferreira Bottino<\/li>\n<li dir=\"ltr\">Joice Gomes da Silva<\/li>\n<li dir=\"ltr\">Luciana Andrade de Souza<\/li>\n<\/ul>\n<\/td>\n<td>\n<p><strong>Estudios literarios<\/strong><\/p>\n<ul>\n<li>Andrelize Concei\u00e7\u00e3o da Silva Calheiros<\/li>\n<li>Catarina de Oliveira<\/li>\n<li>Eduarda Ramos Pontes Werneck<\/li>\n<li>Isabela Cristina Rodrigues Azevedo<\/li>\n<li>Gyselly Regina da Silva Sobrinho Bosi<\/li>\n<li>Juliana Gon\u00e7alves Isaias Rodrigues<\/li>\n<li>Karina de Sousa Fl\u00f4r<\/li>\n<li>Leonardo Ramos Botelho Gomes<\/li>\n<li>Marcella Andrea Barros Lima Moura<\/li>\n<li>Mayara Resende Rosa Cordeiro<\/li>\n<li>Renato Bruno<\/li>\n<li>Rog\u00e9rio Ferreira de Ara\u00fajo<\/li>\n<\/ul>\n<\/td>\n<\/tr>\n<\/tbody>\n<\/table>\n<p>                Turma 2018.2<\/p>\n<table>\n<tbody>\n<tr>\n<td>\n<p><strong>Estudios ling\u00fc\u00edsticos<\/strong><\/p>\n<ul>\n<li dir=\"ltr\">Allan da Silva Oliveira<\/li>\n<li dir=\"ltr\">Fernanda de Souza Faria<\/li>\n<li dir=\"ltr\">Giselly Duarte Ferreira da Fonseca<\/li>\n<li dir=\"ltr\">Ivana de Oliveira Souza Melo<\/li>\n<li dir=\"ltr\">Jo\u00e3o Paulo Bulh\u00f5es e Mattos<\/li>\n<li dir=\"ltr\">Leandro Novaes da Silva<\/li>\n<li dir=\"ltr\">Let\u00edcia Casal Pimenta<\/li>\n<li dir=\"ltr\">Monike Ribeiro dos Santos<\/li>\n<li dir=\"ltr\">Sheila Cristina Muniz Versiani<\/li>\n<li dir=\"ltr\">Silvania Cavalcante Rabello<\/li>\n<li dir=\"ltr\">Tamar da Silva Viana<\/li>\n<li dir=\"ltr\">Viviane Corr\u00eaa de Souza<\/li>\n<\/ul>\n<\/td>\n<td>\n<p><strong>Estudios literarios<\/strong><\/p>\n<ul>\n<li>Allana Bogado Mota<\/li>\n<li>Bruna Canellas de Freitas<\/li>\n<li>Carolina Pina Rodrigues Maciel<\/li>\n<li>Caroline dos Santos Gomes<\/li>\n<li>Daniella Moreira de Oliveira<\/li>\n<li>Gabriela Krugel dos Santos Nunes<\/li>\n<li>Lais da Concei\u00e7\u00e3o Santos Belarmino<\/li>\n<li>La\u00eds de Medeiros Santos<\/li>\n<li>Larissa Ribeiro Batista Silva<\/li>\n<li>Marcelle Ferreira de Siqueira<\/li>\n<li>Mariana Martins Porto<\/li>\n<li>Priscila Vieira de Oliveira Miranda<\/li>\n<li>Rosane Marins de Menezes<\/li>\n<li>Victoria Cristina de Sousa Bezerra<\/li>\n<\/ul>\n<\/td>\n<\/tr>\n<\/tbody>\n<\/table>\n<p>                Turma 2017.2<\/p>\n<table>\n<tbody>\n<tr>\n<td>\n<p><strong>Estudios ling\u00fc\u00edsticos<\/strong><\/p>\n<ul>\n<li dir=\"ltr\">Eliane Siqueira Costa Coelho<\/li>\n<li dir=\"ltr\">Giselle Almada Souto<\/li>\n<li>J\u00e9ssica Gon\u00e7alves da Silva<\/li>\n<li>Kelly de Oliveira Ferreira<\/li>\n<li>Meiriane Martins Aguiar<\/li>\n<li>Monah Vieira Penkuhn<\/li>\n<li>Ricardo Benevides Silva de Oliveira<\/li>\n<\/ul>\n<\/td>\n<td>\n<p><strong>Estudios literarios<\/strong><\/p>\n<ul>\n<li>Adriana Tinoco de Vasconcelos<\/li>\n<li>Aides Jos\u00e9 Gremi\u00e3o Neto<\/li>\n<li>Alexandra Alves Monteiro<\/li>\n<li>Alexandre Amaral Ferreira<\/li>\n<li>Ana Carolina da Concei\u00e7\u00e3o Figueiredo<\/li>\n<li>Carolina Freitas Pimenta Peres<\/li>\n<li>Douglas Mendes Ornellas<\/li>\n<li>Girlane Ara\u00fajo Braz da Rosa<\/li>\n<li>Jos\u00e9 Lucas Matos de Souza<\/li>\n<li>Ketiley Pessanha de Gouv\u00eaa<\/li>\n<li>Pamela Viana Guimar\u00e3es Mendes<\/li>\n<\/ul>\n<\/td>\n<\/tr>\n<\/tbody>\n<\/table>\n<p>                Turma 2016.2<\/p>\n<table>\n<tbody>\n<tr>\n<td>\n<p><strong>Estudios ling\u00fc\u00edsticos<\/strong><\/p>\n<ul>\n<li dir=\"ltr\">Alan Rodrigo de Paiva Gon\u00e7alves<\/li>\n<li>Carolina Rabelo de Sousa<\/li>\n<li>Emanuelle de Souza Fonseca Souza<\/li>\n<li>F\u00e1bio Rodrigo Gomes da Costa<\/li>\n<li>Fernanda de Ara\u00fajo Fonseca<\/li>\n<li>Hanna Ferreira da Silva<\/li>\n<li>Jamilly Moraes Silva<\/li>\n<li>Kelly Cristine Oliveira da Cunha<\/li>\n<li>Leandra Cristina Machado da Silva<\/li>\n<li>Luanda da Silva Gustavo<\/li>\n<li>Rafael do Nascimento da Silva<\/li>\n<li>Raquel Ferreira Sampaio dos Santos<\/li>\n<li>Renata Oliveira Azeredo<\/li>\n<li>Vanessa Teixeira Ribeiro<\/li>\n<\/ul>\n<\/td>\n<td>\n<p><strong>Estudios literarios<\/strong><\/p>\n<ul>\n<li>Aline Cristina Moreira Duarte<\/li>\n<li>Andr\u00e9 Luiz dos Santos<\/li>\n<li>Cristina Reis Maia<\/li>\n<li>Erick da Silva Bernardes<\/li>\n<li>Gabriella Rovassine da Rocha<\/li>\n<li>M\u00e1rcio Alessandro de Oliveira<\/li>\n<li>Renata da Cruz Paula<\/li>\n<li>Riane Avelino Dias<\/li>\n<li>Thamires dos Santos Macedo Fassura<\/li>\n<\/ul>\n<\/td>\n<\/tr>\n<\/tbody>\n<\/table>\n<style>\/*! elementor - v3.23.0 - 05-08-2024 *\/\n.elementor-widget-google_maps .elementor-widget-container{overflow:hidden}.elementor-widget-google_maps .elementor-custom-embed{line-height:0}.elementor-widget-google_maps iframe{height:300px}<\/style>\n<p>\t\t\t<iframe loading=\"lazy\"\n\t\t\t\t\tsrc=\"https:\/\/maps.google.com\/maps?q=Rua%20Francisco%20Portela%2C%201470%2C%20Patronato%20CEP%2024435-005%2C%20S%C3%A3o%20Gon%C3%A7alo%2C%20RJ&#038;t=m&#038;z=15&#038;output=embed&#038;iwloc=near\"\n\t\t\t\t\ttitle=\"Rua Francisco Portela, 1470, Patronato CEP 24435-005, S\u00e3o Gon\u00e7alo, RJ\"\n\t\t\t\t\taria-label=\"Rua Francisco Portela, 1470, Patronato CEP 24435-005, S\u00e3o Gon\u00e7alo, RJ\"\n\t\t\t><\/iframe><\/p>\n<h2>Contato<\/h2>\n<link rel=\"stylesheet\" href=\"https:\/\/www.pplinuerj.com.br\/wp-content\/plugins\/elementor\/assets\/css\/widget-icon-box.min.css\">\n<h3>\n\t\t\t\t\t\t\tRua Francisco Portela, 1470, Patronato<br \/>CEP: 24.435-005, S\u00e3o Gon\u00e7alo, RJ<br \/>\n\t\t\t\t\t<\/h3>\n<h3>\n\t\t\t\t\t\t\t(21) 2728-7969<br \/>\n\t\t\t\t\t<\/h3>\n<h3>\n\t\t\t\t\t\t\tpplinuerj@gmail.com<br \/>\n\t\t\t\t\t<\/h3>\n","protected":false},"excerpt":{"rendered":"<p>Licenciados Turma 2022.2 Estudios ling\u00fc\u00edsticos Bruna de Oliveira Carvalho Macachero Daniela Mello Mendon\u00e7a Karina Mandetta Medeiros Leandro Silva de Melo Luana Rodrigues Machado Renata da Silva Oliveira Thiago dos Santos Cruz Thiago Moret de Carvalho Ramos Th\u00fali Cavalcanti de Melo Ferreira Valteir Carneiro da Silva Vitoria Nudelman Estudios literarios Anna Elisa Souza da Costa Rodrigues &hellip;<\/p>\n<p class=\"read-more\"> <a class=\"\" href=\"https:\/\/www.pplinuerj.com.br\/es\/egressos\/\"> <span class=\"screen-reader-text\">Egressos<\/span> Read More &raquo;<\/a><\/p>\n","protected":false},"author":1,"featured_media":0,"parent":0,"menu_order":0,"comment_status":"closed","ping_status":"closed","template":"","meta":{"site-sidebar-layout":"no-sidebar","site-content-layout":"page-builder","ast-site-content-layout":"full-width-container","site-content-style":"default","site-sidebar-style":"default","ast-global-header-display":"","ast-banner-title-visibility":"","ast-main-header-display":"","ast-hfb-above-header-display":"","ast-hfb-below-header-display":"","ast-hfb-mobile-header-display":"","site-post-title":"disabled","ast-breadcrumbs-content":"","ast-featured-img":"disabled","footer-sml-layout":"","theme-transparent-header-meta":"","adv-header-id-meta":"","stick-header-meta":"","header-above-stick-meta":"","header-main-stick-meta":"","header-below-stick-meta":"","astra-migrate-meta-layouts":"set","footnotes":""},"class_list":["post-25306","page","type-page","status-publish","hentry"],"translation":{"provider":"WPGlobus","version":"3.0.0","language":"es","enabled_languages":["br","en","es"],"languages":{"br":{"title":true,"content":true,"excerpt":false},"en":{"title":true,"content":true,"excerpt":false},"es":{"title":false,"content":true,"excerpt":false}}},"_links":{"self":[{"href":"https:\/\/www.pplinuerj.com.br\/es\/wp-json\/wp\/v2\/pages\/25306","targetHints":{"allow":["GET"]}}],"collection":[{"href":"https:\/\/www.pplinuerj.com.br\/es\/wp-json\/wp\/v2\/pages"}],"about":[{"href":"https:\/\/www.pplinuerj.com.br\/es\/wp-json\/wp\/v2\/types\/page"}],"author":[{"embeddable":true,"href":"https:\/\/www.pplinuerj.com.br\/es\/wp-json\/wp\/v2\/users\/1"}],"replies":[{"embeddable":true,"href":"https:\/\/www.pplinuerj.com.br\/es\/wp-json\/wp\/v2\/comments?post=25306"}],"version-history":[{"count":16,"href":"https:\/\/www.pplinuerj.com.br\/es\/wp-json\/wp\/v2\/pages\/25306\/revisions"}],"predecessor-version":[{"id":26053,"href":"https:\/\/www.pplinuerj.com.br\/es\/wp-json\/wp\/v2\/pages\/25306\/revisions\/26053"}],"wp:attachment":[{"href":"https:\/\/www.pplinuerj.com.br\/es\/wp-json\/wp\/v2\/media?parent=25306"}],"curies":[{"name":"wp","href":"https:\/\/api.w.org\/{rel}","templated":true}]}}