{"id":25254,"date":"2024-01-08T10:21:27","date_gmt":"2024-01-08T13:21:27","guid":{"rendered":"https:\/\/www.pplinuerj.com.br\/?page_id=25254"},"modified":"2025-05-16T20:11:42","modified_gmt":"2025-05-16T23:11:42","slug":"comissao-de-autoavaliacao","status":"publish","type":"page","link":"https:\/\/www.pplinuerj.com.br\/es\/comissao-de-autoavaliacao\/","title":{"rendered":"Comiss\u00e3o de Autoavalia\u00e7\u00e3o"},"content":{"rendered":"<style>\/*! elementor - v3.23.0 - 05-08-2024 *\/\n.elementor-heading-title{padding:0;margin:0;line-height:1}.elementor-widget-heading .elementor-heading-title[class*=elementor-size-]>a{color:inherit;font-size:inherit;line-height:inherit}.elementor-widget-heading .elementor-heading-title.elementor-size-small{font-size:15px}.elementor-widget-heading .elementor-heading-title.elementor-size-medium{font-size:19px}.elementor-widget-heading .elementor-heading-title.elementor-size-large{font-size:29px}.elementor-widget-heading .elementor-heading-title.elementor-size-xl{font-size:39px}.elementor-widget-heading .elementor-heading-title.elementor-size-xxl{font-size:59px}<\/style>\n<h2>Comit\u00e9 de Autoevaluaci\u00f3n<\/h2>\n<p>Prof. Dr.\u00a0<\/p>\n<h2>Leonardo Mendes<\/h2>\n<p>Profa. Dra.\u00a0<\/p>\n<h2>Norma Sueli Rosa Lima<\/h2>\n<style>\/*! elementor - v3.23.0 - 05-08-2024 *\/\n.elementor-widget-image{text-align:center}.elementor-widget-image a{display:inline-block}.elementor-widget-image a img[src$=\".svg\"]{width:48px}.elementor-widget-image img{vertical-align:middle;display:inline-block}<\/style>\n<p>\t\t\t\t\t\t\t\t\t\t<img fetchpriority=\"high\" decoding=\"async\" width=\"1024\" height=\"576\" src=\"https:\/\/www.pplinuerj.com.br\/wp-content\/uploads\/2024\/06\/cartaz-evento-1024x576.jpg\" alt=\"\" srcset=\"https:\/\/www.pplinuerj.com.br\/wp-content\/uploads\/2024\/06\/cartaz-evento-1024x576.jpg 1024w, https:\/\/www.pplinuerj.com.br\/wp-content\/uploads\/2024\/06\/cartaz-evento-300x169.jpg 300w, https:\/\/www.pplinuerj.com.br\/wp-content\/uploads\/2024\/06\/cartaz-evento-768x432.jpg 768w, https:\/\/www.pplinuerj.com.br\/wp-content\/uploads\/2024\/06\/cartaz-evento-1536x864.jpg 1536w, https:\/\/www.pplinuerj.com.br\/wp-content\/uploads\/2024\/06\/cartaz-evento.jpg 1920w\" sizes=\"(max-width: 1024px) 100vw, 1024px\" \/>\t\t\t\t\t\t\t\t\t\t\t\t\t<\/p>\n<style>\/*! elementor - v3.23.0 - 05-08-2024 *\/\n.elementor-widget-tabs.elementor-tabs-view-vertical .elementor-tabs-wrapper{width:25%;flex-shrink:0}.elementor-widget-tabs.elementor-tabs-view-vertical .elementor-tab-desktop-title.elementor-active{border-inline-end-style:none}.elementor-widget-tabs.elementor-tabs-view-vertical .elementor-tab-desktop-title.elementor-active:after,.elementor-widget-tabs.elementor-tabs-view-vertical .elementor-tab-desktop-title.elementor-active:before{height:999em;width:0;right:0;border-inline-end-style:solid}.elementor-widget-tabs.elementor-tabs-view-vertical .elementor-tab-desktop-title.elementor-active:before{top:0;transform:translateY(-100%)}.elementor-widget-tabs.elementor-tabs-view-vertical .elementor-tab-desktop-title.elementor-active:after{top:100%}.elementor-widget-tabs.elementor-tabs-view-horizontal .elementor-tab-desktop-title{display:table-cell}.elementor-widget-tabs.elementor-tabs-view-horizontal .elementor-tab-desktop-title.elementor-active{border-bottom-style:none}.elementor-widget-tabs.elementor-tabs-view-horizontal .elementor-tab-desktop-title.elementor-active:after,.elementor-widget-tabs.elementor-tabs-view-horizontal .elementor-tab-desktop-title.elementor-active:before{bottom:0;height:0;width:999em;border-bottom-style:solid}.elementor-widget-tabs.elementor-tabs-view-horizontal .elementor-tab-desktop-title.elementor-active:before{right:100%}.elementor-widget-tabs.elementor-tabs-view-horizontal .elementor-tab-desktop-title.elementor-active:after{left:100%}.elementor-widget-tabs .elementor-tab-content,.elementor-widget-tabs .elementor-tab-title,.elementor-widget-tabs .elementor-tab-title:after,.elementor-widget-tabs .elementor-tab-title:before,.elementor-widget-tabs .elementor-tabs-content-wrapper{border:1px #d5d8dc}.elementor-widget-tabs .elementor-tabs{text-align:start}.elementor-widget-tabs .elementor-tabs-wrapper{overflow:hidden}.elementor-widget-tabs .elementor-tab-title{cursor:pointer;outline:var(--focus-outline,none)}.elementor-widget-tabs .elementor-tab-desktop-title{position:relative;padding:20px 25px;font-weight:700;line-height:1;border:solid transparent}.elementor-widget-tabs .elementor-tab-desktop-title.elementor-active{border-color:#d5d8dc}.elementor-widget-tabs .elementor-tab-desktop-title.elementor-active:after,.elementor-widget-tabs .elementor-tab-desktop-title.elementor-active:before{display:block;content:\"\";position:absolute}.elementor-widget-tabs .elementor-tab-desktop-title:focus-visible{border:1px solid #000}.elementor-widget-tabs .elementor-tab-mobile-title{padding:10px;cursor:pointer}.elementor-widget-tabs .elementor-tab-content{padding:20px;display:none}@media (max-width:767px){.elementor-tabs .elementor-tab-content,.elementor-tabs .elementor-tab-title{border-style:solid solid none}.elementor-tabs .elementor-tabs-wrapper{display:none}.elementor-tabs .elementor-tabs-content-wrapper{border-bottom-style:solid}.elementor-tabs .elementor-tab-content{padding:10px}}@media (min-width:768px){.elementor-widget-tabs.elementor-tabs-view-vertical .elementor-tabs{display:flex}.elementor-widget-tabs.elementor-tabs-view-vertical .elementor-tabs-wrapper{flex-direction:column}.elementor-widget-tabs.elementor-tabs-view-vertical .elementor-tabs-content-wrapper{flex-grow:1;border-style:solid solid solid none}.elementor-widget-tabs.elementor-tabs-view-horizontal .elementor-tab-content{border-style:none solid solid}.elementor-widget-tabs.elementor-tabs-alignment-center .elementor-tabs-wrapper,.elementor-widget-tabs.elementor-tabs-alignment-end .elementor-tabs-wrapper,.elementor-widget-tabs.elementor-tabs-alignment-stretch .elementor-tabs-wrapper{display:flex}.elementor-widget-tabs.elementor-tabs-alignment-center .elementor-tabs-wrapper{justify-content:center}.elementor-widget-tabs.elementor-tabs-alignment-end .elementor-tabs-wrapper{justify-content:flex-end}.elementor-widget-tabs.elementor-tabs-alignment-stretch.elementor-tabs-view-horizontal .elementor-tab-title{width:100%}.elementor-widget-tabs.elementor-tabs-alignment-stretch.elementor-tabs-view-vertical .elementor-tab-title{height:100%}.elementor-tabs .elementor-tab-mobile-title{display:none}}<\/style>\n<p>\t\t\t\t\t\t\t\t\tIntroducci\u00f3n<br \/>\n\t\t\t\t\t\t\t\t\tI Seminario de autoevaluaci\u00f3n de la PPLIN<br \/>\n\t\t\t\t\t\t\t\t\tII Seminario de Autoevaluaci\u00f3n del PPLIN<br \/>\n\t\t\t\t\t\t\t\t\tIII Seminario de Autoevaluaci\u00f3n PPLIN<br \/>\n\t\t\t\t\t\t\t\t\tIV Seminario de Autoevaluaci\u00f3n del PPLIN<br \/>\n\t\t\t\t\t\t\t\t\tIntroducci\u00f3n<\/p>\n<p style=\"text-align: justify;\">La autoevaluaci\u00f3n es un proceso fundamental para la mejora de la calidad y el seguimiento de las acciones y actividades que conforman un programa de postgrado. En el contexto espec\u00edfico del programa de postgrado en cuesti\u00f3n, la autoevaluaci\u00f3n desempe\u00f1a un papel crucial en la valoraci\u00f3n de los procesos, procedimientos y resultados relacionados con el funcionamiento y dise\u00f1o del programa.<\/p>\n<p style=\"text-align: justify;\">El Programa adopta un enfoque de evaluaci\u00f3n continua y participativa, implicando al profesorado y a los representantes de los estudiantes, promoviendo la transparencia en la toma de decisiones. Para ello, se act\u00faa tanto a trav\u00e9s de comisiones permanentes (becas, eventos, seminarios, entre otros) y temporales (p\u00e1gina web, reglamento interno, etc.), como mediante el nombramiento espec\u00edfico de profesores para coordinar tareas concretas. Acciones evaluativas m\u00e1s amplias y complejas son una pr\u00e1ctica constante a lo largo del curso y se discuten en las reuniones mensuales del Colegiado. Tambi\u00e9n existe un Seminario Interno peri\u00f3dico, cuyo orden del d\u00eda permanente es la evaluaci\u00f3n del Programa por parte de profesores y alumnos. De esta forma, todas las decisiones relevantes son evaluadas y deliberadas colectivamente, garantizando la transparencia y la participaci\u00f3n de los implicados.<\/p>\n<p style=\"text-align: justify;\">La realizaci\u00f3n de una autoevaluaci\u00f3n coherente comienza con la definici\u00f3n de los objetivos y criterios de los procedimientos. Partiendo de esta noci\u00f3n, en 2016, con la apertura del programa y la primera clase, los debates iniciales se centraron en la evaluaci\u00f3n que el programa hab\u00eda recibido a trav\u00e9s del documento de aprobaci\u00f3n. En este primer a\u00f1o, la atenci\u00f3n se centr\u00f3 en la estructuraci\u00f3n del programa, la creaci\u00f3n de documentos y normas, la comprensi\u00f3n de las demandas y el establecimiento de la secretar\u00eda. En 2017, el programa celebr\u00f3 sus primeros debates sobre la autoevaluaci\u00f3n. Dicho esto, cabe destacar que el PPLIN fue el primer programa de R\u00edo de Janeiro en celebrar un seminario de autoevaluaci\u00f3n, incluso antes de que la CAPES (Coordinaci\u00f3n de Perfeccionamiento del Personal de la Ense\u00f1anza Superior) lo exigiera.<\/p>\n<p>\t\t\t\t\t\t\t\t\tI Seminario de autoevaluaci\u00f3n de la PPLIN<\/p>\n<p style=\"text-align: justify;\">En abril de 2018, el PPLIN realiz\u00f3 su primer Seminario de autoevaluaci\u00f3n titulado \u00abEl desaf\u00edo de construir conocimiento acad\u00e9mico\u00bb. El programa const\u00f3 de dos Paneles, dos Conferencias y dos Encuentros en las \u00e1reas de concentraci\u00f3n, a saber: Estudios Ling\u00fc\u00edsticos y Estudios Literarios.<\/p>\n<p>En esta ocasi\u00f3n, un panel fue presentado por el Coordinador sobre el documento del \u00e1rea CAPES (Coordinaci\u00f3n de Perfeccionamiento del Personal de la Ense\u00f1anza Superior) \u00abLetras y Ling\u00fc\u00edstica\u00bb y el otro por el Vicecoordinador sobre los \u00abResultados de la Evaluaci\u00f3n Cuatrienal CAPES)\u00bb, 2013-2016. Tambi\u00e9n hubo una conferencia titulada \u00abEl Plan Nacional de Postgrado y los programas de Letras: algunos problemas y muchos desaf\u00edos\u00bb, impartida por un profesor de la USP, y otra conferencia impartida por un profesor de la UFF (Universidade Federal Fluminense), titulada\u00a0 \u00abEl Plan Nacional de autoevaluaci\u00f3n y la implantaci\u00f3n de la autoevaluaci\u00f3n por la CAPES\u00bb. Dentro del programa del I Seminario, los profesores del programa se reunieron en dos ocasiones para debatir y analizar la evaluaci\u00f3n de las \u00e1reas de concentraci\u00f3n: Estudios Ling\u00fc\u00edsticos y Estudios Literarios. Por \u00faltimo, hubo una Reuni\u00f3n General sobre el tema \u00abEvaluaci\u00f3n y Metas para 2018, 2019 y 2020\u00bb.<\/p>\n<p>\t\t\t\t\t\t\t\t\tII Seminario de Autoevaluaci\u00f3n del PPLIN<\/p>\n<p>En octubre de 2019 se llev\u00f3 a cabo el segundo Seminario de Autoevaluaci\u00f3n de Programas. El programa incluy\u00f3 un panel presentado por el Coordinador sobre el tema: CAPES (Coordinaci\u00f3n de Perfeccionamiento del Personal de la Ense\u00f1anza Superior) y autoevaluaci\u00f3n de Programas de Postgrado. Adem\u00e1s, hubo una serie de conferencias impartidas por (a) de la Direcci\u00f3n de la Unidad &#8211; titulada \u00abPostgrado: compromiso y exigencias; &#8211; (b) de la Direcci\u00f3n del Centro de Humanidades, titulada: PPLIN en el escenario del postgrado en el CEH; (c) de alumnos del Programa sobre el tema: Representaci\u00f3n estudiantil y PPLIN: evaluaci\u00f3n y autoevaluaci\u00f3n; (d) de profesores del Programa sobre el tema: Revista Soletras: evaluaci\u00f3n y acciones de consolidaci\u00f3n. Como parte de la programaci\u00f3n del II Seminario, hubo dos rondas de charlas a cargo de los profesores del Programa, la primera de las cuales abord\u00f3 el tema: Cuatrienio CAPES 2017-2020: \u00bfqu\u00e9 podemos ajustar? y la segunda abord\u00f3 el panorama de las \u00e1reas de concentraci\u00f3n. Al t\u00e9rmino del II Seminario se elabor\u00f3 un documento final.<\/p>\n<p>\t\t\t\t\t\t\t\t\tIII Seminario de Autoevaluaci\u00f3n PPLIN<\/p>\n<p><a href=\"https:\/\/www.youtube.com\/watch?v=pIUYdg9DudI\">Acceder a la grabaci\u00f3n del seminario.<\/a><\/p>\n<p>\t\t\t\t\t\t\t\t\tIV Seminario de Autoevaluaci\u00f3n del PPLIN<\/p>\n<p>En julio de 2023 se realiz\u00f3 el IV Seminario de Autoevaluaci\u00f3n del Programa. El programa incluy\u00f3 Grupos de Trabajo (GTs) conformados por docentes y estudiantes que se reunieron para discutir los siguientes temas: Educaci\u00f3n B\u00e1sica, Producci\u00f3n Estudiantil e Internacionalizaci\u00f3n. Al final de las discusiones se present\u00f3 un panel con las principales conclusiones y propuestas.<\/p>\n<h2>NOMBRAMIENTO DEL COMIT\u00c9 DE AUTOEVALUACI\u00d3N DEL PPLIN<\/h2>\n<p>\t\t\t<a href=\"https:\/\/www.pplinuerj.com.br\/wp-content\/uploads\/2024\/10\/SEI_85025125_Anexo_3___Nomeacao_Comissao_Autoavaliacao_PPLIN.pdf\" target=\"_blank\"><br \/>\n\t\t\t\t\t\t\t\t\tAcceder a<br \/>\n\t\t\t\t\t<\/a><\/p>\n<style>\/*! elementor - v3.23.0 - 05-08-2024 *\/\n.elementor-widget-google_maps .elementor-widget-container{overflow:hidden}.elementor-widget-google_maps .elementor-custom-embed{line-height:0}.elementor-widget-google_maps iframe{height:300px}<\/style>\n<p>\t\t\t<iframe loading=\"lazy\"\n\t\t\t\t\tsrc=\"https:\/\/maps.google.com\/maps?q=Rua%20Francisco%20Portela%2C%201470%2C%20Patronato%20CEP%2024435-005%2C%20S%C3%A3o%20Gon%C3%A7alo%2C%20RJ&#038;t=m&#038;z=15&#038;output=embed&#038;iwloc=near\"\n\t\t\t\t\ttitle=\"Rua Francisco Portela, 1470, Patronato CEP 24435-005, S\u00e3o Gon\u00e7alo, RJ\"\n\t\t\t\t\taria-label=\"Rua Francisco Portela, 1470, Patronato CEP 24435-005, S\u00e3o Gon\u00e7alo, RJ\"\n\t\t\t><\/iframe><\/p>\n<h2>Contato<\/h2>\n<link rel=\"stylesheet\" href=\"https:\/\/www.pplinuerj.com.br\/wp-content\/plugins\/elementor\/assets\/css\/widget-icon-box.min.css\">\n<h3>\n\t\t\t\t\t\t\tRua Francisco Portela, 1470, Patronato<br \/>CEP: 24.435-005, S\u00e3o Gon\u00e7alo, RJ<br \/>\n\t\t\t\t\t<\/h3>\n<h3>\n\t\t\t\t\t\t\t(21) 2728-7969<br \/>\n\t\t\t\t\t<\/h3>\n<h3>\n\t\t\t\t\t\t\tpplinuerj@gmail.com<br \/>\n\t\t\t\t\t<\/h3>\n","protected":false},"excerpt":{"rendered":"<p>Comit\u00e9 de Autoevaluaci\u00f3n Prof. Dr.\u00a0 Leonardo Mendes Profa. Dra.\u00a0 Norma Sueli Rosa Lima Introducci\u00f3n I Seminario de autoevaluaci\u00f3n de la PPLIN II Seminario de Autoevaluaci\u00f3n del PPLIN III Seminario de Autoevaluaci\u00f3n PPLIN IV Seminario de Autoevaluaci\u00f3n del PPLIN Introducci\u00f3n La autoevaluaci\u00f3n es un proceso fundamental para la mejora de la calidad y el seguimiento de &hellip;<\/p>\n<p class=\"read-more\"> <a class=\"\" href=\"https:\/\/www.pplinuerj.com.br\/es\/comissao-de-autoavaliacao\/\"> <span class=\"screen-reader-text\">Comiss\u00e3o de Autoavalia\u00e7\u00e3o<\/span> Read More &raquo;<\/a><\/p>\n","protected":false},"author":1,"featured_media":0,"parent":0,"menu_order":0,"comment_status":"closed","ping_status":"closed","template":"","meta":{"site-sidebar-layout":"no-sidebar","site-content-layout":"page-builder","ast-site-content-layout":"full-width-container","site-content-style":"default","site-sidebar-style":"default","ast-global-header-display":"","ast-banner-title-visibility":"","ast-main-header-display":"","ast-hfb-above-header-display":"","ast-hfb-below-header-display":"","ast-hfb-mobile-header-display":"","site-post-title":"disabled","ast-breadcrumbs-content":"","ast-featured-img":"disabled","footer-sml-layout":"","theme-transparent-header-meta":"","adv-header-id-meta":"","stick-header-meta":"","header-above-stick-meta":"","header-main-stick-meta":"","header-below-stick-meta":"","astra-migrate-meta-layouts":"set","footnotes":""},"class_list":["post-25254","page","type-page","status-publish","hentry"],"translation":{"provider":"WPGlobus","version":"3.0.0","language":"es","enabled_languages":["br","en","es"],"languages":{"br":{"title":true,"content":true,"excerpt":false},"en":{"title":true,"content":true,"excerpt":false},"es":{"title":false,"content":true,"excerpt":false}}},"_links":{"self":[{"href":"https:\/\/www.pplinuerj.com.br\/es\/wp-json\/wp\/v2\/pages\/25254","targetHints":{"allow":["GET"]}}],"collection":[{"href":"https:\/\/www.pplinuerj.com.br\/es\/wp-json\/wp\/v2\/pages"}],"about":[{"href":"https:\/\/www.pplinuerj.com.br\/es\/wp-json\/wp\/v2\/types\/page"}],"author":[{"embeddable":true,"href":"https:\/\/www.pplinuerj.com.br\/es\/wp-json\/wp\/v2\/users\/1"}],"replies":[{"embeddable":true,"href":"https:\/\/www.pplinuerj.com.br\/es\/wp-json\/wp\/v2\/comments?post=25254"}],"version-history":[{"count":43,"href":"https:\/\/www.pplinuerj.com.br\/es\/wp-json\/wp\/v2\/pages\/25254\/revisions"}],"predecessor-version":[{"id":26476,"href":"https:\/\/www.pplinuerj.com.br\/es\/wp-json\/wp\/v2\/pages\/25254\/revisions\/26476"}],"wp:attachment":[{"href":"https:\/\/www.pplinuerj.com.br\/es\/wp-json\/wp\/v2\/media?parent=25254"}],"curies":[{"name":"wp","href":"https:\/\/api.w.org\/{rel}","templated":true}]}}