{"id":25249,"date":"2024-01-08T10:19:37","date_gmt":"2024-01-08T13:19:37","guid":{"rendered":"https:\/\/www.pplinuerj.com.br\/?page_id=25249"},"modified":"2026-03-20T19:53:24","modified_gmt":"2026-03-20T22:53:24","slug":"comissao-de-bolsas","status":"publish","type":"page","link":"https:\/\/www.pplinuerj.com.br\/es\/comissao-de-bolsas\/","title":{"rendered":"Comiss\u00e3o de Bolsas"},"content":{"rendered":"<style>\/*! elementor - v3.23.0 - 05-08-2024 *\/\n.elementor-heading-title{padding:0;margin:0;line-height:1}.elementor-widget-heading .elementor-heading-title[class*=elementor-size-]>a{color:inherit;font-size:inherit;line-height:inherit}.elementor-widget-heading .elementor-heading-title.elementor-size-small{font-size:15px}.elementor-widget-heading .elementor-heading-title.elementor-size-medium{font-size:19px}.elementor-widget-heading .elementor-heading-title.elementor-size-large{font-size:29px}.elementor-widget-heading .elementor-heading-title.elementor-size-xl{font-size:39px}.elementor-widget-heading .elementor-heading-title.elementor-size-xxl{font-size:59px}<\/style>\n<h2>Comit\u00e9 de becas<\/h2>\n<h2>MIEMBROS<\/h2>\n<p>Prof. Dr.\u00a0<\/p>\n<h2>Paulo Cesar Silva Oliveira<\/h2>\n<p>Profa. Dra.\u00a0<\/p>\n<h2>Andrea Rodrigues<\/h2>\n<p>ESTUDIANTE<\/p>\n<h2>Beatriz de Almeida Quint\u00e3o<\/h2>\n<p>ESTUDIANTE<\/p>\n<h2>Juliana dos Santos Machado Azevedo<\/h2>\n<h2>NOMBRAMIENTO DEL COMIT\u00c9 DE BECAS PPLIN<\/h2>\n<p>\t\t\t<a href=\"https:\/\/www.pplinuerj.com.br\/wp-content\/uploads\/2024\/08\/SEI_80434926_Anexo_2-1.pdf\"><br \/>\n\t\t\t\t\t\t\t\t\tAcceso<br \/>\n\t\t\t\t\t<\/a><\/p>\n<style>\/*! elementor - v3.23.0 - 05-08-2024 *\/\n.elementor-widget-google_maps .elementor-widget-container{overflow:hidden}.elementor-widget-google_maps .elementor-custom-embed{line-height:0}.elementor-widget-google_maps iframe{height:300px}<\/style>\n<p>\t\t\t<iframe loading=\"lazy\"\n\t\t\t\t\tsrc=\"https:\/\/maps.google.com\/maps?q=Rua%20Francisco%20Portela%2C%201470%2C%20Patronato%20CEP%2024435-005%2C%20S%C3%A3o%20Gon%C3%A7alo%2C%20RJ&#038;t=m&#038;z=15&#038;output=embed&#038;iwloc=near\"\n\t\t\t\t\ttitle=\"Rua Francisco Portela, 1470, Patronato CEP 24435-005, S\u00e3o Gon\u00e7alo, RJ\"\n\t\t\t\t\taria-label=\"Rua Francisco Portela, 1470, Patronato CEP 24435-005, S\u00e3o Gon\u00e7alo, RJ\"\n\t\t\t><\/iframe><\/p>\n<h2>Contato<\/h2>\n<link rel=\"stylesheet\" href=\"https:\/\/www.pplinuerj.com.br\/wp-content\/plugins\/elementor\/assets\/css\/widget-icon-box.min.css\">\n<h3>\n\t\t\t\t\t\t\tRua Francisco Portela, 1470, Patronato<br \/>CEP: 24.435-005, S\u00e3o Gon\u00e7alo, RJ<br \/>\n\t\t\t\t\t<\/h3>\n<h3>\n\t\t\t\t\t\t\t(21) 2728-7969<br \/>\n\t\t\t\t\t<\/h3>\n<h3>\n\t\t\t\t\t\t\tpplinuerj@gmail.com<br \/>\n\t\t\t\t\t<\/h3>\n","protected":false},"excerpt":{"rendered":"<p>Comit\u00e9 de becas MIEMBROS Prof. Dr.\u00a0 Paulo Cesar Silva Oliveira Profa. Dra.\u00a0 Andrea Rodrigues ESTUDIANTE Beatriz de Almeida Quint\u00e3o ESTUDIANTE Juliana dos Santos Machado Azevedo NOMBRAMIENTO DEL COMIT\u00c9 DE BECAS PPLIN Acceso Contato Rua Francisco Portela, 1470, PatronatoCEP: 24.435-005, S\u00e3o Gon\u00e7alo, RJ (21) 2728-7969 pplinuerj@gmail.com<\/p>\n","protected":false},"author":1,"featured_media":0,"parent":0,"menu_order":0,"comment_status":"closed","ping_status":"closed","template":"","meta":{"site-sidebar-layout":"no-sidebar","site-content-layout":"page-builder","ast-site-content-layout":"full-width-container","site-content-style":"default","site-sidebar-style":"default","ast-global-header-display":"","ast-banner-title-visibility":"","ast-main-header-display":"","ast-hfb-above-header-display":"","ast-hfb-below-header-display":"","ast-hfb-mobile-header-display":"","site-post-title":"disabled","ast-breadcrumbs-content":"","ast-featured-img":"disabled","footer-sml-layout":"","theme-transparent-header-meta":"","adv-header-id-meta":"","stick-header-meta":"","header-above-stick-meta":"","header-main-stick-meta":"","header-below-stick-meta":"","astra-migrate-meta-layouts":"set","footnotes":""},"class_list":["post-25249","page","type-page","status-publish","hentry"],"translation":{"provider":"WPGlobus","version":"3.0.0","language":"es","enabled_languages":["br","en","es"],"languages":{"br":{"title":true,"content":true,"excerpt":false},"en":{"title":true,"content":true,"excerpt":false},"es":{"title":false,"content":true,"excerpt":false}}},"_links":{"self":[{"href":"https:\/\/www.pplinuerj.com.br\/es\/wp-json\/wp\/v2\/pages\/25249","targetHints":{"allow":["GET"]}}],"collection":[{"href":"https:\/\/www.pplinuerj.com.br\/es\/wp-json\/wp\/v2\/pages"}],"about":[{"href":"https:\/\/www.pplinuerj.com.br\/es\/wp-json\/wp\/v2\/types\/page"}],"author":[{"embeddable":true,"href":"https:\/\/www.pplinuerj.com.br\/es\/wp-json\/wp\/v2\/users\/1"}],"replies":[{"embeddable":true,"href":"https:\/\/www.pplinuerj.com.br\/es\/wp-json\/wp\/v2\/comments?post=25249"}],"version-history":[{"count":37,"href":"https:\/\/www.pplinuerj.com.br\/es\/wp-json\/wp\/v2\/pages\/25249\/revisions"}],"predecessor-version":[{"id":27491,"href":"https:\/\/www.pplinuerj.com.br\/es\/wp-json\/wp\/v2\/pages\/25249\/revisions\/27491"}],"wp:attachment":[{"href":"https:\/\/www.pplinuerj.com.br\/es\/wp-json\/wp\/v2\/media?parent=25249"}],"curies":[{"name":"wp","href":"https:\/\/api.w.org\/{rel}","templated":true}]}}