{"id":25126,"date":"2023-10-07T15:47:27","date_gmt":"2023-10-07T18:47:27","guid":{"rendered":"https:\/\/www.pplinuerj.com.br\/?page_id=25126"},"modified":"2026-02-25T08:01:03","modified_gmt":"2026-02-25T11:01:03","slug":"ebooks","status":"publish","type":"page","link":"https:\/\/www.pplinuerj.com.br\/es\/ebooks\/","title":{"rendered":"eBooks"},"content":{"rendered":"<style>\/*! elementor - v3.23.0 - 05-08-2024 *\/\n.elementor-heading-title{padding:0;margin:0;line-height:1}.elementor-widget-heading .elementor-heading-title[class*=elementor-size-]>a{color:inherit;font-size:inherit;line-height:inherit}.elementor-widget-heading .elementor-heading-title.elementor-size-small{font-size:15px}.elementor-widget-heading .elementor-heading-title.elementor-size-medium{font-size:19px}.elementor-widget-heading .elementor-heading-title.elementor-size-large{font-size:29px}.elementor-widget-heading .elementor-heading-title.elementor-size-xl{font-size:39px}.elementor-widget-heading .elementor-heading-title.elementor-size-xxl{font-size:59px}<\/style>\n<h2>otros libros electr\u00f3nicos<\/h2>\n<h2>Violencia verbal: interfaces, interacci\u00f3n e implicaciones sociales<\/h2>\n<h2>Victoria Wilson, Gysele Colombo y Caroline Abritta<\/h2>\n<p style=\"text-align: justify;\">Este libro es el resultado de una investigaci\u00f3n en el campo de la violencia verbal y se basa en 8 entrevistas con investigadores especializados en el tema. El objetivo de los organizadores es difundir los debates sobre un tema tan complejo como relevante, dado nuestro escenario contempor\u00e1neo. De este modo, esperamos contribuir a los estudios en el \u00e1mbito del discurso y las interacciones y sus interfaces con la descortes\u00eda, la comunicaci\u00f3n no violenta y la propia violencia verbal.<\/p>\n<p>\t\t\t<a href=\"https:\/\/www.pplinuerj.com.br\/wp-content\/uploads\/2024\/06\/Violencia_Verbal_10_06-003-w0xjru.pdf\" target=\"_blank\"><br \/>\n\t\t\t\t\t\t\t\t\tDESCARGAR<br \/>\n\t\t\t\t\t<\/a><\/p>\n<style>\/*! elementor - v3.23.0 - 05-08-2024 *\/\n.elementor-widget-image{text-align:center}.elementor-widget-image a{display:inline-block}.elementor-widget-image a img[src$=\".svg\"]{width:48px}.elementor-widget-image img{vertical-align:middle;display:inline-block}<\/style>\n<p>\t\t\t\t\t\t\t\t\t\t<img decoding=\"async\" src=\"https:\/\/www.pplinuerj.com.br\/wp-content\/uploads\/elementor\/thumbs\/Capa_Violencia_Verbal-qpw3xav4on6ii1hfynrp8g5evgx259jxwhnb78gi34.jpg\" title=\"Capa_Violencia_Verbal\" alt=\"Capa_Violencia_Verbal\" loading=\"lazy\" \/><br \/>\n\t\t\t\t\t\t\t\t\t\t\t\t\t<img decoding=\"async\" src=\"https:\/\/www.pplinuerj.com.br\/wp-content\/uploads\/elementor\/thumbs\/1574191797-qlhrtsw0c7o8h7lv8edpvumg5lys7r9mebbn5rr7tc.jpg\" title=\"1574191797\" alt=\"1574191797\" loading=\"lazy\" \/>\t\t\t\t\t\t\t\t\t\t\t\t\t<\/p>\n<h2>Literatura, Teor\u00eda, Historia: Di\u00e1logos<\/h2>\n<h2>Paulo C\u00e9sar Silva de Oliveira y Shirley Carreira (organizadores)<\/h2>\n<p style=\"text-align: justify;\">Esta colecci\u00f3n es el resultado de un esfuerzo reflexivo en torno a lo contempor\u00e1neo. Los autores, obras y teor\u00edas aqu\u00ed reunidos abordan un mundo cambiante que nos asombra. \u00abLiteratura, teor\u00eda, historia: di\u00e1logos\u00bb es una peque\u00f1a contribuci\u00f3n del departamento de Estudios Literarios del PPLIN al fortalecimiento del debate cr\u00edtico.<\/p>\n<p>\t\t\t<a href=\"https:\/\/www.pplinuerj.com.br\/wp-content\/uploads\/2023\/10\/Literatura-Teoria-Historia-Dialogos.pdf\" target=\"_blank\"><br \/>\n\t\t\t\t\t\t\t\t\tDESCARGAR<br \/>\n\t\t\t\t\t<\/a><\/p>\n<h2>(Re)escribir sin fronteras: perspectivas intermedias contempor\u00e1neas sobre la literatura y las artes visuales<\/h2>\n<h2>Brigitte Le Juez, Nina Shiel y Mark Wallace (Eds.)<\/h2>\n<p style=\"text-align: justify;\">Consulte el cap\u00edtulo 4, de la profesora Maria Cristina Cardoso Ribas, Estudios literarios.<\/p>\n<p style=\"text-align: justify;\">Releyendo la literatura en el cine contempor\u00e1neo: la intermedialidad en el relato de Machado de Assis \u00abPadre contra madre\u00bb (1906) y la pel\u00edcula de Sergio Bianchi \u00bfCu\u00e1nto vale o es por kilo? (2005)<\/p>\n<p style=\"text-align: justify;\">Maria Cristina Cardoso Ribas<\/p>\n<p>\t\t\t<a href=\"https:\/\/www.pplinuerj.com.br\/documentos\/Rewriting%20without%20borders%20book%20(2)%20(1).pdf\" target=\"_blank\"><br \/>\n\t\t\t\t\t\t\t\t\tDESCARGAR<br \/>\n\t\t\t\t\t<\/a><br \/>\n\t\t\t\t\t\t\t\t\t\t\t\t\t<img decoding=\"async\" src=\"https:\/\/www.pplinuerj.com.br\/wp-content\/uploads\/elementor\/thumbs\/Screen-Shot-12-05-18-at-12_13-AM_PNG-qlhrtsvzqaaawi756zad3d49tv32itncr5rz3js338.png\" title=\"Screen Shot 12-05-18 at 12_13 AM_PNG\" alt=\"Screen Shot 12-05-18 at 12_13 AM_PNG\" loading=\"lazy\" \/><br \/>\n\t\t\t\t\t\t\t\t\t\t\t\t\t<img fetchpriority=\"high\" decoding=\"async\" width=\"505\" height=\"375\" src=\"https:\/\/www.pplinuerj.com.br\/wp-content\/uploads\/2023\/10\/9f9e1e_c16eb2914b18482fa075db81b1ac78bbmv2_d_4000_3000_s_4_2.png\" alt=\"\" srcset=\"https:\/\/www.pplinuerj.com.br\/wp-content\/uploads\/2023\/10\/9f9e1e_c16eb2914b18482fa075db81b1ac78bbmv2_d_4000_3000_s_4_2.png 505w, https:\/\/www.pplinuerj.com.br\/wp-content\/uploads\/2023\/10\/9f9e1e_c16eb2914b18482fa075db81b1ac78bbmv2_d_4000_3000_s_4_2-300x223.png 300w\" sizes=\"(max-width: 505px) 100vw, 505px\" \/>\t\t\t\t\t\t\t\t\t\t\t\t\t<\/p>\n<h2>Estudios literarios contempor\u00e1neos: cuestiones y tendencias<\/h2>\n<h2>Organizadores: Paulo C\u00e9sar Oliveira; Shirley Carreira R\u00edo de Janeiro: UERJ\/FFP &#8211; 2017.<\/h2>\n<p style=\"text-align: justify;\">En este libro electr\u00f3nico, el lector encontrar\u00e1 reflexiones sobre la relaci\u00f3n entre literatura, teor\u00eda e historia, con especial atenci\u00f3n a la cr\u00edtica literaria y a los autores nacionales y extranjeros. La mayor\u00eda de los textos son de estudiantes de la Maestr\u00eda en Estudios Literarios del Programa de Postgrado en Literatura y Ling\u00fc\u00edstica, y proporcionan una visi\u00f3n del debate intelectual en el \u00e1rea de Literatura.<\/p>\n<p>\t\t\t<a href=\"https:\/\/www.pplinuerj.com.br\/wp-content\/uploads\/2023\/10\/Estudos-Literarios-na-contempor-OliveiraPaulo_-Carreira-Shirl-1.pdf\" target=\"_blank\"><br \/>\n\t\t\t\t\t\t\t\t\tDESCARGAR<br \/>\n\t\t\t\t\t<\/a><\/p>\n<h2>Deslocamentos, heterotopias, identidades: reflex\u00f5es sobre literatura, arte e diversidade<br \/>\n<\/h2>\n<h2>Organiza\u00e7\u00e3o: Shirley de Souza Gomes Carreira<br \/>\n<\/h2>\n<article>\n<p>Esta colet\u00e2nea de ensaios resulta do esfor\u00e7o de um grupo de pesquisadores em discutir o papel da arte em geral e da literatura em particular na configura\u00e7\u00e3o de um pensamento sobre o mundo em que a cr\u00edtica liter\u00e1ria desempenha papel fundamental. A diversidade \u00e9 o tema norteador dos cap\u00edtulos, que contemplam os tr\u00e2nsitos espaciais, culturais, identit\u00e1rios e textuais, bem como o papel dos espa\u00e7os heterot\u00f3picos como lugares de resist\u00eancia e cria\u00e7\u00e3o de novas subjetividades.<\/p>\n<\/article>\n<section><\/section>\n<p>\t\t\t<a href=\"https:\/\/pedroejoaoeditores.com.br\/produto\/deslocamentos-heterotopias-identidades-reflexoes-sobre-literatura-arte-e-diversidade\/\" target=\"_blank\"><br \/>\n\t\t\t\t\t\t\t\t\tDESCARGAR<br \/>\n\t\t\t\t\t<\/a><br \/>\n\t\t\t\t\t\t\t\t\t\t\t\t\t<img decoding=\"async\" src=\"https:\/\/www.pplinuerj.com.br\/wp-content\/uploads\/elementor\/thumbs\/WhatsApp-Image-2025-12-10-at-20.13.18_35f5f30d-rg0ghi1nzkxe332hh2girptb6q6rip3xuu2my5dwia.jpg\" title=\"WhatsApp Image 2025-12-10 at 20.13.18_35f5f30d\" alt=\"WhatsApp Image 2025-12-10 at 20.13.18_35f5f30d\" loading=\"lazy\" \/>\t\t\t\t\t\t\t\t\t\t\t\t\t<\/p>\n<style>\/*! elementor - v3.23.0 - 05-08-2024 *\/\n.elementor-widget-google_maps .elementor-widget-container{overflow:hidden}.elementor-widget-google_maps .elementor-custom-embed{line-height:0}.elementor-widget-google_maps iframe{height:300px}<\/style>\n<p>\t\t\t<iframe loading=\"lazy\"\n\t\t\t\t\tsrc=\"https:\/\/maps.google.com\/maps?q=Rua%20Francisco%20Portela%2C%201470%2C%20Patronato%20CEP%2024435-005%2C%20S%C3%A3o%20Gon%C3%A7alo%2C%20RJ&#038;t=m&#038;z=15&#038;output=embed&#038;iwloc=near\"\n\t\t\t\t\ttitle=\"Rua Francisco Portela, 1470, Patronato CEP 24435-005, S\u00e3o Gon\u00e7alo, RJ\"\n\t\t\t\t\taria-label=\"Rua Francisco Portela, 1470, Patronato CEP 24435-005, S\u00e3o Gon\u00e7alo, RJ\"\n\t\t\t><\/iframe><\/p>\n<h2>Contato<\/h2>\n<link rel=\"stylesheet\" href=\"https:\/\/www.pplinuerj.com.br\/wp-content\/plugins\/elementor\/assets\/css\/widget-icon-box.min.css\">\n<h3>\n\t\t\t\t\t\t\tRua Francisco Portela, 1470, Patronato<br \/>CEP: 24.435-005, S\u00e3o Gon\u00e7alo, RJ<br \/>\n\t\t\t\t\t<\/h3>\n<h3>\n\t\t\t\t\t\t\t(21) 2728-7969<br \/>\n\t\t\t\t\t<\/h3>\n<h3>\n\t\t\t\t\t\t\tpplinuerj@gmail.com<br \/>\n\t\t\t\t\t<\/h3>\n","protected":false},"excerpt":{"rendered":"<p>otros libros electr\u00f3nicos Violencia verbal: interfaces, interacci\u00f3n e implicaciones sociales Victoria Wilson, Gysele Colombo y Caroline Abritta Este libro es el resultado de una investigaci\u00f3n en el campo de la violencia verbal y se basa en 8 entrevistas con investigadores especializados en el tema. El objetivo de los organizadores es difundir los debates sobre un &hellip;<\/p>\n<p class=\"read-more\"> <a class=\"\" href=\"https:\/\/www.pplinuerj.com.br\/es\/ebooks\/\"> <span class=\"screen-reader-text\">eBooks<\/span> Read More &raquo;<\/a><\/p>\n","protected":false},"author":1,"featured_media":0,"parent":0,"menu_order":0,"comment_status":"closed","ping_status":"closed","template":"","meta":{"site-sidebar-layout":"no-sidebar","site-content-layout":"page-builder","ast-site-content-layout":"full-width-container","site-content-style":"default","site-sidebar-style":"default","ast-global-header-display":"","ast-banner-title-visibility":"","ast-main-header-display":"","ast-hfb-above-header-display":"","ast-hfb-below-header-display":"","ast-hfb-mobile-header-display":"","site-post-title":"disabled","ast-breadcrumbs-content":"","ast-featured-img":"disabled","footer-sml-layout":"","theme-transparent-header-meta":"","adv-header-id-meta":"","stick-header-meta":"","header-above-stick-meta":"","header-main-stick-meta":"","header-below-stick-meta":"","astra-migrate-meta-layouts":"set","footnotes":""},"class_list":["post-25126","page","type-page","status-publish","hentry"],"translation":{"provider":"WPGlobus","version":"3.0.0","language":"es","enabled_languages":["br","en","es"],"languages":{"br":{"title":true,"content":true,"excerpt":false},"en":{"title":true,"content":true,"excerpt":false},"es":{"title":false,"content":true,"excerpt":false}}},"_links":{"self":[{"href":"https:\/\/www.pplinuerj.com.br\/es\/wp-json\/wp\/v2\/pages\/25126","targetHints":{"allow":["GET"]}}],"collection":[{"href":"https:\/\/www.pplinuerj.com.br\/es\/wp-json\/wp\/v2\/pages"}],"about":[{"href":"https:\/\/www.pplinuerj.com.br\/es\/wp-json\/wp\/v2\/types\/page"}],"author":[{"embeddable":true,"href":"https:\/\/www.pplinuerj.com.br\/es\/wp-json\/wp\/v2\/users\/1"}],"replies":[{"embeddable":true,"href":"https:\/\/www.pplinuerj.com.br\/es\/wp-json\/wp\/v2\/comments?post=25126"}],"version-history":[{"count":25,"href":"https:\/\/www.pplinuerj.com.br\/es\/wp-json\/wp\/v2\/pages\/25126\/revisions"}],"predecessor-version":[{"id":27422,"href":"https:\/\/www.pplinuerj.com.br\/es\/wp-json\/wp\/v2\/pages\/25126\/revisions\/27422"}],"wp:attachment":[{"href":"https:\/\/www.pplinuerj.com.br\/es\/wp-json\/wp\/v2\/media?parent=25126"}],"curies":[{"name":"wp","href":"https:\/\/api.w.org\/{rel}","templated":true}]}}