{"id":25109,"date":"2023-10-07T15:22:25","date_gmt":"2023-10-07T18:22:25","guid":{"rendered":"https:\/\/www.pplinuerj.com.br\/?page_id=25109"},"modified":"2026-04-21T19:35:30","modified_gmt":"2026-04-21T22:35:30","slug":"poeticas-da-diversidade","status":"publish","type":"page","link":"https:\/\/www.pplinuerj.com.br\/es\/poeticas-da-diversidade\/","title":{"rendered":"Po\u00e9ticas da Diversidade"},"content":{"rendered":"<style>\/*! elementor - v3.23.0 - 05-08-2024 *\/\n.elementor-heading-title{padding:0;margin:0;line-height:1}.elementor-widget-heading .elementor-heading-title[class*=elementor-size-]>a{color:inherit;font-size:inherit;line-height:inherit}.elementor-widget-heading .elementor-heading-title.elementor-size-small{font-size:15px}.elementor-widget-heading .elementor-heading-title.elementor-size-medium{font-size:19px}.elementor-widget-heading .elementor-heading-title.elementor-size-large{font-size:29px}.elementor-widget-heading .elementor-heading-title.elementor-size-xl{font-size:39px}.elementor-widget-heading .elementor-heading-title.elementor-size-xxl{font-size:59px}<\/style>\n<h2>selo editorial po\u00e9ticas da diversidade<br \/>\n<\/h2>\n<p>O selo editorial Po\u00e9ticas da Diversidade \u2014 UERJ foi oficialmente criado em 2021, pelos l\u00edderes do Grupo de Pesquisa Po\u00e9ticas da Diversidade, com o objetivo de dar visibilidade \u00e0 produ\u00e7\u00e3o cient\u00edfica resultante de pesquisas realizadas no \u00e2mbito dos Estudos sobre a Diversidade n\u00e3o apenas na UERJ, mas tamb\u00e9m em di\u00e1logo com grupos e n\u00facleos de pesquisa de outras institui\u00e7\u00f5es de ensino superior do pa\u00eds.<\/p>\n<p><strong>Coordena\u00e7\u00e3o:\u00a0<\/strong>Shirley de Souza Gomes Carreira e\u00a0Paulo C\u00e9sar Silva de Oliveira<\/p>\n<style>\/*! elementor - v3.23.0 - 05-08-2024 *\/\n.elementor-widget-image{text-align:center}.elementor-widget-image a{display:inline-block}.elementor-widget-image a img[src$=\".svg\"]{width:48px}.elementor-widget-image img{vertical-align:middle;display:inline-block}<\/style>\n<p>\t\t\t\t\t\t\t\t\t\t<img fetchpriority=\"high\" decoding=\"async\" width=\"383\" height=\"450\" src=\"https:\/\/www.pplinuerj.com.br\/wp-content\/uploads\/2023\/10\/9f9e1e_c1bb27990fbb403487039cdb958c75d0mv2.jpeg\" alt=\"\" srcset=\"https:\/\/www.pplinuerj.com.br\/wp-content\/uploads\/2023\/10\/9f9e1e_c1bb27990fbb403487039cdb958c75d0mv2.jpeg 383w, https:\/\/www.pplinuerj.com.br\/wp-content\/uploads\/2023\/10\/9f9e1e_c1bb27990fbb403487039cdb958c75d0mv2-255x300.jpeg 255w\" sizes=\"(max-width: 383px) 100vw, 383px\" \/><br \/>\n\t\t\t\t\t\t\t\t\t\t\t\t\t<img decoding=\"async\" width=\"383\" height=\"458\" src=\"https:\/\/www.pplinuerj.com.br\/wp-content\/uploads\/2023\/10\/9f9e1e_b0ffe0c5999f4ab79519279ce4714336mv2.png\" alt=\"\" srcset=\"https:\/\/www.pplinuerj.com.br\/wp-content\/uploads\/2023\/10\/9f9e1e_b0ffe0c5999f4ab79519279ce4714336mv2.png 383w, https:\/\/www.pplinuerj.com.br\/wp-content\/uploads\/2023\/10\/9f9e1e_b0ffe0c5999f4ab79519279ce4714336mv2-251x300.png 251w\" sizes=\"(max-width: 383px) 100vw, 383px\" \/><br \/>\n\t\t\t\t\t\t\t\t\t\t\t\t\t<img decoding=\"async\" width=\"383\" height=\"458\" src=\"https:\/\/www.pplinuerj.com.br\/wp-content\/uploads\/2023\/10\/9f9e1e_68c18dd6e84c47f387c282c37a9160c6mv2.png\" alt=\"\" srcset=\"https:\/\/www.pplinuerj.com.br\/wp-content\/uploads\/2023\/10\/9f9e1e_68c18dd6e84c47f387c282c37a9160c6mv2.png 383w, https:\/\/www.pplinuerj.com.br\/wp-content\/uploads\/2023\/10\/9f9e1e_68c18dd6e84c47f387c282c37a9160c6mv2-251x300.png 251w\" sizes=\"(max-width: 383px) 100vw, 383px\" \/><br \/>\n\t\t\t<a href=\"https:\/\/seloeditorialpoeticasdadiversidade.files.wordpress.com\/2022\/03\/e-book_cadernos-de-literatura-e-diversidade-1-2.pdf\" target=\"_blank\"><br \/>\n\t\t\t\t\t\t\t\t\tCadernos de Literatura e Diversidade <br \/>Vol. 1<br \/>\n\t\t\t\t\t<\/a><br \/>\n\t\t\t<a href=\"https:\/\/seloeditorialpoeticasdadiversidade.files.wordpress.com\/2022\/12\/e-book_cadernos-de-literatura-e-diversidade-v.2.pdf\" target=\"_blank\"><br \/>\n\t\t\t\t\t\t\t\t\t Cadernos de Literatura e Diversidade  <br \/>Vol. 2<br \/>\n\t\t\t\t\t<\/a><br \/>\n\t\t\t<a href=\"https:\/\/seloeditorialpoeticasdadiversidade.files.wordpress.com\/2022\/12\/e-book-cadernos_de_literatura_e_diversidade-v.-3-1.pdf\" target=\"_blank\"><br \/>\n\t\t\t\t\t\t\t\t\t Cadernos de Literatura e Diversidade  <br \/>Vol. 3<br \/>\n\t\t\t\t\t<\/a><br \/>\n\t\t\t\t\t\t\t\t\t\t\t\t\t<img decoding=\"async\" src=\"https:\/\/www.pplinuerj.com.br\/wp-content\/uploads\/elementor\/thumbs\/9f9e1e_f823acebfc8f4f81a5c9546c6096c18cmv2-qlhrtsw0y5261x0l9th2oc4mhcuhwovw1gvb7zqcjq.jpeg\" title=\"9f9e1e_f823acebfc8f4f81a5c9546c6096c18c~mv2\" alt=\"9f9e1e_f823acebfc8f4f81a5c9546c6096c18c~mv2\" loading=\"lazy\" \/><br \/>\n\t\t\t\t\t\t\t\t\t\t\t\t\t<img decoding=\"async\" src=\"https:\/\/www.pplinuerj.com.br\/wp-content\/uploads\/elementor\/thumbs\/9f9e1e_8e624d2f3c1a4c7382b0537312eb2a88mv2-qlhrtttv4z3gdiz84bvp8tw32qpv4dzmdlisp9oycy.webp\" title=\"9f9e1e_8e624d2f3c1a4c7382b0537312eb2a88~mv2\" alt=\"9f9e1e_8e624d2f3c1a4c7382b0537312eb2a88~mv2\" loading=\"lazy\" \/><br \/>\n\t\t\t\t\t\t\t\t\t\t\t\t\t<img decoding=\"async\" src=\"https:\/\/www.pplinuerj.com.br\/wp-content\/uploads\/elementor\/thumbs\/Imagem-do-WhatsApp-de-2024-03-07-as-07.30.46_505c94df-e1710435767351-qlhrtttunfl3wyng3707t8oqtcew61ht29vv1w41xm.jpg\" title=\"Imagem do WhatsApp de 2024-03-07 \u00e0(s) 07.30.46_505c94df\" alt=\"Imagem do WhatsApp de 2024-03-07 \u00e0(s) 07.30.46_505c94df\" loading=\"lazy\" \/><br \/>\n\t\t\t<a href=\"https:\/\/www.pplinuerj.com.br\/wp-content\/uploads\/2023\/10\/E-book-_Cadernos-de-Literatura-e-Diversidade-4.pdf\" target=\"_blank\"><br \/>\n\t\t\t\t\t\t\t\t\tCadernos de Literatura e Diversidade  <br \/>Vol. 4<br \/>\n\t\t\t\t\t<\/a><br \/>\n\t\t\t<a href=\"https:\/\/www.pplinuerj.com.br\/wp-content\/uploads\/2024\/02\/e-book-cadernos-de-literatura-e-diversidade-5.pdf\" target=\"_blank\"><br \/>\n\t\t\t\t\t\t\t\t\tCadernos de Literatura e Diversidade  <br \/>Vol. 5<br \/>\n\t\t\t\t\t<\/a><br \/>\n\t\t\t<a href=\"https:\/\/www.pplinuerj.com.br\/wp-content\/uploads\/2024\/02\/Cadernos%20de%20Literatura%20e%20Diversidade%206.pdf\" target=\"_blank\"><br \/>\n\t\t\t\t\t\t\t\t\tCadernos de Literatura e Diversidade  <br \/>Vol. 6<br \/>\n\t\t\t\t\t<\/a><br \/>\n\t\t\t\t\t\t\t\t\t\t\t\t\t<img decoding=\"async\" src=\"https:\/\/www.pplinuerj.com.br\/wp-content\/uploads\/elementor\/thumbs\/WhatsApp-Image-2024-05-30-at-10.26.45-e1717287221686-qp1jz9jexqgc21uboovj1did7olnmx3c0ekva2v10y.jpeg\" title=\"WhatsApp Image 2024-05-30 at 10.26.45\" alt=\"WhatsApp Image 2024-05-30 at 10.26.45\" loading=\"lazy\" \/><br \/>\n\t\t\t\t\t\t\t\t\t\t\t\t\t<img decoding=\"async\" src=\"https:\/\/www.pplinuerj.com.br\/wp-content\/uploads\/elementor\/thumbs\/WhatsApp-Image-2024-09-12-at-22.02.01-e1726225808935-qu1my3dnoxfeo0g9ixjlsisg64mmkxmipyfp9jvu4i.jpeg\" title=\"WhatsApp Image 2024-09-12 at 22.02.01\" alt=\"WhatsApp Image 2024-09-12 at 22.02.01\" loading=\"lazy\" \/><br \/>\n\t\t\t\t\t\t\t\t\t\t\t\t\t<img decoding=\"async\" src=\"https:\/\/www.pplinuerj.com.br\/wp-content\/uploads\/elementor\/thumbs\/WhatsApp-Image-2025-01-03-at-09.39.12-e1735910236588-qzgquuw6g0zvynx48tjic6zvrwycpf31uvlesbx20q.jpeg\" title=\"WhatsApp Image 2025-01-03 at 09.39.12\" alt=\"WhatsApp Image 2025-01-03 at 09.39.12\" loading=\"lazy\" \/><br \/>\n\t\t\t<a href=\"https:\/\/www.pplinuerj.com.br\/wp-content\/uploads\/2024\/06\/E-book-Cadernos-de-Literatura-e-Diversidade-7.pdf\" target=\"_blank\"><br \/>\n\t\t\t\t\t\t\t\t\tCadernos de Literatura e Diversidade<br \/> Vol. 7<br \/>\n\t\t\t\t\t<\/a><br \/>\n\t\t\t<a href=\"https:\/\/www.pplinuerj.com.br\/wp-content\/uploads\/2024\/09\/E-book-Cadernos-de-Literatura-e-Diversidade-8-2.pdf\" target=\"_blank\"><br \/>\n\t\t\t\t\t\t\t\t\tCadernos de Literatura e Diversidade<br \/>Vol. 8<br \/>\n\t\t\t\t\t<\/a><br \/>\n\t\t\t<a href=\"https:\/\/www.pplinuerj.com.br\/wp-content\/uploads\/2025\/01\/E-book-Cadernos-de-Literatura-e-Diversidade-v.9.pdf\" target=\"_blank\"><br \/>\n\t\t\t\t\t\t\t\t\tCadernos de Literatura e Diversidade<br \/>Vol. 9<br \/>\n\t\t\t\t\t<\/a><\/p>\n<h2>Cole\u00e7\u00e3o Novas Vozes<\/h2>\n<p>\t\t\t\t\t\t\t\t\t\t\t\t\t<img loading=\"lazy\" decoding=\"async\" width=\"306\" height=\"343\" src=\"https:\/\/www.pplinuerj.com.br\/wp-content\/uploads\/2024\/03\/9f9e1e_c77ea6b7c5a5424db2b5cb7cc5be5d17mv2.webp\" alt=\"\" srcset=\"https:\/\/www.pplinuerj.com.br\/wp-content\/uploads\/2024\/03\/9f9e1e_c77ea6b7c5a5424db2b5cb7cc5be5d17mv2.webp 306w, https:\/\/www.pplinuerj.com.br\/wp-content\/uploads\/2024\/03\/9f9e1e_c77ea6b7c5a5424db2b5cb7cc5be5d17mv2-268x300.webp 268w\" sizes=\"(max-width: 306px) 100vw, 306px\" \/><br \/>\n\t\t\t<a href=\"http:\/\/e-book-bernardes-erick_-caterva_o-intelectual-graciliano-ramos-em-memorias-do-carcere.pdf\" target=\"_blank\"><br \/>\n\t\t\t\t\t\t\t\t\t Caterva: O intelectual Graciliano Ramos em Mem\u00f3rias do c\u00e1rcere<br \/>\n\t\t\t\t\t<\/a><\/p>\n<h2>COLET\u00c2NEAS<\/h2>\n<p>\t\t\t\t\t\t\t\t\t\t\t\t\t<img loading=\"lazy\" decoding=\"async\" width=\"1024\" height=\"944\" src=\"https:\/\/www.pplinuerj.com.br\/wp-content\/uploads\/2024\/05\/WhatsApp-Image-2024-05-13-at-09.03.26-1024x944.jpeg\" alt=\"\" srcset=\"https:\/\/www.pplinuerj.com.br\/wp-content\/uploads\/2024\/05\/WhatsApp-Image-2024-05-13-at-09.03.26-1024x944.jpeg 1024w, https:\/\/www.pplinuerj.com.br\/wp-content\/uploads\/2024\/05\/WhatsApp-Image-2024-05-13-at-09.03.26-300x277.jpeg 300w, https:\/\/www.pplinuerj.com.br\/wp-content\/uploads\/2024\/05\/WhatsApp-Image-2024-05-13-at-09.03.26-768x708.jpeg 768w, https:\/\/www.pplinuerj.com.br\/wp-content\/uploads\/2024\/05\/WhatsApp-Image-2024-05-13-at-09.03.26.jpeg 1500w\" sizes=\"(max-width: 1024px) 100vw, 1024px\" \/><br \/>\n\t\t\t<a href=\"https:\/\/www.pplinuerj.com.br\/wp-content\/uploads\/2024\/06\/E-book-Literatura-e-Diversidade_multiplos-olhares.pdf\" target=\"_blank\"><br \/>\n\t\t\t\t\t\t\t\t\tLiteratura<br \/>e diversidade<br \/>\n\t\t\t\t\t<\/a><br \/>\n\t\t\t\t\t\t\t\t\t\t\t\t\t<img decoding=\"async\" src=\"https:\/\/www.pplinuerj.com.br\/wp-content\/uploads\/elementor\/thumbs\/WhatsApp-Image-2025-02-19-at-18.55.25-e1740086195314-r1svlaqf36eqp6dq2cn8e7fd9xwngips9teamom1a8.jpeg\" title=\"WhatsApp Image 2025-02-19 at 18.55.25\" alt=\"WhatsApp Image 2025-02-19 at 18.55.25\" loading=\"lazy\" \/><br \/>\n\t\t\t<a href=\"https:\/\/acrobat.adobe.com\/id\/urn:aaid:sc:VA6C2:13a9fd87-aa00-474a-846d-2245a75e07a0\" target=\"_blank\"><br \/>\n\t\t\t\t\t\t\t\t\tPoetics of Diversity: Multiple Perspectives\u00a0in\u00a0Literature<br \/>\n\t\t\t\t\t<\/a><br \/>\n\t\t\t<a href=\"https:\/\/seloeditorialpoeticasdadiversidade.wordpress.com\/\" target=\"_blank\"><br \/>\n\t\t\t\t\t\t\t\t\tSAIBA MAIS<br \/>\n\t\t\t\t\t<\/a><\/p>\n<style>\/*! elementor - v3.23.0 - 05-08-2024 *\/\n.elementor-widget-google_maps .elementor-widget-container{overflow:hidden}.elementor-widget-google_maps .elementor-custom-embed{line-height:0}.elementor-widget-google_maps iframe{height:300px}<\/style>\n<p>\t\t\t<iframe loading=\"lazy\"\n\t\t\t\t\tsrc=\"https:\/\/maps.google.com\/maps?q=Rua%20Francisco%20Portela%2C%201470%2C%20Patronato%20CEP%2024435-005%2C%20S%C3%A3o%20Gon%C3%A7alo%2C%20RJ&#038;t=m&#038;z=15&#038;output=embed&#038;iwloc=near\"\n\t\t\t\t\ttitle=\"Rua Francisco Portela, 1470, Patronato CEP 24435-005, S\u00e3o Gon\u00e7alo, RJ\"\n\t\t\t\t\taria-label=\"Rua Francisco Portela, 1470, Patronato CEP 24435-005, S\u00e3o Gon\u00e7alo, RJ\"\n\t\t\t><\/iframe><\/p>\n<h2>Contato<\/h2>\n<link rel=\"stylesheet\" href=\"https:\/\/www.pplinuerj.com.br\/wp-content\/plugins\/elementor\/assets\/css\/widget-icon-box.min.css\">\n<h3>\n\t\t\t\t\t\t\tRua Francisco Portela, 1470, Patronato<br \/>CEP: 24.435-005, S\u00e3o Gon\u00e7alo, RJ<br \/>\n\t\t\t\t\t<\/h3>\n<h3>\n\t\t\t\t\t\t\t(21) 2728-7969<br \/>\n\t\t\t\t\t<\/h3>\n<h3>\n\t\t\t\t\t\t\tpplinuerj@gmail.com<br \/>\n\t\t\t\t\t<\/h3>\n","protected":false},"excerpt":{"rendered":"<p>selo editorial po\u00e9ticas da diversidade O selo editorial Po\u00e9ticas da Diversidade \u2014 UERJ foi oficialmente criado em 2021, pelos l\u00edderes do Grupo de Pesquisa Po\u00e9ticas da Diversidade, com o objetivo de dar visibilidade \u00e0 produ\u00e7\u00e3o cient\u00edfica resultante de pesquisas realizadas no \u00e2mbito dos Estudos sobre a Diversidade n\u00e3o apenas na UERJ, mas tamb\u00e9m em di\u00e1logo &hellip;<\/p>\n<p class=\"read-more\"> <a class=\"\" href=\"https:\/\/www.pplinuerj.com.br\/es\/poeticas-da-diversidade\/\"> <span class=\"screen-reader-text\">Po\u00e9ticas da Diversidade<\/span> Read More &raquo;<\/a><\/p>\n","protected":false},"author":1,"featured_media":0,"parent":0,"menu_order":0,"comment_status":"closed","ping_status":"closed","template":"","meta":{"site-sidebar-layout":"no-sidebar","site-content-layout":"page-builder","ast-site-content-layout":"full-width-container","site-content-style":"default","site-sidebar-style":"default","ast-global-header-display":"","ast-banner-title-visibility":"","ast-main-header-display":"","ast-hfb-above-header-display":"","ast-hfb-below-header-display":"","ast-hfb-mobile-header-display":"","site-post-title":"disabled","ast-breadcrumbs-content":"","ast-featured-img":"disabled","footer-sml-layout":"","theme-transparent-header-meta":"","adv-header-id-meta":"","stick-header-meta":"","header-above-stick-meta":"","header-main-stick-meta":"","header-below-stick-meta":"","astra-migrate-meta-layouts":"set","footnotes":""},"class_list":["post-25109","page","type-page","status-publish","hentry"],"translation":{"provider":"WPGlobus","version":"3.0.0","language":"es","enabled_languages":["br","en","es"],"languages":{"br":{"title":true,"content":true,"excerpt":false},"en":{"title":true,"content":true,"excerpt":false},"es":{"title":false,"content":true,"excerpt":false}}},"_links":{"self":[{"href":"https:\/\/www.pplinuerj.com.br\/es\/wp-json\/wp\/v2\/pages\/25109","targetHints":{"allow":["GET"]}}],"collection":[{"href":"https:\/\/www.pplinuerj.com.br\/es\/wp-json\/wp\/v2\/pages"}],"about":[{"href":"https:\/\/www.pplinuerj.com.br\/es\/wp-json\/wp\/v2\/types\/page"}],"author":[{"embeddable":true,"href":"https:\/\/www.pplinuerj.com.br\/es\/wp-json\/wp\/v2\/users\/1"}],"replies":[{"embeddable":true,"href":"https:\/\/www.pplinuerj.com.br\/es\/wp-json\/wp\/v2\/comments?post=25109"}],"version-history":[{"count":88,"href":"https:\/\/www.pplinuerj.com.br\/es\/wp-json\/wp\/v2\/pages\/25109\/revisions"}],"predecessor-version":[{"id":27541,"href":"https:\/\/www.pplinuerj.com.br\/es\/wp-json\/wp\/v2\/pages\/25109\/revisions\/27541"}],"wp:attachment":[{"href":"https:\/\/www.pplinuerj.com.br\/es\/wp-json\/wp\/v2\/media?parent=25109"}],"curies":[{"name":"wp","href":"https:\/\/api.w.org\/{rel}","templated":true}]}}