{"id":25093,"date":"2023-10-07T15:09:53","date_gmt":"2023-10-07T18:09:53","guid":{"rendered":"https:\/\/www.pplinuerj.com.br\/?page_id=25093"},"modified":"2025-01-15T13:03:56","modified_gmt":"2025-01-15T16:03:56","slug":"revista-soletras","status":"publish","type":"page","link":"https:\/\/www.pplinuerj.com.br\/es\/revista-soletras\/","title":{"rendered":"Revista SOLETRAS"},"content":{"rendered":"<style>\/*! elementor - v3.23.0 - 05-08-2024 *\/\n.elementor-heading-title{padding:0;margin:0;line-height:1}.elementor-widget-heading .elementor-heading-title[class*=elementor-size-]>a{color:inherit;font-size:inherit;line-height:inherit}.elementor-widget-heading .elementor-heading-title.elementor-size-small{font-size:15px}.elementor-widget-heading .elementor-heading-title.elementor-size-medium{font-size:19px}.elementor-widget-heading .elementor-heading-title.elementor-size-large{font-size:29px}.elementor-widget-heading .elementor-heading-title.elementor-size-xl{font-size:39px}.elementor-widget-heading .elementor-heading-title.elementor-size-xxl{font-size:59px}<\/style>\n<h2>Revista SOLETRAS<\/h2>\n<p>SOLETRAS es una revista electr\u00f3nica del Programa de Postgrado en Letras y Ling\u00fc\u00edstica (PPLIN), vinculado al Departamento de Letras (DEL) de la Facultad de Formaci\u00f3n del Profesorado de la Universidad del Estado de R\u00edo de Janeiro (FFP\/UERJ). La revista, de periodicidad semestral y acceso gratuito, pretende fomentar el debate cient\u00edfico en las diversas \u00e1reas de conocimiento del programa, as\u00ed como divulgar los resultados de trabajos in\u00e9ditos de profesores e investigadores vinculados a instituciones de ense\u00f1anza e investigaci\u00f3n nacionales o internacionales, as\u00ed como de la comunidad cient\u00edfica en general. Los n\u00fameros se organizan en forma de dossier, con ediciones que intercalan Estudios Literarios y Estudios Ling\u00fc\u00edsticos.<\/p>\n<p>S\u00f3lo se aceptar\u00e1n trabajos presentados por investigadores doctores o, en caso de coautor\u00eda, por estudiantes de m\u00e1ster\/doctorado en colaboraci\u00f3n con un segundo investigador doctor.<\/p>\n<p><strong>e-ISSN:<\/strong> 2316-8838<\/p>\n<p><strong>A\u00f1o de creaci\u00f3n:<\/strong> 2012 &#8211; electr\u00f3nico<\/p>\n<p><strong>Campo de especializaci\u00f3n:<\/strong> Ling\u00fc\u00edstica y Literatura\u00a0<\/p>\n<p><strong>Cualificaci\u00f3n:<\/strong> A3<\/p>\n<p>\t\t\t<a href=\"http:\/\/www.e-publicacoes.uerj.br\/index.php\/soletras\" target=\"_blank\"><br \/>\n\t\t\t\t\t\t\t\t\tAcceder al sitio<br \/>\n\t\t\t\t\t<\/a><\/p>\n<style>\/*! elementor - v3.23.0 - 05-08-2024 *\/\n.elementor-widget-image{text-align:center}.elementor-widget-image a{display:inline-block}.elementor-widget-image a img[src$=\".svg\"]{width:48px}.elementor-widget-image img{vertical-align:middle;display:inline-block}<\/style>\n<p>\t\t\t\t\t\t\t\t\t\t<img fetchpriority=\"high\" decoding=\"async\" width=\"411\" height=\"575\" src=\"https:\/\/www.pplinuerj.com.br\/wp-content\/uploads\/2023\/10\/9f9e1e_0ecc1a54bab34216a1484d998f5adb8a.jpg\" alt=\"\" srcset=\"https:\/\/www.pplinuerj.com.br\/wp-content\/uploads\/2023\/10\/9f9e1e_0ecc1a54bab34216a1484d998f5adb8a.jpg 411w, https:\/\/www.pplinuerj.com.br\/wp-content\/uploads\/2023\/10\/9f9e1e_0ecc1a54bab34216a1484d998f5adb8a-214x300.jpg 214w\" sizes=\"(max-width: 411px) 100vw, 411px\" \/>\t\t\t\t\t\t\t\t\t\t\t\t\t<\/p>\n<style>\/*! elementor - v3.23.0 - 05-08-2024 *\/\n.elementor-widget-google_maps .elementor-widget-container{overflow:hidden}.elementor-widget-google_maps .elementor-custom-embed{line-height:0}.elementor-widget-google_maps iframe{height:300px}<\/style>\n<p>\t\t\t<iframe loading=\"lazy\"\n\t\t\t\t\tsrc=\"https:\/\/maps.google.com\/maps?q=Rua%20Francisco%20Portela%2C%201470%2C%20Patronato%20CEP%2024435-005%2C%20S%C3%A3o%20Gon%C3%A7alo%2C%20RJ&#038;t=m&#038;z=15&#038;output=embed&#038;iwloc=near\"\n\t\t\t\t\ttitle=\"Rua Francisco Portela, 1470, Patronato CEP 24435-005, S\u00e3o Gon\u00e7alo, RJ\"\n\t\t\t\t\taria-label=\"Rua Francisco Portela, 1470, Patronato CEP 24435-005, S\u00e3o Gon\u00e7alo, RJ\"\n\t\t\t><\/iframe><\/p>\n<h2>Contato<\/h2>\n<link rel=\"stylesheet\" href=\"https:\/\/www.pplinuerj.com.br\/wp-content\/plugins\/elementor\/assets\/css\/widget-icon-box.min.css\">\n<h3>\n\t\t\t\t\t\t\tRua Francisco Portela, 1470, Patronato<br \/>CEP: 24.435-005, S\u00e3o Gon\u00e7alo, RJ<br \/>\n\t\t\t\t\t<\/h3>\n<h3>\n\t\t\t\t\t\t\t(21) 2728-7969<br \/>\n\t\t\t\t\t<\/h3>\n<h3>\n\t\t\t\t\t\t\tpplinuerj@gmail.com<br \/>\n\t\t\t\t\t<\/h3>\n","protected":false},"excerpt":{"rendered":"<p>Revista SOLETRAS SOLETRAS es una revista electr\u00f3nica del Programa de Postgrado en Letras y Ling\u00fc\u00edstica (PPLIN), vinculado al Departamento de Letras (DEL) de la Facultad de Formaci\u00f3n del Profesorado de la Universidad del Estado de R\u00edo de Janeiro (FFP\/UERJ). La revista, de periodicidad semestral y acceso gratuito, pretende fomentar el debate cient\u00edfico en las diversas &hellip;<\/p>\n<p class=\"read-more\"> <a class=\"\" href=\"https:\/\/www.pplinuerj.com.br\/es\/revista-soletras\/\"> <span class=\"screen-reader-text\">Revista SOLETRAS<\/span> Read More &raquo;<\/a><\/p>\n","protected":false},"author":1,"featured_media":0,"parent":0,"menu_order":0,"comment_status":"closed","ping_status":"closed","template":"","meta":{"site-sidebar-layout":"no-sidebar","site-content-layout":"page-builder","ast-site-content-layout":"full-width-container","site-content-style":"default","site-sidebar-style":"default","ast-global-header-display":"","ast-banner-title-visibility":"","ast-main-header-display":"","ast-hfb-above-header-display":"","ast-hfb-below-header-display":"","ast-hfb-mobile-header-display":"","site-post-title":"disabled","ast-breadcrumbs-content":"","ast-featured-img":"disabled","footer-sml-layout":"","theme-transparent-header-meta":"","adv-header-id-meta":"","stick-header-meta":"","header-above-stick-meta":"","header-main-stick-meta":"","header-below-stick-meta":"","astra-migrate-meta-layouts":"set","footnotes":""},"class_list":["post-25093","page","type-page","status-publish","hentry"],"translation":{"provider":"WPGlobus","version":"3.0.0","language":"es","enabled_languages":["br","en","es"],"languages":{"br":{"title":true,"content":true,"excerpt":false},"en":{"title":true,"content":true,"excerpt":false},"es":{"title":false,"content":true,"excerpt":false}}},"_links":{"self":[{"href":"https:\/\/www.pplinuerj.com.br\/es\/wp-json\/wp\/v2\/pages\/25093","targetHints":{"allow":["GET"]}}],"collection":[{"href":"https:\/\/www.pplinuerj.com.br\/es\/wp-json\/wp\/v2\/pages"}],"about":[{"href":"https:\/\/www.pplinuerj.com.br\/es\/wp-json\/wp\/v2\/types\/page"}],"author":[{"embeddable":true,"href":"https:\/\/www.pplinuerj.com.br\/es\/wp-json\/wp\/v2\/users\/1"}],"replies":[{"embeddable":true,"href":"https:\/\/www.pplinuerj.com.br\/es\/wp-json\/wp\/v2\/comments?post=25093"}],"version-history":[{"count":13,"href":"https:\/\/www.pplinuerj.com.br\/es\/wp-json\/wp\/v2\/pages\/25093\/revisions"}],"predecessor-version":[{"id":26077,"href":"https:\/\/www.pplinuerj.com.br\/es\/wp-json\/wp\/v2\/pages\/25093\/revisions\/26077"}],"wp:attachment":[{"href":"https:\/\/www.pplinuerj.com.br\/es\/wp-json\/wp\/v2\/media?parent=25093"}],"curies":[{"name":"wp","href":"https:\/\/api.w.org\/{rel}","templated":true}]}}