{"id":25051,"date":"2023-10-07T13:39:52","date_gmt":"2023-10-07T16:39:52","guid":{"rendered":"https:\/\/www.pplinuerj.com.br\/?page_id=25051"},"modified":"2025-06-05T10:40:04","modified_gmt":"2025-06-05T13:40:04","slug":"formularios","status":"publish","type":"page","link":"https:\/\/www.pplinuerj.com.br\/es\/formularios\/","title":{"rendered":"Formul\u00e1rios"},"content":{"rendered":"<style>\/*! elementor - v3.23.0 - 05-08-2024 *\/\n.elementor-heading-title{padding:0;margin:0;line-height:1}.elementor-widget-heading .elementor-heading-title[class*=elementor-size-]>a{color:inherit;font-size:inherit;line-height:inherit}.elementor-widget-heading .elementor-heading-title.elementor-size-small{font-size:15px}.elementor-widget-heading .elementor-heading-title.elementor-size-medium{font-size:19px}.elementor-widget-heading .elementor-heading-title.elementor-size-large{font-size:29px}.elementor-widget-heading .elementor-heading-title.elementor-size-xl{font-size:39px}.elementor-widget-heading .elementor-heading-title.elementor-size-xxl{font-size:59px}<\/style>\n<h2>Formularios<\/h2>\n<h2>Formularios<\/h2>\n<style>\/*! elementor - v3.23.0 - 05-08-2024 *\/\n.elementor-widget-divider{--divider-border-style:none;--divider-border-width:1px;--divider-color:#0c0d0e;--divider-icon-size:20px;--divider-element-spacing:10px;--divider-pattern-height:24px;--divider-pattern-size:20px;--divider-pattern-url:none;--divider-pattern-repeat:repeat-x}.elementor-widget-divider .elementor-divider{display:flex}.elementor-widget-divider .elementor-divider__text{font-size:15px;line-height:1;max-width:95%}.elementor-widget-divider .elementor-divider__element{margin:0 var(--divider-element-spacing);flex-shrink:0}.elementor-widget-divider .elementor-icon{font-size:var(--divider-icon-size)}.elementor-widget-divider .elementor-divider-separator{display:flex;margin:0;direction:ltr}.elementor-widget-divider--view-line_icon .elementor-divider-separator,.elementor-widget-divider--view-line_text .elementor-divider-separator{align-items:center}.elementor-widget-divider--view-line_icon .elementor-divider-separator:after,.elementor-widget-divider--view-line_icon .elementor-divider-separator:before,.elementor-widget-divider--view-line_text .elementor-divider-separator:after,.elementor-widget-divider--view-line_text .elementor-divider-separator:before{display:block;content:\"\";border-block-end:0;flex-grow:1;border-block-start:var(--divider-border-width) var(--divider-border-style) var(--divider-color)}.elementor-widget-divider--element-align-left .elementor-divider .elementor-divider-separator>.elementor-divider__svg:first-of-type{flex-grow:0;flex-shrink:100}.elementor-widget-divider--element-align-left .elementor-divider-separator:before{content:none}.elementor-widget-divider--element-align-left .elementor-divider__element{margin-left:0}.elementor-widget-divider--element-align-right .elementor-divider .elementor-divider-separator>.elementor-divider__svg:last-of-type{flex-grow:0;flex-shrink:100}.elementor-widget-divider--element-align-right .elementor-divider-separator:after{content:none}.elementor-widget-divider--element-align-right .elementor-divider__element{margin-right:0}.elementor-widget-divider--element-align-start .elementor-divider .elementor-divider-separator>.elementor-divider__svg:first-of-type{flex-grow:0;flex-shrink:100}.elementor-widget-divider--element-align-start .elementor-divider-separator:before{content:none}.elementor-widget-divider--element-align-start .elementor-divider__element{margin-inline-start:0}.elementor-widget-divider--element-align-end .elementor-divider .elementor-divider-separator>.elementor-divider__svg:last-of-type{flex-grow:0;flex-shrink:100}.elementor-widget-divider--element-align-end .elementor-divider-separator:after{content:none}.elementor-widget-divider--element-align-end .elementor-divider__element{margin-inline-end:0}.elementor-widget-divider:not(.elementor-widget-divider--view-line_text):not(.elementor-widget-divider--view-line_icon) .elementor-divider-separator{border-block-start:var(--divider-border-width) var(--divider-border-style) var(--divider-color)}.elementor-widget-divider--separator-type-pattern{--divider-border-style:none}.elementor-widget-divider--separator-type-pattern.elementor-widget-divider--view-line .elementor-divider-separator,.elementor-widget-divider--separator-type-pattern:not(.elementor-widget-divider--view-line) .elementor-divider-separator:after,.elementor-widget-divider--separator-type-pattern:not(.elementor-widget-divider--view-line) .elementor-divider-separator:before,.elementor-widget-divider--separator-type-pattern:not([class*=elementor-widget-divider--view]) .elementor-divider-separator{width:100%;min-height:var(--divider-pattern-height);-webkit-mask-size:var(--divider-pattern-size) 100%;mask-size:var(--divider-pattern-size) 100%;-webkit-mask-repeat:var(--divider-pattern-repeat);mask-repeat:var(--divider-pattern-repeat);background-color:var(--divider-color);-webkit-mask-image:var(--divider-pattern-url);mask-image:var(--divider-pattern-url)}.elementor-widget-divider--no-spacing{--divider-pattern-size:auto}.elementor-widget-divider--bg-round{--divider-pattern-repeat:round}.rtl .elementor-widget-divider .elementor-divider__text{direction:rtl}.e-con-inner>.elementor-widget-divider,.e-con>.elementor-widget-divider{width:var(--container-widget-width,100%);--flex-grow:var(--container-widget-flex-grow)}<\/style>\n<ul>\n<li><a href=\"https:\/\/www.pplinuerj.com.br\/wp-content\/uploads\/2024\/02\/FIREFOX_passo_a_passo_proxy_capes_id_unico.pdf\" target=\"_blank\" rel=\"noopener\">Acceso a las publicaciones peri\u00f3dicas de CAPES<\/a><\/li>\n<li><a href=\"https:\/\/www.pplinuerj.com.br\/wp-content\/uploads\/2024\/02\/FOST_06_V.4.0_Formulario_de_Matricula.doc\" target=\"_blank\" rel=\"noopener\">Formulario de inscripci\u00f3n<\/a><\/li>\n<li><a href=\"https:\/\/www.pplinuerj.com.br\/wp-content\/uploads\/2024\/02\/Entrega_Versao_Final_Dissertacao_Mestrado.doc\" target=\"_blank\" rel=\"noopener\">Entrega de la versi\u00f3n final &#8211; Trabajo fin de m\u00e1ster<\/a><\/li>\n<li><a href=\"https:\/\/www.pplinuerj.com.br\/wp-content\/uploads\/2024\/07\/formulariodeinscricao2025.1.doc\">Formulario de inscripci\u00f3n &#8211; Convocatoria de ayudas 2025.1<\/a><\/li>\n<li><a href=\"https:\/\/www.pplinuerj.com.br\/wp-content\/uploads\/2024\/03\/Formulario_inscricao_em_disciplinas.doc\" target=\"_blank\" rel=\"noopener\">Matr\u00edcula en asignaturas<\/a><\/li>\n<li><a href=\"https:\/\/www.pplinuerj.com.br\/wp-content\/uploads\/2024\/03\/Formulario_inscricao_em_disciplinas_credito_avulso.doc\" target=\"_blank\" rel=\"noopener\">Matr\u00edcula en una asignatura &#8211; Cr\u00e9dito \u00fanico<\/a><\/li>\n<li><a href=\"https:\/\/www.pplinuerj.com.br\/wp-content\/uploads\/2024\/04\/Indicacao_Defesa_Mestrado.doc\" target=\"_blank\" rel=\"noopener\">Nombramiento de tribunal &#8211; Defensa<\/a><\/li>\n<li><a href=\"https:\/\/www.pplinuerj.com.br\/wp-content\/uploads\/2024\/03\/Indicacao_Qualificacao_Mestrado.doc\" target=\"_blank\" rel=\"noopener\">Nombramiento de tribunal &#8211; Calificaci\u00f3n<\/a><\/li>\n<li><a href=\"https:\/\/www.pplinuerj.com.br\/wp-content\/uploads\/2024\/03\/Indicacao_de_orientador-1.doc\" target=\"_blank\" rel=\"noopener\">Nombramiento de supervisor<\/a><\/li>\n<li><a href=\"https:\/\/www.pplinuerj.com.br\/wp-content\/uploads\/2024\/03\/Formulario-de-coorientacao.doc\" target=\"_blank\" rel=\"noopener\">Nombramiento de co-supervisor<\/a><\/li>\n<li><a href=\"https:\/\/www.pplinuerj.com.br\/wp-content\/uploads\/2024\/07\/formulariodeprojetodepesquisa.docx\">Formul\u00e1rio de projeto de pesquisa<\/a><\/li>\n<li><a href=\"https:\/\/www.pplinuerj.com.br\/wp-content\/uploads\/2024\/03\/Plano_de_curso_disciplina.docx\" target=\"_blank\" rel=\"noopener\">Plan de curso\/disciplina<\/a><\/li>\n<li><a href=\"https:\/\/www.pplinuerj.com.br\/wp-content\/uploads\/2024\/03\/Formulario_Projeto_de_Pesquisa_docente.doc\" target=\"_blank\" rel=\"noopener\">Proyecto de investigaci\u00f3n docente<\/a><\/li>\n<li><a href=\"https:\/\/www.pplinuerj.com.br\/wp-content\/uploads\/2024\/03\/Relatorio_de_atividades_supervisionadas.doc\" target=\"_blank\" rel=\"noopener\">Informe de actividades supervisadas<\/a><\/li>\n<li><a href=\"https:\/\/www.pplinuerj.com.br\/wp-content\/uploads\/2024\/03\/Relatorio_Bolsita.doc\" target=\"_blank\" rel=\"noopener\">Informe del becario (CAPES, CNPq, FAPERJ)<\/a><\/li>\n<li><a href=\"https:\/\/www.pplinuerj.com.br\/wp-content\/uploads\/2024\/03\/Relatorio_Programa_de_Estagio_Docente_PED.doc\" target=\"_blank\" rel=\"noopener\">Informe del Programa de Pr\u00e1cticas Pedag\u00f3gicas (PED)<\/a><\/li>\n<li><a href=\"https:\/\/www.pplinuerj.com.br\/wp-content\/uploads\/2024\/03\/Formulario_de_Solicitacao_de_Auxilio_Financeiro.doc\" target=\"_blank\" rel=\"noopener\">Solicitud de apoyo financiero<\/a><\/li>\n<li><a href=\"https:\/\/www.pplinuerj.com.br\/wp-content\/uploads\/2024\/03\/form_subst_canc_inclusao.doc\" target=\"_blank\" rel=\"noopener\">Sustituci\u00f3n, Anulaci\u00f3n e Inclusi\u00f3n de Asignaturas<\/a><\/li>\n<\/ul>\n<h2>FORMULARIOS (DESPU\u00c9S DE LA DEFENSA DE LA TESIS)<\/h2>\n<ul>\n<li><a href=\"https:\/\/www.pplinuerj.com.br\/wp-content\/uploads\/2024\/06\/Procedimentos-para-Encaminhamento-da-Versao-Final-da-Dissertacao-para-a-Solicitacao-do-Diploma-de-Mestrado.pdf\" target=\"_blank\" rel=\"noopener\">Tr\u00e1mites de entrega de la versi\u00f3n final de la tesina de m\u00e1ster y solicitud de diploma<\/a><\/li>\n<li><a href=\"https:\/\/www.pplinuerj.com.br\/wp-content\/uploads\/2024\/03\/BDTD_Termo_de_autorizacao_Publicacao_de_Teses_e_Dissertacoes_Eletronicas.pdf\" target=\"_blank\" rel=\"noopener\">Plazo de autorizaci\u00f3n para la publicaci\u00f3n de tesis y tesinas electr\u00f3nicas<\/a><\/li>\n<li><a href=\"https:\/\/www.pplinuerj.com.br\/wp-content\/uploads\/2024\/05\/Requerimento-de-Diploma-SEI.pdf\" target=\"_blank\" rel=\"noopener\">Solicitud de diploma<\/a><\/li>\n<li><a href=\"https:\/\/www.in.gov.br\/materia\/-\/asset_publisher\/Kujrw0TZC2Mb\/content\/id\/39729251\/do1-2018-09-05-portaria-n-206-de-4-de-setembro-de-2018-39729135\" target=\"_blank\" rel=\"noopener\">Para estudiantes becados por CAPES: seguir las normas de la Ordenanza n\u00ba 206 de 4 de septiembre de 2018<\/a><\/li>\n<\/ul>\n<h2>TUTOR\u00cdAS<\/h2>\n<ul>\n<li><a href=\"https:\/\/www.youtube.com\/watch?v=-2_0Be0JZvU\" target=\"_blank\" rel=\"noopener\">C\u00f3mo crear un perfil en Google Scholar.<\/a><\/li>\n<li><a href=\"https:\/\/www.pplinuerj.com.br\/wp-content\/uploads\/2024\/04\/Instrucoes_para_o_preenchimento_do_ORCID_no_LATTES.pdf\" target=\"_blank\" rel=\"noopener\">Instrucciones para cumplimentar ORCID.<\/a><\/li>\n<\/ul>\n<h2>OTROS FORMULARIOS<\/h2>\n<ul>\n<li><a href=\"https:\/\/www.pplinuerj.com.br\/wp-content\/uploads\/2024\/04\/Formulario_de_Solicitacao_de_Afastamento_-_novo.pdf\" target=\"_blank\" rel=\"noopener\">Solicitud de autorizaci\u00f3n de permiso para asistir a un evento.<\/a><\/li>\n<li><a href=\"https:\/\/www.pplinuerj.com.br\/wp-content\/uploads\/2024\/04\/Solicitacao-de-diaria.pdf\" target=\"_blank\" rel=\"noopener\">Solicitud de dietas.<\/a><\/li>\n<li>Solicitud de acreditaci\u00f3n en PPLIN.<\/li>\n<li><a href=\"https:\/\/forms.gle\/X9LAGDgXtB2MS67N7\" target=\"_blank\" rel=\"noreferrer noopener\">Solicitud de reacreditaci\u00f3n en PPLIN.<\/a><\/li>\n<li><a href=\"https:\/\/forms.gle\/UMMdzWXJqLTAhWXP6\" target=\"_blank\" rel=\"noreferrer noopener\">FICHA DOCENTE &#8211; Plataforma Sucupira &#8211; 2021<\/a><\/li>\n<\/ul>\n<style>\/*! elementor - v3.23.0 - 05-08-2024 *\/\n.elementor-widget-google_maps .elementor-widget-container{overflow:hidden}.elementor-widget-google_maps .elementor-custom-embed{line-height:0}.elementor-widget-google_maps iframe{height:300px}<\/style>\n<p>\t\t\t<iframe loading=\"lazy\"\n\t\t\t\t\tsrc=\"https:\/\/maps.google.com\/maps?q=Rua%20Francisco%20Portela%2C%201470%2C%20Patronato%20CEP%2024435-005%2C%20S%C3%A3o%20Gon%C3%A7alo%2C%20RJ&#038;t=m&#038;z=15&#038;output=embed&#038;iwloc=near\"\n\t\t\t\t\ttitle=\"Rua Francisco Portela, 1470, Patronato CEP 24435-005, S\u00e3o Gon\u00e7alo, RJ\"\n\t\t\t\t\taria-label=\"Rua Francisco Portela, 1470, Patronato CEP 24435-005, S\u00e3o Gon\u00e7alo, RJ\"\n\t\t\t><\/iframe><\/p>\n<h2>Contato<\/h2>\n<link rel=\"stylesheet\" href=\"https:\/\/www.pplinuerj.com.br\/wp-content\/plugins\/elementor\/assets\/css\/widget-icon-box.min.css\">\n<h3>\n\t\t\t\t\t\t\tRua Francisco Portela, 1470, Patronato<br \/>CEP: 24.435-005, S\u00e3o Gon\u00e7alo, RJ<br \/>\n\t\t\t\t\t<\/h3>\n<h3>\n\t\t\t\t\t\t\t(21) 2728-7969<br \/>\n\t\t\t\t\t<\/h3>\n<h3>\n\t\t\t\t\t\t\tpplinuerj@gmail.com<br \/>\n\t\t\t\t\t<\/h3>\n","protected":false},"excerpt":{"rendered":"<p>Formularios Formularios Acceso a las publicaciones peri\u00f3dicas de CAPES Formulario de inscripci\u00f3n Entrega de la versi\u00f3n final &#8211; Trabajo fin de m\u00e1ster Formulario de inscripci\u00f3n &#8211; Convocatoria de ayudas 2025.1 Matr\u00edcula en asignaturas Matr\u00edcula en una asignatura &#8211; Cr\u00e9dito \u00fanico Nombramiento de tribunal &#8211; Defensa Nombramiento de tribunal &#8211; Calificaci\u00f3n Nombramiento de supervisor Nombramiento de &hellip;<\/p>\n<p class=\"read-more\"> <a class=\"\" href=\"https:\/\/www.pplinuerj.com.br\/es\/formularios\/\"> <span class=\"screen-reader-text\">Formul\u00e1rios<\/span> Read More &raquo;<\/a><\/p>\n","protected":false},"author":1,"featured_media":0,"parent":0,"menu_order":0,"comment_status":"closed","ping_status":"closed","template":"","meta":{"site-sidebar-layout":"no-sidebar","site-content-layout":"page-builder","ast-site-content-layout":"full-width-container","site-content-style":"default","site-sidebar-style":"default","ast-global-header-display":"","ast-banner-title-visibility":"","ast-main-header-display":"","ast-hfb-above-header-display":"","ast-hfb-below-header-display":"","ast-hfb-mobile-header-display":"","site-post-title":"disabled","ast-breadcrumbs-content":"","ast-featured-img":"disabled","footer-sml-layout":"","theme-transparent-header-meta":"","adv-header-id-meta":"","stick-header-meta":"","header-above-stick-meta":"","header-main-stick-meta":"","header-below-stick-meta":"","astra-migrate-meta-layouts":"set","footnotes":""},"class_list":["post-25051","page","type-page","status-publish","hentry"],"translation":{"provider":"WPGlobus","version":"3.0.0","language":"es","enabled_languages":["br","en","es"],"languages":{"br":{"title":true,"content":true,"excerpt":false},"en":{"title":true,"content":true,"excerpt":false},"es":{"title":false,"content":true,"excerpt":false}}},"_links":{"self":[{"href":"https:\/\/www.pplinuerj.com.br\/es\/wp-json\/wp\/v2\/pages\/25051","targetHints":{"allow":["GET"]}}],"collection":[{"href":"https:\/\/www.pplinuerj.com.br\/es\/wp-json\/wp\/v2\/pages"}],"about":[{"href":"https:\/\/www.pplinuerj.com.br\/es\/wp-json\/wp\/v2\/types\/page"}],"author":[{"embeddable":true,"href":"https:\/\/www.pplinuerj.com.br\/es\/wp-json\/wp\/v2\/users\/1"}],"replies":[{"embeddable":true,"href":"https:\/\/www.pplinuerj.com.br\/es\/wp-json\/wp\/v2\/comments?post=25051"}],"version-history":[{"count":97,"href":"https:\/\/www.pplinuerj.com.br\/es\/wp-json\/wp\/v2\/pages\/25051\/revisions"}],"predecessor-version":[{"id":26495,"href":"https:\/\/www.pplinuerj.com.br\/es\/wp-json\/wp\/v2\/pages\/25051\/revisions\/26495"}],"wp:attachment":[{"href":"https:\/\/www.pplinuerj.com.br\/es\/wp-json\/wp\/v2\/media?parent=25051"}],"curies":[{"name":"wp","href":"https:\/\/api.w.org\/{rel}","templated":true}]}}