{"id":24926,"date":"2023-10-07T11:32:09","date_gmt":"2023-10-07T14:32:09","guid":{"rendered":"https:\/\/www.pplinuerj.com.br\/?page_id=24926"},"modified":"2025-01-15T11:53:42","modified_gmt":"2025-01-15T14:53:42","slug":"convenios","status":"publish","type":"page","link":"https:\/\/www.pplinuerj.com.br\/es\/convenios\/","title":{"rendered":"Conv\u00eanios"},"content":{"rendered":"<style>\/*! elementor - v3.23.0 - 05-08-2024 *\/\n.elementor-heading-title{padding:0;margin:0;line-height:1}.elementor-widget-heading .elementor-heading-title[class*=elementor-size-]>a{color:inherit;font-size:inherit;line-height:inherit}.elementor-widget-heading .elementor-heading-title.elementor-size-small{font-size:15px}.elementor-widget-heading .elementor-heading-title.elementor-size-medium{font-size:19px}.elementor-widget-heading .elementor-heading-title.elementor-size-large{font-size:29px}.elementor-widget-heading .elementor-heading-title.elementor-size-xl{font-size:39px}.elementor-widget-heading .elementor-heading-title.elementor-size-xxl{font-size:59px}<\/style>\n<h2>Acuerdos<\/h2>\n<h2>CONVENIO INTERNACIONAL<\/h2>\n<p>                Acuerdo de cooperaci\u00f3n internacional entre la Universidad Estatal de R\u00edo de Janeiro &#8211; UERJ -, Brasil, y la Universidad de Georgia &#8211; UGA -, EEUU2019 &#8211; Actual  \u200b<\/p>\n<p style=\"text-align: justify;\">Formaci\u00f3n y conexiones entre estudiantes de la UERJ y el Instituto de Estudios Latinoamericanos y del Caribe<\/p>\n<p style=\"text-align: justify;\">Coordinadora para la UERJ : Maria Cristina Cardoso Ribas<\/p>\n<p style=\"text-align: justify;\">Coordinador para U.G.A.: Frans Weiser<\/p>\n<p style=\"text-align: justify;\">Convenio de Cooperaci\u00f3n Internacional UERJ\/U.G.A:<\/p>\n<p style=\"text-align: justify;\">Como identificaci\u00f3n del objeto a realizar, el Convenio tiene como objetivo desarrollar investigaciones conjuntas entre profesores investigadores de Brasil y EE.UU., miembros plenos de las universidades conveniadas, con vistas a promover un di\u00e1logo te\u00f3rico-cr\u00edtico en torno a la producci\u00f3n literario-cultural contempor\u00e1nea, con \u00e9nfasis en las Adaptaciones de textos literarios para otros medios, bajo el tamiz de las Intermedialidades. La propuesta se extiende a la formaci\u00f3n de profesores de Literatura y \u00e1reas afines. Las producciones resultantes son de car\u00e1cter te\u00f3rico, metodol\u00f3gico, cr\u00edtico y pedag\u00f3gico, de autor\u00eda y\/o organizadas por investigadores de las instituciones socias, e incluyen tambi\u00e9n: edici\u00f3n conjunta de dossiers en revistas acad\u00e9micas especializadas; Mini-cursos; Conferencias; Seminarios. Este acuerdo ser\u00e1 coordinado en Brasil por la profesora investigadora de la UERJ\/FFP Maria Cristina Cardoso Ribas y en EE.UU. por un grupo de gesti\u00f3n de la UGA representado por el Dr. Noel Fallows; tendr\u00e1 una duraci\u00f3n de 2019 a 2023 y podr\u00e1 ser renovado si las partes est\u00e1n interesadas.<\/p>\n<p style=\"text-align: justify;\">Productos del acuerdo<\/p>\n<ul>\n<li style=\"text-align: justify;\">Conferencia: The Unknown Machado de Assis: Correspondence and the Making of The Brazilian Academy of Letters (impartida en persona por m\u00ed en la Universidad de Georgia, Atenas, dic. 2019)<\/li>\n<li style=\"text-align: justify;\">Evento cultural para estudiantes de grado: Cultura brasile\u00f1a &#8211; (en persona, dic.2019)<\/li>\n<li style=\"text-align: justify;\">Curso en nivel de Postgrado: Conferencia y co-ense\u00f1anza sobre la pel\u00edcula de Nelson Pereira dos Santos Como era gostoso o meu franc\u00eas, Relectura de la Antropofagia (presencial, dic.2019)<\/li>\n<li style=\"text-align: justify;\">Curso sobre Undergratuate: Estudios de adaptaci\u00f3n: Relectura de las novelas de Machado de Assis y transposici\u00f3n medi\u00e1tica (presencial, dic.2019)<\/li>\n<li style=\"text-align: justify;\">Conferencia: Prof Dr Frans Weiser, Estudios sobre adaptaciones (grado y postgrado, Letras) (presencial en FFP\/UERJ (2019)<\/li>\n<li style=\"text-align: justify;\">A partir de la exposici\u00f3n Brasiliana Iconogr\u00e1fica, escrib\u00ed el art\u00edculo \u00abPo\u00e9ticas de las Conexiones\u00bb, publicado en el sitio web de Ita\u00fa Cultural (http:\/\/conexoesitaucultural.org.br) y entrevist\u00e9 al brasile\u00f1ista Richard Gordon, entonces director del Lacsi (Instituto de Estudios Latinoamericanos y del Caribe), sobre sus libros Cine, Esclavitud y Nacionalismo Brasile\u00f1o y Canibalizando la Colonia: adaptaciones cinematogr\u00e1ficas de la Literatura Colonial en M\u00e9xico y Brasil.<\/li>\n<li style=\"text-align: justify;\">Mesa de debate en el V Seminario PPLIN, con Frans Weiser y Richard Gordon, titulada: Los estudios brasile\u00f1os de Letras en las academias norteamericanas en tiempos de Covid (30\/10\/2020).<\/li>\n<li style=\"text-align: justify;\">Organizaci\u00f3n de un libro en curso &#8211; previsto para 2023 a ser publicado en los EE.UU..<\/li>\n<li style=\"text-align: justify;\">Participaci\u00f3n en el e-book de la Colecci\u00f3n PPLIN Presente &#8211; n\u00famero organizado por m\u00ed, Tha\u00eds Flores Nogueira Diniz (UFMG) y Alex Martoni (UFJF) &#8211; beca Proap Capes\/Faperj. El n\u00famero est\u00e1 siendo finalizado para ser enviado a la editorial.<\/li>\n<\/ul>\n<p style=\"text-align: justify;\">Miembro del Proyecto NuPELLI (2022) Centro de Investigaci\u00f3n y Extensi\u00f3n sobre Lectura, Literatura e Intermedialidades.<\/p>\n<h2>OTROS CONVENIOS<\/h2>\n<p>                Convenio de Cooperaci\u00f3n Programa de Postgrado en Lenguas y Ling\u00fc\u00edstica &#8211; PPLIN \/ Unidad de Desarrollo Tecnol\u00f3gico &#8211; UDT\/LABSEM2017 &#8211; Actual<\/p>\n<p style=\"text-align: justify;\">Descripci\u00f3n: El Convenio de Cooperaci\u00f3n entre PPLIN y UDT LABSEM tiene como objetivo fomentar el trabajo en red para promover el desarrollo de actividades de docencia, investigaci\u00f3n y extensi\u00f3n. El objetivo es mejorar las \u00e1reas de Lengua y Estudios Ling\u00fc\u00edsticos y Estudios Literarios y de Literatura. Se incluyen las siguientes acciones: (i) formaci\u00f3n continua de investigadores, profesores y estudiantes; (ii) cualificaci\u00f3n de investigadores, profesores y estudiantes en actividades de ense\u00f1anza, investigaci\u00f3n y extensi\u00f3n, (iii) profundizaci\u00f3n de las reflexiones sobre Estudios Ling\u00fc\u00edsticos y Estudios Literarios y Literarios.<\/p>\n<p style=\"text-align: justify;\">Estado: En curso; Naturaleza: Otros.<\/p>\n<p style=\"text-align: justify;\">\u00a0<\/p>\n<p style=\"text-align: justify;\">Alumnos participantes: Maestr\u00eda acad\u00e9mica: (24) .<\/p>\n<p style=\"text-align: justify;\">Integrantes: Marcos Luiz Wiedemer \/ Eloisa Porto Corr\u00eaa \/ Paulo C\u00e9sar Silva de Oliveira \/ Isabel Cristina Rangel Moraes Bezerra \/ Darc\u00edlia Marindir Pinto Sim\u00f5es \/ Flavio Garc\u00eda Queiroz de Melo.<\/p>\n<p>                Acuerdo &#8211; Tribunal de Justicia del Estado de R\u00edo de Janeiro &#8211; UERJ2014 &#8211; Actual<\/p>\n<p>Descripci\u00f3n: El Proyecto de Extensi\u00f3n \u00abLetrajovem\u00bb se desarrolla en asociaci\u00f3n entre la Rector\u00eda de la UERJ y la Presidencia del TJERJ desde 2014 y tiene como objetivo ofrecer talleres semanales de Lectura y Producci\u00f3n de Textos, de dos horas de duraci\u00f3n. El p\u00fablico objetivo de los talleres, que atienden un promedio de 60 adolescentes, j\u00f3venes y adultos por semestre, est\u00e1 formado por participantes de los siguientes programas del Departamento de Sostenibilidad e Inclusi\u00f3n Social del Tribunal de Justicia del Estado de R\u00edo de Janeiro: Justicia Juvenil (j\u00f3venes de 16 a 24 a\u00f1os que hayan cometido un delito); J\u00f3venes Mensajeros (j\u00f3venes de 18 a 24 a\u00f1os de familias de bajos ingresos y\/o en riesgo social); Padres Trabajando (padres y madres de familias en riesgo social); Volver a Empezar (ex reclusos).\u00a0 Los talleres \u00abLetrajovem\u00bb, adem\u00e1s de desarrollar las habilidades ling\u00fc\u00edsticas de los participantes, colaboran, dentro de un conjunto de acciones, para su inclusi\u00f3n social, cuyos mejores indicadores son la baj\u00edsima tasa de reincidencia de los egresados de JPJ (12%) y CN (5%) y el \u00e9xito en la evaluaci\u00f3n en servicio de los otros dos grupos. En cuanto a la formaci\u00f3n de los estudiantes de idiomas, la pr\u00e1ctica reflexiva desarrollada, que incluye la investigaci\u00f3n te\u00f3rica, la transposici\u00f3n did\u00e1ctica y la acci\u00f3n pedag\u00f3gica, desarrolla su profesionalidad docente desde la perspectiva de la alfabetizaci\u00f3n cr\u00edtica y la justicia social.<\/p>\n<style>\/*! elementor - v3.23.0 - 05-08-2024 *\/\n.elementor-widget-google_maps .elementor-widget-container{overflow:hidden}.elementor-widget-google_maps .elementor-custom-embed{line-height:0}.elementor-widget-google_maps iframe{height:300px}<\/style>\n<p>\t\t\t<iframe loading=\"lazy\"\n\t\t\t\t\tsrc=\"https:\/\/maps.google.com\/maps?q=Rua%20Francisco%20Portela%2C%201470%2C%20Patronato%20CEP%2024435-005%2C%20S%C3%A3o%20Gon%C3%A7alo%2C%20RJ&#038;t=m&#038;z=15&#038;output=embed&#038;iwloc=near\"\n\t\t\t\t\ttitle=\"Rua Francisco Portela, 1470, Patronato CEP 24435-005, S\u00e3o Gon\u00e7alo, RJ\"\n\t\t\t\t\taria-label=\"Rua Francisco Portela, 1470, Patronato CEP 24435-005, S\u00e3o Gon\u00e7alo, RJ\"\n\t\t\t><\/iframe><\/p>\n<h2>Contato<\/h2>\n<link rel=\"stylesheet\" href=\"https:\/\/www.pplinuerj.com.br\/wp-content\/plugins\/elementor\/assets\/css\/widget-icon-box.min.css\">\n<h3>\n\t\t\t\t\t\t\tRua Francisco Portela, 1470, Patronato<br \/>CEP: 24.435-005, S\u00e3o Gon\u00e7alo, RJ<br \/>\n\t\t\t\t\t<\/h3>\n<h3>\n\t\t\t\t\t\t\t(21) 2728-7969<br \/>\n\t\t\t\t\t<\/h3>\n<h3>\n\t\t\t\t\t\t\tpplinuerj@gmail.com<br \/>\n\t\t\t\t\t<\/h3>\n","protected":false},"excerpt":{"rendered":"<p>Acuerdos CONVENIO INTERNACIONAL Acuerdo de cooperaci\u00f3n internacional entre la Universidad Estatal de R\u00edo de Janeiro &#8211; UERJ -, Brasil, y la Universidad de Georgia &#8211; UGA -, EEUU2019 &#8211; Actual \u200b Formaci\u00f3n y conexiones entre estudiantes de la UERJ y el Instituto de Estudios Latinoamericanos y del Caribe Coordinadora para la UERJ : Maria Cristina &hellip;<\/p>\n<p class=\"read-more\"> <a class=\"\" href=\"https:\/\/www.pplinuerj.com.br\/es\/convenios\/\"> <span class=\"screen-reader-text\">Conv\u00eanios<\/span> Read More &raquo;<\/a><\/p>\n","protected":false},"author":1,"featured_media":0,"parent":0,"menu_order":0,"comment_status":"closed","ping_status":"closed","template":"","meta":{"site-sidebar-layout":"no-sidebar","site-content-layout":"page-builder","ast-site-content-layout":"full-width-container","site-content-style":"default","site-sidebar-style":"default","ast-global-header-display":"","ast-banner-title-visibility":"","ast-main-header-display":"","ast-hfb-above-header-display":"","ast-hfb-below-header-display":"","ast-hfb-mobile-header-display":"","site-post-title":"disabled","ast-breadcrumbs-content":"","ast-featured-img":"disabled","footer-sml-layout":"","theme-transparent-header-meta":"","adv-header-id-meta":"","stick-header-meta":"","header-above-stick-meta":"","header-main-stick-meta":"","header-below-stick-meta":"","astra-migrate-meta-layouts":"set","footnotes":""},"class_list":["post-24926","page","type-page","status-publish","hentry"],"translation":{"provider":"WPGlobus","version":"3.0.0","language":"es","enabled_languages":["br","en","es"],"languages":{"br":{"title":true,"content":true,"excerpt":false},"en":{"title":true,"content":true,"excerpt":false},"es":{"title":false,"content":true,"excerpt":false}}},"_links":{"self":[{"href":"https:\/\/www.pplinuerj.com.br\/es\/wp-json\/wp\/v2\/pages\/24926","targetHints":{"allow":["GET"]}}],"collection":[{"href":"https:\/\/www.pplinuerj.com.br\/es\/wp-json\/wp\/v2\/pages"}],"about":[{"href":"https:\/\/www.pplinuerj.com.br\/es\/wp-json\/wp\/v2\/types\/page"}],"author":[{"embeddable":true,"href":"https:\/\/www.pplinuerj.com.br\/es\/wp-json\/wp\/v2\/users\/1"}],"replies":[{"embeddable":true,"href":"https:\/\/www.pplinuerj.com.br\/es\/wp-json\/wp\/v2\/comments?post=24926"}],"version-history":[{"count":13,"href":"https:\/\/www.pplinuerj.com.br\/es\/wp-json\/wp\/v2\/pages\/24926\/revisions"}],"predecessor-version":[{"id":26019,"href":"https:\/\/www.pplinuerj.com.br\/es\/wp-json\/wp\/v2\/pages\/24926\/revisions\/26019"}],"wp:attachment":[{"href":"https:\/\/www.pplinuerj.com.br\/es\/wp-json\/wp\/v2\/media?parent=24926"}],"curies":[{"name":"wp","href":"https:\/\/api.w.org\/{rel}","templated":true}]}}