{"id":24877,"date":"2023-10-07T10:27:25","date_gmt":"2023-10-07T13:27:25","guid":{"rendered":"https:\/\/www.pplinuerj.com.br\/?page_id=24877"},"modified":"2025-01-15T09:28:50","modified_gmt":"2025-01-15T12:28:50","slug":"areas-de-concentracao-e-linhas-de-pesquisa","status":"publish","type":"page","link":"https:\/\/www.pplinuerj.com.br\/es\/areas-de-concentracao-e-linhas-de-pesquisa\/","title":{"rendered":"\u00c1reas de Concentra\u00e7\u00e3o e Linhas de Pesquisa"},"content":{"rendered":"<style>\/*! elementor - v3.23.0 - 05-08-2024 *\/\n.elementor-heading-title{padding:0;margin:0;line-height:1}.elementor-widget-heading .elementor-heading-title[class*=elementor-size-]>a{color:inherit;font-size:inherit;line-height:inherit}.elementor-widget-heading .elementor-heading-title.elementor-size-small{font-size:15px}.elementor-widget-heading .elementor-heading-title.elementor-size-medium{font-size:19px}.elementor-widget-heading .elementor-heading-title.elementor-size-large{font-size:29px}.elementor-widget-heading .elementor-heading-title.elementor-size-xl{font-size:39px}.elementor-widget-heading .elementor-heading-title.elementor-size-xxl{font-size:59px}<\/style>\n<h2>\u00c1reas de Concentraci\u00f3n<br \/>y L\u00cdNEAS DE INVESTIGACI\u00d3N<\/h2>\n<h2>\u00c1reas de Concentraci\u00f3n<\/h2>\n<h2>Estudios Ling\u00fc\u00edsticos<\/h2>\n<p>El \u00e1rea de concentraci\u00f3n \u00abEstudios Ling\u00fc\u00edsticos\u00bb comprende dos l\u00edneas de investigaci\u00f3n:\u00a0 \u00abTeor\u00eda y An\u00e1lisis Ling\u00fc\u00edstico\u00bb y \u00abLenguaje y Sociedad\u00bb. Esta \u00e1rea abarca los estudios ling\u00fc\u00edsticos en su contexto social, a partir de estudios que describen los aspectos formales, cognitivos y comunicativos del lenguaje. Tambi\u00e9n son de inter\u00e9s los estudios ling\u00fc\u00edsticos desde perspectivas te\u00f3ricas y emp\u00edricas de la estructura ling\u00fc\u00edstica relativa al texto y al discurso.<\/p>\n<p>\t\t\tL\u00cdNEAS DE INVESTIGACI\u00d3N<br \/>\n                Teor\u00eda y An\u00e1lisis Ling\u00fc\u00edstico<\/p>\n<p style=\"text-align: justify;\">La l\u00ednea de investigaci\u00f3n \u00abTeor\u00eda y An\u00e1lisis Ling\u00fc\u00edstico\u00bb se centra en la descripci\u00f3n de los fen\u00f3menos ling\u00fc\u00edsticos &#8211; fon\u00e9ticos, fonol\u00f3gicos, morfol\u00f3gicos, sint\u00e1cticos, articul\u00e1ndose con las dimensiones sem\u00e1ntica y pragm\u00e1tica del lenguaje &#8211; de las lenguas naturales, bajo diferentes enfoques te\u00f3rico-metodol\u00f3gicos.<\/p>\n<p>                Lenguaje y sociedad<\/p>\n<p style=\"text-align: justify;\">Esta l\u00ednea de investigaci\u00f3n se nutre de proyectos orientados a comprender la din\u00e1mica de funcionamiento de los discursos y las condiciones socio-hist\u00f3rico-ideol\u00f3gicas de su producci\u00f3n. Tambi\u00e9n se centra en estudios sobre la producci\u00f3n del texto escrito, as\u00ed como en los procesos de variaci\u00f3n\/cambio desde perspectivas sincr\u00f3nicas y diacr\u00f3nicas.<\/p>\n<h2>Estudios Literarios<\/h2>\n<p style=\"text-align: justify;\">El \u00e1rea de concentraci\u00f3n en \u00abEstudios Literarios\u00bb comprende una l\u00ednea de investigaci\u00f3n, \u00abLiteratura, Teor\u00eda e Historia\u00bb, que incluye estudios cr\u00edticos, te\u00f3ricos e historiogr\u00e1ficos de los fen\u00f3menos literarios, as\u00ed como la relaci\u00f3n de los discursos y textos literarios con otros discursos y otros sistemas semi\u00f3ticos. Desde esta perspectiva cr\u00edtica y plural, pretende formar profesionales capaces de trabajar con la literatura de forma cr\u00edtica y contextualizada, en di\u00e1logo con otros productos culturales y con el contexto cultural de producci\u00f3n, recepci\u00f3n y circulaci\u00f3n de la obra.<\/p>\n<p>\t\t\tL\u00cdNEAS DE INVESTIGACI\u00d3N<br \/>\n                Literatura, Teor\u00eda e Historia<\/p>\n<p style=\"text-align: justify;\">Esta l\u00ednea de investigaci\u00f3n se centra en el estudio de la literatura, sus fundamentos te\u00f3ricos y sus reconfiguraciones hist\u00f3ricas. Se centra, por lo tanto, en las corrientes y movimientos de la literatura y la teor\u00eda literaria en diferentes \u00e9pocas, as\u00ed como en su desarrollo y proyecci\u00f3n en la \u00e9poca contempor\u00e1nea. La l\u00ednea de investigaci\u00f3n propuesta est\u00e1 formada por investigadores que trabajan sobre la literatura de los siglos XIX al XXI y otras artes, haciendo hincapi\u00e9 en el di\u00e1logo de la interdisciplinariedad art\u00edstica.<\/p>\n<style>\/*! elementor - v3.23.0 - 05-08-2024 *\/\n.elementor-widget-google_maps .elementor-widget-container{overflow:hidden}.elementor-widget-google_maps .elementor-custom-embed{line-height:0}.elementor-widget-google_maps iframe{height:300px}<\/style>\n<p>\t\t\t<iframe loading=\"lazy\"\n\t\t\t\t\tsrc=\"https:\/\/maps.google.com\/maps?q=Rua%20Francisco%20Portela%2C%201470%2C%20Patronato%20CEP%2024435-005%2C%20S%C3%A3o%20Gon%C3%A7alo%2C%20RJ&#038;t=m&#038;z=15&#038;output=embed&#038;iwloc=near\"\n\t\t\t\t\ttitle=\"Rua Francisco Portela, 1470, Patronato CEP 24435-005, S\u00e3o Gon\u00e7alo, RJ\"\n\t\t\t\t\taria-label=\"Rua Francisco Portela, 1470, Patronato CEP 24435-005, S\u00e3o Gon\u00e7alo, RJ\"\n\t\t\t><\/iframe><\/p>\n<h2>Contato<\/h2>\n<link rel=\"stylesheet\" href=\"https:\/\/www.pplinuerj.com.br\/wp-content\/plugins\/elementor\/assets\/css\/widget-icon-box.min.css\">\n<h3>\n\t\t\t\t\t\t\tRua Francisco Portela, 1470, Patronato<br \/>CEP: 24.435-005, S\u00e3o Gon\u00e7alo, RJ<br \/>\n\t\t\t\t\t<\/h3>\n<h3>\n\t\t\t\t\t\t\t(21) 2728-7969<br \/>\n\t\t\t\t\t<\/h3>\n<h3>\n\t\t\t\t\t\t\tpplinuerj@gmail.com<br \/>\n\t\t\t\t\t<\/h3>\n","protected":false},"excerpt":{"rendered":"<p>\u00c1reas de Concentraci\u00f3ny L\u00cdNEAS DE INVESTIGACI\u00d3N \u00c1reas de Concentraci\u00f3n Estudios Ling\u00fc\u00edsticos El \u00e1rea de concentraci\u00f3n \u00abEstudios Ling\u00fc\u00edsticos\u00bb comprende dos l\u00edneas de investigaci\u00f3n:\u00a0 \u00abTeor\u00eda y An\u00e1lisis Ling\u00fc\u00edstico\u00bb y \u00abLenguaje y Sociedad\u00bb. Esta \u00e1rea abarca los estudios ling\u00fc\u00edsticos en su contexto social, a partir de estudios que describen los aspectos formales, cognitivos y comunicativos del lenguaje. Tambi\u00e9n &hellip;<\/p>\n<p class=\"read-more\"> <a class=\"\" href=\"https:\/\/www.pplinuerj.com.br\/es\/areas-de-concentracao-e-linhas-de-pesquisa\/\"> <span class=\"screen-reader-text\">\u00c1reas de Concentra\u00e7\u00e3o e Linhas de Pesquisa<\/span> Read More &raquo;<\/a><\/p>\n","protected":false},"author":1,"featured_media":0,"parent":0,"menu_order":0,"comment_status":"closed","ping_status":"closed","template":"","meta":{"site-sidebar-layout":"no-sidebar","site-content-layout":"page-builder","ast-site-content-layout":"full-width-container","site-content-style":"default","site-sidebar-style":"default","ast-global-header-display":"","ast-banner-title-visibility":"","ast-main-header-display":"","ast-hfb-above-header-display":"","ast-hfb-below-header-display":"","ast-hfb-mobile-header-display":"","site-post-title":"disabled","ast-breadcrumbs-content":"","ast-featured-img":"disabled","footer-sml-layout":"","theme-transparent-header-meta":"","adv-header-id-meta":"","stick-header-meta":"","header-above-stick-meta":"","header-main-stick-meta":"","header-below-stick-meta":"","astra-migrate-meta-layouts":"set","footnotes":""},"class_list":["post-24877","page","type-page","status-publish","hentry"],"translation":{"provider":"WPGlobus","version":"3.0.0","language":"es","enabled_languages":["br","en","es"],"languages":{"br":{"title":true,"content":true,"excerpt":false},"en":{"title":true,"content":true,"excerpt":false},"es":{"title":false,"content":true,"excerpt":false}}},"_links":{"self":[{"href":"https:\/\/www.pplinuerj.com.br\/es\/wp-json\/wp\/v2\/pages\/24877","targetHints":{"allow":["GET"]}}],"collection":[{"href":"https:\/\/www.pplinuerj.com.br\/es\/wp-json\/wp\/v2\/pages"}],"about":[{"href":"https:\/\/www.pplinuerj.com.br\/es\/wp-json\/wp\/v2\/types\/page"}],"author":[{"embeddable":true,"href":"https:\/\/www.pplinuerj.com.br\/es\/wp-json\/wp\/v2\/users\/1"}],"replies":[{"embeddable":true,"href":"https:\/\/www.pplinuerj.com.br\/es\/wp-json\/wp\/v2\/comments?post=24877"}],"version-history":[{"count":16,"href":"https:\/\/www.pplinuerj.com.br\/es\/wp-json\/wp\/v2\/pages\/24877\/revisions"}],"predecessor-version":[{"id":25987,"href":"https:\/\/www.pplinuerj.com.br\/es\/wp-json\/wp\/v2\/pages\/24877\/revisions\/25987"}],"wp:attachment":[{"href":"https:\/\/www.pplinuerj.com.br\/es\/wp-json\/wp\/v2\/media?parent=24877"}],"curies":[{"name":"wp","href":"https:\/\/api.w.org\/{rel}","templated":true}]}}