{"id":24864,"date":"2023-10-05T15:01:09","date_gmt":"2023-10-05T18:01:09","guid":{"rendered":"https:\/\/www.pplinuerj.com.br\/?page_id=24864"},"modified":"2025-10-16T16:13:40","modified_gmt":"2025-10-16T19:13:40","slug":"grupos-de-pesquisa","status":"publish","type":"page","link":"https:\/\/www.pplinuerj.com.br\/es\/grupos-de-pesquisa\/","title":{"rendered":"Grupos de Pesquisa"},"content":{"rendered":"<style>\/*! elementor - v3.23.0 - 05-08-2024 *\/\n.elementor-heading-title{padding:0;margin:0;line-height:1}.elementor-widget-heading .elementor-heading-title[class*=elementor-size-]>a{color:inherit;font-size:inherit;line-height:inherit}.elementor-widget-heading .elementor-heading-title.elementor-size-small{font-size:15px}.elementor-widget-heading .elementor-heading-title.elementor-size-medium{font-size:19px}.elementor-widget-heading .elementor-heading-title.elementor-size-large{font-size:29px}.elementor-widget-heading .elementor-heading-title.elementor-size-xl{font-size:39px}.elementor-widget-heading .elementor-heading-title.elementor-size-xxl{font-size:59px}<\/style>\n<h2>Grupos de investigaci\u00f3n<\/h2>\n<p>\t\t\tGRUPOS DE INVESTIGACI\u00d3N EN LOS QUE TRABAJAN LOS PROFESORES PPLIN\t\t<\/p>\n<h2>LING\u00dc\u00cdSTICA<\/h2>\n<p>\t\t\tGRUPOS CON SEDE EN LA FACULTAD DE FORMACI\u00d3N DEL PROFESORADO DE LA UERJ\t\t<\/p>\n<p><strong><a href=\"https:\/\/profjusffpuerj.wixsite.com\/grupodepesquisa\">FORMACI\u00d3N DEL PROFESORADO, LENGUAS Y JUSTICIA SOCIAL &#8211; PROFJUS<\/a><br \/><\/strong><em>FFP-UERJ<\/em><br \/>Profesores participantes: Marcia Lisb\u00f4a Costa de Oliveira (l\u00edder) y Katia Nazareth Moura de Abreu<\/p>\n<p><a href=\"https:\/\/www.instagram.com\/profjus_ffp_uerj\">Instagram<\/a><\/p>\n<p><a href=\"https:\/\/www.youtube.com\/channel\/UCaJTzBHnNtyZKZU2XQTc0FQ\">YouTube<\/a><\/p>\n<p><strong>INTERFACES &#8211; Interfaces ling\u00fc\u00edsticas<br \/><\/strong><em>FFP-UERJ<\/em><strong><br \/><\/strong>Profesor participante: Marcos Luiz Wiedemer (l\u00edder)<\/p>\n<p><a style=\"text-decoration: underline;\" href=\"https:\/\/linktr.ee\/Linguagemensinoetrabalho\">Lengua, ense\u00f1anza y trabajo<\/a><br \/><em>FFP-UERJ<\/em><br \/>Profesor participante: Gysele da Silva Colombo Gomes (l\u00edder)<\/p>\n<p><strong>Lengua y sociedad<br \/><\/strong><em>FFP-UERJ<\/em><strong><br \/><\/strong>Profesores participantes: Victoria Wilson da Costa Coelho (l\u00edder) y Gysele da Silva Colombo Gomes<\/p>\n<p><strong>Centro de Estudios de la Lengua y el Discurso<br \/><\/strong><em>NELID (FFP-UERJ)<\/em><strong><br \/><\/strong>Profesor participante: Andr\u00e9a Rodrigues (l\u00edder)<\/p>\n<p>\t\t\tGRUPO DE INVESTIGACI\u00d3N DE OTRO CAMPUS DE LA UERJ\t\t<\/p>\n<p><strong>NUPPLES- Centro de Investigaci\u00f3n y Ense\u00f1anza del Portugu\u00e9s como Lengua Extranjera\/Segunda Lengua<br \/><\/strong><em>UERJ-Maracan\u00e3<br \/><\/em>Profesor participante: Jefferson Evaristo do Nascimento Silva<\/p>\n<p><strong>Ci\u00eancias da linguagem na escola<\/strong><\/p>\n<p>Cle UERJ-CAp<br \/>Docente participante: Juciele Pereira Dias (l\u00edder)<br \/><b><a title=\"https:\/\/www.cle.uerj.br\/\" href=\"https:\/\/www.cle.uerj.br\/\" target=\"_blank\" rel=\"noopener noreferrer\" data-auth=\"NotApplicable\" data-linkindex=\"4\">https:\/\/www.cle.uerj.br\/<\/a><\/b><\/p>\n<p>\t\t\tGRUPOS DE OTRAS IES<br \/>(Instituci\u00f3n de Educaci\u00f3n Superior)\t\t<\/p>\n<p><strong>Conocimiento, historia y lengua<br \/><\/strong><em>UNIR<\/em><strong><br \/><\/strong>Profesor participante: Juciele Pereira Dias (vice-l\u00edder)<\/p>\n<p><strong><a href=\"https:\/\/youtube.com\/@identidadeeleitura8857?si=6Vgq-sMLgw5YFVu0\">Identidad y lectura<\/a><br \/><\/strong><em>UFPR<\/em><strong><em><br \/><\/em><\/strong>Profesora participante: Clarissa Menezes J\u00f3rd\u00e3o (l\u00edder)<\/p>\n<p><strong>NEIS &#8211; Centro de Estudios Interling\u00fc\u00edsticos<br \/><\/strong><em>UFRJ<br \/><\/em>Profesor participante: Roberto de Freitas Junior (l\u00edder)<\/p>\n<p><strong>PR\u00c1CTICAS de lengua, trabajo y formaci\u00f3n de profesores<br \/><\/strong><em>UFF<br \/><\/em>Profesor participante: Bruno Deusdar\u00e1<\/p>\n<p><strong>SEDI &#8211; Semi\u00f3tica y Discurso<br \/><\/strong><em>UFF<br \/><\/em>Profesora participante: Lucia Teixeira de Siqueira e Oliveira (l\u00edder)<\/p>\n<h2>LITERATURA<\/h2>\n<p>\t\t\tGRUPOS CON SEDE EN LA ESCUELA DE MAGISTERIO DE LA UERJ\t\t<\/p>\n<p><strong><a href=\"https:\/\/gppoeticasdadiversidade.wordpress.com\/\">Po\u00e9tica de la diversidad<\/a><br \/><\/strong>Profesores participantes: Paulo C\u00e9sar de Oliveira (l\u00edder), Shirley Gomes Carreira (l\u00edder) y Maria Cristina Ribas<\/p>\n<p><strong><a href=\"https:\/\/youtube.com\/@gefisuerj-ffp3386?si=a3Rf2YMe1dYbzyfj\">GEFIS \u2013 Grupo de Estudios Feministas e Interseccionales<\/a><br \/><\/strong>Profesores participantes: Maximiliano Gomes Torres (l\u00edder)<\/p>\n<p><a href=\"https:\/\/www.instagram.com\/gefis.uerj\">Instagram<\/a><\/p>\n<p><strong><a href=\"https:\/\/youtube.com\/@grupodepesquisabrasilcabov4621?si=2IytHgJW0Gj14-nH\">Brasil Cabo Verde: Literatura, Educaci\u00f3n e Historia<\/a><br \/><\/strong>Profesores participantes: Norma Sueli Rosa Lima (l\u00edder)<\/p>\n<p><strong>Literaturas, Artes Visuales y Formaci\u00f3n del Profesorado<br \/><\/strong>Profesores participantes: Elo\u00edsa Porto Corr\u00eaa Allevato Braem (l\u00edder)<\/p>\n<p>\t\t\tGRUPO DE INVESTIGACI\u00d3N DE OTRO CAMPUS DE LA UERJ\t\t<\/p>\n<p><strong>EnLIJ &#8211; Encuentros con la Literatura Infantil y Juvenil: ficci\u00f3n, teor\u00edas y pr\u00e1cticas<br \/><\/strong>Profesores participantes: Elo\u00edsa Porto, Norma Sueli Rosa Lima y Shirley Gomes Carreira<\/p>\n<p><strong>LABELLE \u2013 Estudios sobre la literatura y la cultura de la Belle \u00c9poque<br \/><\/strong>Profesor participante: Leonardo Mendes<\/p>\n<p><strong>Investigaci\u00f3n literaria luso-brasile\u00f1a en el Real Gabinete de Lectura Portugu\u00e9s<br \/><\/strong>Conferenciante: Madalena Vaz Pinto<\/p>\n<p><strong>Nudos de lo ins\u00f3lito: hilos de ficci\u00f3n, teor\u00eda y cr\u00edtica<br \/><\/strong>Profesora participante: Shirley de Souza Gomes Carreira<\/p>\n<p>\t\t\tGRUPOS DE INVESTIGACI\u00d3N DE OTRAS IES<br \/>(Instituci\u00f3n de Educaci\u00f3n Superior)\t\t<\/p>\n<p><strong>ARS &#8211; Arte, Realidad y Sociedad<br \/><\/strong><em>Fundaci\u00f3n Biblioteca Nacional<\/em><br \/>Conferenciante participante: Leonardo Mendes<\/p>\n<p><strong>NIELM &#8211; Centro Interdisciplinar de Estudios de la Mujer en la Literatura<br \/><\/strong><em>UFRJ<br \/><\/em>Profesor participante: Maximiliano Gomes Torres<\/p>\n<p><strong>Perspectivas postcoloniales: literaturas y culturas en lengua portuguesa<\/strong><br \/><em>UFF<br \/><\/em>Conferencista participante: Maximiliano Gomes Torres<\/p>\n<p><strong>El pasado en el presente: relecturas de la modernidad<\/strong><em><br \/>UFF<\/em><strong><br \/><\/strong>Conferenciante participante: Maria Cristina Ribas<\/p>\n<p><strong>Intermedia: Estudios sobre la Intermedialidad<\/strong><br \/><em>UFMG<\/em><strong><br \/><\/strong>Conferenciante participante: Maria Cristina Ribas<\/p>\n<p><strong>Publicaciones peri\u00f3dicas y literatura: publicaciones ef\u00edmeras, memoria permanente<br \/><\/strong><em>FNB<br \/><\/em>Profesores participantes: Maria Cristina Ribas (l\u00edder) <\/p>\n<p><strong>Licafro &#8211; Laboratorio Interdisciplinar e Interinstitucional de Literaturas y Culturas Africanas y de la Di\u00e1spora Negra<br \/><\/strong><em>UFF<br \/><\/em>Profesora participante: Norma Sueli Rosa Lima<\/p>\n<style>\/*! elementor - v3.23.0 - 05-08-2024 *\/\n.elementor-widget-google_maps .elementor-widget-container{overflow:hidden}.elementor-widget-google_maps .elementor-custom-embed{line-height:0}.elementor-widget-google_maps iframe{height:300px}<\/style>\n<p>\t\t\t<iframe loading=\"lazy\"\n\t\t\t\t\tsrc=\"https:\/\/maps.google.com\/maps?q=Rua%20Francisco%20Portela%2C%201470%2C%20Patronato%20CEP%2024435-005%2C%20S%C3%A3o%20Gon%C3%A7alo%2C%20RJ&#038;t=m&#038;z=15&#038;output=embed&#038;iwloc=near\"\n\t\t\t\t\ttitle=\"Rua Francisco Portela, 1470, Patronato CEP 24435-005, S\u00e3o Gon\u00e7alo, RJ\"\n\t\t\t\t\taria-label=\"Rua Francisco Portela, 1470, Patronato CEP 24435-005, S\u00e3o Gon\u00e7alo, RJ\"\n\t\t\t><\/iframe><\/p>\n<h2>Contato<\/h2>\n<link rel=\"stylesheet\" href=\"https:\/\/www.pplinuerj.com.br\/wp-content\/plugins\/elementor\/assets\/css\/widget-icon-box.min.css\">\n<h3>\n\t\t\t\t\t\t\tRua Francisco Portela, 1470, Patronato<br \/>CEP: 24.435-005, S\u00e3o Gon\u00e7alo, RJ<br \/>\n\t\t\t\t\t<\/h3>\n<h3>\n\t\t\t\t\t\t\t(21) 2728-7969<br \/>\n\t\t\t\t\t<\/h3>\n<h3>\n\t\t\t\t\t\t\tpplinuerj@gmail.com<br \/>\n\t\t\t\t\t<\/h3>\n","protected":false},"excerpt":{"rendered":"<p>Grupos de investigaci\u00f3n GRUPOS DE INVESTIGACI\u00d3N EN LOS QUE TRABAJAN LOS PROFESORES PPLIN LING\u00dc\u00cdSTICA GRUPOS CON SEDE EN LA FACULTAD DE FORMACI\u00d3N DEL PROFESORADO DE LA UERJ FORMACI\u00d3N DEL PROFESORADO, LENGUAS Y JUSTICIA SOCIAL &#8211; PROFJUSFFP-UERJProfesores participantes: Marcia Lisb\u00f4a Costa de Oliveira (l\u00edder) y Katia Nazareth Moura de Abreu Instagram YouTube INTERFACES &#8211; Interfaces ling\u00fc\u00edsticasFFP-UERJProfesor &hellip;<\/p>\n<p class=\"read-more\"> <a class=\"\" href=\"https:\/\/www.pplinuerj.com.br\/es\/grupos-de-pesquisa\/\"> <span class=\"screen-reader-text\">Grupos de Pesquisa<\/span> Read More &raquo;<\/a><\/p>\n","protected":false},"author":1,"featured_media":0,"parent":0,"menu_order":0,"comment_status":"closed","ping_status":"closed","template":"","meta":{"site-sidebar-layout":"no-sidebar","site-content-layout":"page-builder","ast-site-content-layout":"full-width-container","site-content-style":"default","site-sidebar-style":"default","ast-global-header-display":"","ast-banner-title-visibility":"","ast-main-header-display":"","ast-hfb-above-header-display":"","ast-hfb-below-header-display":"","ast-hfb-mobile-header-display":"","site-post-title":"disabled","ast-breadcrumbs-content":"","ast-featured-img":"disabled","footer-sml-layout":"","theme-transparent-header-meta":"","adv-header-id-meta":"","stick-header-meta":"","header-above-stick-meta":"","header-main-stick-meta":"","header-below-stick-meta":"","astra-migrate-meta-layouts":"set","footnotes":""},"class_list":["post-24864","page","type-page","status-publish","hentry"],"translation":{"provider":"WPGlobus","version":"3.0.0","language":"es","enabled_languages":["br","en","es"],"languages":{"br":{"title":true,"content":true,"excerpt":false},"en":{"title":true,"content":true,"excerpt":false},"es":{"title":false,"content":true,"excerpt":false}}},"_links":{"self":[{"href":"https:\/\/www.pplinuerj.com.br\/es\/wp-json\/wp\/v2\/pages\/24864","targetHints":{"allow":["GET"]}}],"collection":[{"href":"https:\/\/www.pplinuerj.com.br\/es\/wp-json\/wp\/v2\/pages"}],"about":[{"href":"https:\/\/www.pplinuerj.com.br\/es\/wp-json\/wp\/v2\/types\/page"}],"author":[{"embeddable":true,"href":"https:\/\/www.pplinuerj.com.br\/es\/wp-json\/wp\/v2\/users\/1"}],"replies":[{"embeddable":true,"href":"https:\/\/www.pplinuerj.com.br\/es\/wp-json\/wp\/v2\/comments?post=24864"}],"version-history":[{"count":58,"href":"https:\/\/www.pplinuerj.com.br\/es\/wp-json\/wp\/v2\/pages\/24864\/revisions"}],"predecessor-version":[{"id":27067,"href":"https:\/\/www.pplinuerj.com.br\/es\/wp-json\/wp\/v2\/pages\/24864\/revisions\/27067"}],"wp:attachment":[{"href":"https:\/\/www.pplinuerj.com.br\/es\/wp-json\/wp\/v2\/media?parent=24864"}],"curies":[{"name":"wp","href":"https:\/\/api.w.org\/{rel}","templated":true}]}}