{"id":24709,"date":"2023-10-05T11:51:31","date_gmt":"2023-10-05T14:51:31","guid":{"rendered":"https:\/\/www.pplinuerj.com.br\/?page_id=24709"},"modified":"2025-07-27T15:54:51","modified_gmt":"2025-07-27T18:54:51","slug":"objetivos","status":"publish","type":"page","link":"https:\/\/www.pplinuerj.com.br\/es\/objetivos\/","title":{"rendered":"Objetivos"},"content":{"rendered":"<style>\/*! elementor - v3.23.0 - 05-08-2024 *\/\n.elementor-heading-title{padding:0;margin:0;line-height:1}.elementor-widget-heading .elementor-heading-title[class*=elementor-size-]>a{color:inherit;font-size:inherit;line-height:inherit}.elementor-widget-heading .elementor-heading-title.elementor-size-small{font-size:15px}.elementor-widget-heading .elementor-heading-title.elementor-size-medium{font-size:19px}.elementor-widget-heading .elementor-heading-title.elementor-size-large{font-size:29px}.elementor-widget-heading .elementor-heading-title.elementor-size-xl{font-size:39px}.elementor-widget-heading .elementor-heading-title.elementor-size-xxl{font-size:59px}<\/style>\n<h2>Objetivos<\/h2>\n<p>El Programa de Postgrado en Literatura y Ling\u00fc\u00edstica (PPLIN) se estructura como un centro de investigaci\u00f3n de excelencia, orientado a la formaci\u00f3n de personal cualificado para el desarrollo de actividades de investigaci\u00f3n y docencia en las \u00e1reas de Literatura y Ling\u00fc\u00edstica.<\/p>\n<h2>LOS OBJETIVOS DEL PPLIN SON<\/h2>\n<ul>\n<li>\n<h2><a target=\"_blank\" rel=\"nofollow\"><\/a><\/h2>\n<p>Fomentar y promover la cooperaci\u00f3n regional, nacional e internacional, a nivel te\u00f3rico-metodol\u00f3gico, de investigadores, docentes y estudiantes, con el fin de intercambiar conocimientos y socializar saberes en las \u00e1reas de Literatura y Ling\u00fc\u00edstica, con miras al desarrollo de actividades de docencia e investigaci\u00f3n;<\/p>\n<\/li>\n<li>\n<h2><a target=\"_blank\" rel=\"nofollow\"><\/a><\/h2>\n<p>Promover la investigaci\u00f3n sistem\u00e1tica y la reflexi\u00f3n epistemol\u00f3gica profunda en el \u00e1mbito de los Estudios Ling\u00fc\u00edsticos y Literarios;<\/p>\n<\/li>\n<li>\n<h2><a target=\"_blank\" rel=\"nofollow\"><\/a><\/h2>\n<p>Crear un espacio privilegiado de perfeccionamiento intelectual orientado al desarrollo de la cr\u00edtica en las \u00e1reas de concentraci\u00f3n \u00abEstudios Ling\u00fc\u00edsticos\u00bb y \u00abEstudios Literarios\u00bb, con vistas a la formaci\u00f3n de profesores e investigadores capaces de demostrar independencia y autonom\u00eda intelectual;<\/p>\n<\/li>\n<li>\n<h2><a target=\"_blank\" rel=\"nofollow\"><\/a><\/h2>\n<p>Formar profesionales cualificados para ejercer actividades de ense\u00f1anza e investigaci\u00f3n en los campos de los estudios literarios y ling\u00fc\u00edsticos, ofreciendo oportunidades de formaci\u00f3n acad\u00e9mica;<\/p>\n<\/li>\n<li>\n<h2><a target=\"_blank\" rel=\"nofollow\"><\/a><\/h2>\n<p>Atender a la creciente demanda de estudios en el nivel de postgrado, especialmente en el contexto de la internalizaci\u00f3n del conocimiento, que favorece nuevas tendencias y posiciones en las \u00e1reas interdisciplinares de la Ling\u00fc\u00edstica y de la Literatura;<\/p>\n<\/li>\n<li>\n<h2><a target=\"_blank\" rel=\"nofollow\"><\/a><\/h2>\n<p>Promover la integraci\u00f3n con los estudios de grado, a fin de encontrar formas de divulgaci\u00f3n a la sociedad de las investigaciones de vanguardia desarrolladas en el Programa, manteniendo, al mismo tiempo, una saludable escucha de las demandas y legados del entorno;<\/p>\n<\/li>\n<li>\n<h2><a target=\"_blank\" rel=\"nofollow\"><\/a><\/h2>\n<p>Ampliar el acervo de investigaciones cr\u00edticas y ficcionales sobre ling\u00fc\u00edstica y literatura en el Gran R\u00edo, como interfaz con la tradici\u00f3n literaria brasile\u00f1a y universal.<\/p>\n<\/li>\n<li>\n<h2><a target=\"_blank\" rel=\"nofollow\"><\/a><\/h2>\n<p>Incentivar acciones que promuevan la articulaci\u00f3n del conocimiento cient\u00edfico (saber acad\u00e9mico) con actividades de formaci\u00f3n en diferentes niveles.<\/p>\n<\/li>\n<\/ul>\n<style>\/*! elementor - v3.23.0 - 05-08-2024 *\/\n.elementor-widget-google_maps .elementor-widget-container{overflow:hidden}.elementor-widget-google_maps .elementor-custom-embed{line-height:0}.elementor-widget-google_maps iframe{height:300px}<\/style>\n<p>\t\t\t<iframe loading=\"lazy\"\n\t\t\t\t\tsrc=\"https:\/\/maps.google.com\/maps?q=Rua%20Francisco%20Portela%2C%201470%2C%20Patronato%20CEP%2024435-005%2C%20S%C3%A3o%20Gon%C3%A7alo%2C%20RJ&#038;t=m&#038;z=15&#038;output=embed&#038;iwloc=near\"\n\t\t\t\t\ttitle=\"Rua Francisco Portela, 1470, Patronato CEP 24435-005, S\u00e3o Gon\u00e7alo, RJ\"\n\t\t\t\t\taria-label=\"Rua Francisco Portela, 1470, Patronato CEP 24435-005, S\u00e3o Gon\u00e7alo, RJ\"\n\t\t\t><\/iframe><\/p>\n<h2>Contato<\/h2>\n<link rel=\"stylesheet\" href=\"https:\/\/www.pplinuerj.com.br\/wp-content\/plugins\/elementor\/assets\/css\/widget-icon-box.min.css\">\n<h3>\n\t\t\t\t\t\t\tRua Francisco Portela, 1470, Patronato<br \/>CEP: 24.435-005, S\u00e3o Gon\u00e7alo, RJ<br \/>\n\t\t\t\t\t<\/h3>\n<h3>\n\t\t\t\t\t\t\t(21) 2728-7969<br \/>\n\t\t\t\t\t<\/h3>\n<h3>\n\t\t\t\t\t\t\tpplinuerj@gmail.com<br \/>\n\t\t\t\t\t<\/h3>\n","protected":false},"excerpt":{"rendered":"<p>Objetivos El Programa de Postgrado en Literatura y Ling\u00fc\u00edstica (PPLIN) se estructura como un centro de investigaci\u00f3n de excelencia, orientado a la formaci\u00f3n de personal cualificado para el desarrollo de actividades de investigaci\u00f3n y docencia en las \u00e1reas de Literatura y Ling\u00fc\u00edstica. LOS OBJETIVOS DEL PPLIN SON Fomentar y promover la cooperaci\u00f3n regional, nacional e &hellip;<\/p>\n<p class=\"read-more\"> <a class=\"\" href=\"https:\/\/www.pplinuerj.com.br\/es\/objetivos\/\"> <span class=\"screen-reader-text\">Objetivos<\/span> Read More &raquo;<\/a><\/p>\n","protected":false},"author":1,"featured_media":0,"parent":0,"menu_order":0,"comment_status":"closed","ping_status":"closed","template":"","meta":{"site-sidebar-layout":"no-sidebar","site-content-layout":"page-builder","ast-site-content-layout":"full-width-container","site-content-style":"default","site-sidebar-style":"default","ast-global-header-display":"","ast-banner-title-visibility":"","ast-main-header-display":"","ast-hfb-above-header-display":"","ast-hfb-below-header-display":"","ast-hfb-mobile-header-display":"","site-post-title":"disabled","ast-breadcrumbs-content":"","ast-featured-img":"disabled","footer-sml-layout":"","theme-transparent-header-meta":"","adv-header-id-meta":"","stick-header-meta":"","header-above-stick-meta":"","header-main-stick-meta":"","header-below-stick-meta":"","astra-migrate-meta-layouts":"set","footnotes":""},"class_list":["post-24709","page","type-page","status-publish","hentry"],"translation":{"provider":"WPGlobus","version":"3.0.0","language":"es","enabled_languages":["br","en","es"],"languages":{"br":{"title":true,"content":true,"excerpt":false},"en":{"title":true,"content":true,"excerpt":false},"es":{"title":false,"content":true,"excerpt":false}}},"_links":{"self":[{"href":"https:\/\/www.pplinuerj.com.br\/es\/wp-json\/wp\/v2\/pages\/24709","targetHints":{"allow":["GET"]}}],"collection":[{"href":"https:\/\/www.pplinuerj.com.br\/es\/wp-json\/wp\/v2\/pages"}],"about":[{"href":"https:\/\/www.pplinuerj.com.br\/es\/wp-json\/wp\/v2\/types\/page"}],"author":[{"embeddable":true,"href":"https:\/\/www.pplinuerj.com.br\/es\/wp-json\/wp\/v2\/users\/1"}],"replies":[{"embeddable":true,"href":"https:\/\/www.pplinuerj.com.br\/es\/wp-json\/wp\/v2\/comments?post=24709"}],"version-history":[{"count":46,"href":"https:\/\/www.pplinuerj.com.br\/es\/wp-json\/wp\/v2\/pages\/24709\/revisions"}],"predecessor-version":[{"id":26618,"href":"https:\/\/www.pplinuerj.com.br\/es\/wp-json\/wp\/v2\/pages\/24709\/revisions\/26618"}],"wp:attachment":[{"href":"https:\/\/www.pplinuerj.com.br\/es\/wp-json\/wp\/v2\/media?parent=24709"}],"curies":[{"name":"wp","href":"https:\/\/api.w.org\/{rel}","templated":true}]}}