{"id":25672,"date":"2024-07-02T09:50:34","date_gmt":"2024-07-02T12:50:34","guid":{"rendered":"https:\/\/www.pplinuerj.com.br\/?page_id=25672"},"modified":"2024-07-02T19:18:00","modified_gmt":"2024-07-02T22:18:00","slug":"acafirmativas","status":"publish","type":"page","link":"https:\/\/www.pplinuerj.com.br\/en\/acafirmativas\/","title":{"rendered":"A\u00e7\u00f5es afirmativas"},"content":{"rendered":"\t\t<div data-elementor-type=\"wp-page\" data-elementor-id=\"25672\" class=\"elementor elementor-25672\">\n\t\t\t\t\t\t<section class=\"elementor-section elementor-top-section elementor-element elementor-element-3e3677080 elementor-section-boxed elementor-section-height-default elementor-section-height-default wpr-particle-no wpr-jarallax-no wpr-sticky-section-no\" data-id=\"3e3677080\" data-element_type=\"section\" data-settings=\"{&quot;background_background&quot;:&quot;classic&quot;}\">\n\t\t\t\t\t\t\t<div class=\"elementor-background-overlay\"><\/div>\n\t\t\t\t\t\t\t<div class=\"elementor-container elementor-column-gap-default\">\n\t\t\t\t\t<div class=\"elementor-column elementor-col-100 elementor-top-column elementor-element elementor-element-145aa14d\" data-id=\"145aa14d\" data-element_type=\"column\">\n\t\t\t<div class=\"elementor-widget-wrap elementor-element-populated\">\n\t\t\t\t\t\t<div class=\"elementor-element elementor-element-4a0b9a7 elementor-widget elementor-widget-heading\" data-id=\"4a0b9a7\" data-element_type=\"widget\" data-widget_type=\"heading.default\">\n\t\t\t\t<div class=\"elementor-widget-container\">\n\t\t\t<style>\/*! elementor - v3.23.0 - 05-08-2024 *\/\n.elementor-heading-title{padding:0;margin:0;line-height:1}.elementor-widget-heading .elementor-heading-title[class*=elementor-size-]>a{color:inherit;font-size:inherit;line-height:inherit}.elementor-widget-heading .elementor-heading-title.elementor-size-small{font-size:15px}.elementor-widget-heading .elementor-heading-title.elementor-size-medium{font-size:19px}.elementor-widget-heading .elementor-heading-title.elementor-size-large{font-size:29px}.elementor-widget-heading .elementor-heading-title.elementor-size-xl{font-size:39px}.elementor-widget-heading .elementor-heading-title.elementor-size-xxl{font-size:59px}<\/style><h2 class=\"elementor-heading-title elementor-size-default\">A\u00e7\u00f5es afirmativas<\/h2>\t\t<\/div>\n\t\t\t\t<\/div>\n\t\t\t\t\t<\/div>\n\t\t<\/div>\n\t\t\t\t\t<\/div>\n\t\t<\/section>\n\t\t\t\t<section class=\"elementor-section elementor-top-section elementor-element elementor-element-5974638d elementor-section-boxed elementor-section-height-default elementor-section-height-default wpr-particle-no wpr-jarallax-no wpr-parallax-no wpr-sticky-section-no\" data-id=\"5974638d\" data-element_type=\"section\">\n\t\t\t\t\t\t<div class=\"elementor-container elementor-column-gap-wide\">\n\t\t\t\t\t<div class=\"elementor-column elementor-col-100 elementor-top-column elementor-element elementor-element-1bac53c6\" data-id=\"1bac53c6\" data-element_type=\"column\">\n\t\t\t<div class=\"elementor-widget-wrap elementor-element-populated\">\n\t\t\t\t\t\t<div class=\"elementor-element elementor-element-fadd7b0 elementor-widget elementor-widget-text-editor\" data-id=\"fadd7b0\" data-element_type=\"widget\" data-widget_type=\"text-editor.default\">\n\t\t\t\t<div class=\"elementor-widget-container\">\n\t\t\t<style>\/*! elementor - v3.23.0 - 05-08-2024 *\/\n.elementor-widget-text-editor.elementor-drop-cap-view-stacked .elementor-drop-cap{background-color:#69727d;color:#fff}.elementor-widget-text-editor.elementor-drop-cap-view-framed .elementor-drop-cap{color:#69727d;border:3px solid;background-color:transparent}.elementor-widget-text-editor:not(.elementor-drop-cap-view-default) .elementor-drop-cap{margin-top:8px}.elementor-widget-text-editor:not(.elementor-drop-cap-view-default) .elementor-drop-cap-letter{width:1em;height:1em}.elementor-widget-text-editor .elementor-drop-cap{float:left;text-align:center;line-height:1;font-size:50px}.elementor-widget-text-editor .elementor-drop-cap-letter{display:inline-block}<\/style>\t\t\t\t<h5 data-hook=\"bgLayers\">CONTEXTO GERAL<\/h5><p><span style=\"font-family: Times New Roman, serif;\"><span style=\"font-size: 16px;\">Em face das constantes mudan\u00e7as nos m\u00faltiplos setores da sociedade, bem como da necessidade de profundas transforma\u00e7\u00f5es nos \u00e2mbitos sociais, econ\u00f4micas, culturais e tecnol\u00f3gicas no pa\u00eds e, em especial no Estado do Rio de Janeiro, a UERJ se destaca pelo (re)pensar, que orienta as pr\u00e1ticas afirmativas que conduzem \u00e0 consecu\u00e7\u00e3o dos objetivos institucionais, assegurando a devida e necess\u00e1ria articula\u00e7\u00e3o entre a produ\u00e7\u00e3o do saber, a forma\u00e7\u00e3o acad\u00eamica e profissional e a transfer\u00eancia de conhecimentos, esta \u00faltima como mola propulsora da modifica\u00e7\u00e3o do \u201cstatus quo\u201d social.<\/span><\/span><\/p><p><span style=\"font-family: Times New Roman, serif;\"><span style=\"font-size: 16px;\">\u00a0A UERJ em cumprimento \u00e0s Leis Estaduais n\u00ba 6.914\/2014 e n\u00b0 6.959\/2015, que disp\u00f5em sobre o sistema de cotas para ingresso nos cursos de P\u00f3s-gradua\u00e7\u00e3o, Mestrado, Doutorado e Especializa\u00e7\u00e3o nas universidades p\u00fablicas do Estado do Rio de Janeiro, reserva, para os candidatos comprovadamente carentes, um percentual de 30% (trinta por cento) das vagas oferecidas, distribu\u00eddas pelos seguintes grupos de cotas: (a) 12% (doze por cento) para estudantes graduados negros e ind\u00edgenas; (b) 12% (doze por cento) para graduados da rede p\u00fablica e privada de ensino superior; (c) 6% (seis por cento) para pessoas com defici\u00eancia, nos termos da legisla\u00e7\u00e3o em vigor, filhos de policiais civis e militares, bombeiros militares e inspetores de seguran\u00e7a e administra\u00e7\u00e3o penitenciaria, mortos ou incapacitados em raz\u00e3o do servi\u00e7o.<\/span><\/span><\/p><p><span style=\"font-family: Times New Roman, serif;\"><span style=\"font-size: 16px;\">\u00a0Al\u00e9m dessas a\u00e7\u00f5es, a UERJ, em 2020, criou a Pr\u00f3-reitoria de Pol\u00edticas e Assist\u00eancia Estudantis. A Unidade \u00e9 respons\u00e1vel pela formula\u00e7\u00e3o das pol\u00edticas e a estrutura\u00e7\u00e3o das a\u00e7\u00f5es inerentes ao setor, ao mesmo tempo em que acompanha as atividades de assist\u00eancia, inclus\u00e3o e acessibilidade aos estudantes da Educa\u00e7\u00e3o B\u00e1sica do Instituto de Aplica\u00e7\u00e3o Fernando Rodrigues da Silveira (CApUerj), da Gradua\u00e7\u00e3o e da P\u00f3s-gradua\u00e7\u00e3o (<a href=\"https:\/\/www.pr4.uerj.br\/\">https:\/\/www.pr4.uerj.br\/<\/a>).\u00a0 Um importante programa de apoio aos estudantes \u00e9 a Bolsa Perman\u00eancia da P\u00f3s-gradua\u00e7\u00e3o (BPPG), que atende a estudantes da P\u00f3s-Gradua\u00e7\u00e3o stricto sensu (Mestrado ou Doutorado) da UERJ, cotistas ou da ampla concorr\u00eancia em situa\u00e7\u00e3o de vulnerabilidade social j\u00e1 comprovada, com renda per capita de at\u00e9 1,5 (um e meio) sal\u00e1rio m\u00ednimo, matriculados e cursando as atividades acad\u00eamicas previstas no curso (<a href=\"https:\/\/www.pr4.uerj.br\/index.php\/bppg\/\">https:\/\/www.pr4.uerj.br\/index.php\/bppg\/<\/a>).<\/span><\/span><\/p><h5><strong>A\u00e7\u00f5es afirmativas espec\u00edficas do PPLIN<\/strong><\/h5><p><span style=\"font-family: Times New Roman, serif;\"><span style=\"font-size: 16px;\">Em rela\u00e7\u00e3o \u00e0 distribui\u00e7\u00e3o de bolsas, al\u00e9m dos crit\u00e9rios j\u00e1 existentes, em nossa norma interna, o documento prev\u00ea que \u201cRespeitando decis\u00e3o do colegiado do programa receber\u00e3o com prioridade as primeiras bolsas dispon\u00edveis: a) Estudantes aprovados por cota no processo seletivo ao Mestrado e ao Doutorado; b) Estudantes estrangeiros selecionados por editais de interc\u00e2mbio da universidade; e c) Estudantes que receberam bolsas provis\u00f3rias\u201d.<br \/><\/span><\/span><\/p><p><span style=\"font-family: Times New Roman, serif;\"><span style=\"font-size: 16px;\">\u00a0<\/span><\/span><span style=\"font-size: 16px; font-family: 'Times New Roman', serif; font-style: inherit; font-weight: inherit;\">Em rela\u00e7\u00e3o ao credenciamento dos docentes, nossa normativa prev\u00ea que \u201c\u00a7 2\u00b0 &#8211; Para o credenciamento ou recredenciamento para o curso de Doutorado, ser\u00e1 considerada a pontua\u00e7\u00e3o de 400 pontos, bem como para quem usufruiu de licen\u00e7a-maternidade durante o per\u00edodo dos \u00faltimos 4 (quatro) anos de avalia\u00e7\u00e3o da produtividade, poder\u00e1 ser acrescido um ano. Para fins de comprova\u00e7\u00e3o, dever\u00e1 ser anexada \u00e0 proposta a Certid\u00e3o de Nascimento ou, no caso de ado\u00e7\u00e3o, o Registro Civil\u201d.<\/span><\/p><p><span style=\"font-family: Times New Roman, serif;\"><span style=\"font-size: 16px;\">\u00a0<\/span><\/span><span style=\"font-size: 16px; font-family: 'Times New Roman', serif; font-style: inherit; font-weight: inherit;\">Como\u00a0 \u201ciniciativas e metas\u201d de nosso Planejamento Estrat\u00e9gico, indicamos que \u201cnosso compromisso \u00e9 com a inclus\u00e3o, visando oferecer oportunidades equ\u00e2nimes e consolidar a proposta democr\u00e1tica do programa, garantindo o acesso ao conhecimento universit\u00e1rio de forma mais justa e inclusiva. Parte dessas a\u00e7\u00f5es j\u00e1 se refletem em nossas normativas, que ap\u00f3s a revis\u00e3o realizadas neste ano, preveem alguma iniciativa voltada para uma a\u00e7\u00e3o afirmativa.<\/span><\/p><p><span style=\"font-family: Times New Roman, serif;\"><span style=\"font-size: 16px;\">\u00a0<\/span><\/span><span style=\"font-size: 16px; font-family: 'Times New Roman', serif; font-style: inherit; font-weight: inherit;\">No dia 23 de outubro de 2023, a abertura do VIII SEPPLIN, com o tema Literatura e Lingu\u00edstica: Perspectivas atuais, contou com a confer\u00eancia \u201cLeitura e anticapacitismo: pr\u00e1ticas para a inclus\u00e3o de pessoas com defici\u00eancia\u201d, proferida pela Profa. Dra. Fernanda Shcolnik, do Departamento de L\u00ednguas e Literatura do CAp-UERJ e mediada pela Profa. Dra. Juciele Pereira Dias, lotada no mesmo departamento da UERJ e professora do PPLIN, sendo ambas coautoras em trabalhos sobre pr\u00e1ticas de ensino de l\u00edngua e de literatura. A professora conferencista \u00e9 uma Pessoa com defici\u00eancia (PDC) visual, pesquisadora em literatura comparada, coordena o projeto \u201cDefici\u00eancia e universidade: pol\u00edticas de acolhimento e estrat\u00e9gias de inclus\u00e3o da comunidade acad\u00eamica\u201d e, a partir da sua fala, promoveu um espa\u00e7o sens\u00edvel de compreens\u00e3o de como o capacitismo est\u00e1 presente nas rela\u00e7\u00f5es sociais nas institui\u00e7\u00f5es e de como \u00e9 necess\u00e1ria a promo\u00e7\u00e3o de pr\u00e1ticas pol\u00edticas de inclus\u00e3o das pessoas em sua diversidade de demandas especiais no nosso cotidiano sociocultural.<\/span><\/p>\t\t\t\t\t\t<\/div>\n\t\t\t\t<\/div>\n\t\t\t\t\t<\/div>\n\t\t<\/div>\n\t\t\t\t\t<\/div>\n\t\t<\/section>\n\t\t\t\t<section class=\"elementor-section elementor-top-section elementor-element elementor-element-9cb81b9 elementor-section-content-middle elementor-section-full_width elementor-section-height-default elementor-section-height-default wpr-particle-no wpr-jarallax-no wpr-parallax-no wpr-sticky-section-no\" data-id=\"9cb81b9\" data-element_type=\"section\">\n\t\t\t\t\t\t<div class=\"elementor-container elementor-column-gap-no\">\n\t\t\t\t\t<div class=\"elementor-column elementor-col-50 elementor-top-column elementor-element elementor-element-a3e63b5\" data-id=\"a3e63b5\" data-element_type=\"column\">\n\t\t\t<div class=\"elementor-widget-wrap elementor-element-populated\">\n\t\t\t\t\t\t<div class=\"elementor-element elementor-element-153a445 elementor-widget elementor-widget-google_maps\" data-id=\"153a445\" data-element_type=\"widget\" data-widget_type=\"google_maps.default\">\n\t\t\t\t<div class=\"elementor-widget-container\">\n\t\t\t<style>\/*! elementor - v3.23.0 - 05-08-2024 *\/\n.elementor-widget-google_maps .elementor-widget-container{overflow:hidden}.elementor-widget-google_maps .elementor-custom-embed{line-height:0}.elementor-widget-google_maps iframe{height:300px}<\/style>\t\t<div class=\"elementor-custom-embed\">\n\t\t\t<iframe loading=\"lazy\"\n\t\t\t\t\tsrc=\"https:\/\/maps.google.com\/maps?q=Rua%20Francisco%20Portela%2C%201470%2C%20Patronato%20CEP%2024435-005%2C%20S%C3%A3o%20Gon%C3%A7alo%2C%20RJ&#038;t=m&#038;z=15&#038;output=embed&#038;iwloc=near\"\n\t\t\t\t\ttitle=\"Rua Francisco Portela, 1470, Patronato CEP 24435-005, S\u00e3o Gon\u00e7alo, RJ\"\n\t\t\t\t\taria-label=\"Rua Francisco Portela, 1470, Patronato CEP 24435-005, S\u00e3o Gon\u00e7alo, RJ\"\n\t\t\t><\/iframe>\n\t\t<\/div>\n\t\t\t\t<\/div>\n\t\t\t\t<\/div>\n\t\t\t\t\t<\/div>\n\t\t<\/div>\n\t\t\t\t<div class=\"elementor-column elementor-col-50 elementor-top-column elementor-element elementor-element-c60cc0e\" data-id=\"c60cc0e\" data-element_type=\"column\" data-settings=\"{&quot;background_background&quot;:&quot;classic&quot;}\">\n\t\t\t<div class=\"elementor-widget-wrap elementor-element-populated\">\n\t\t\t\t\t\t<div class=\"elementor-element elementor-element-6bfdad7 elementor-widget elementor-widget-heading\" data-id=\"6bfdad7\" data-element_type=\"widget\" data-widget_type=\"heading.default\">\n\t\t\t\t<div class=\"elementor-widget-container\">\n\t\t\t<h2 class=\"elementor-heading-title elementor-size-default\">Contato<\/h2>\t\t<\/div>\n\t\t\t\t<\/div>\n\t\t\t\t<div class=\"elementor-element elementor-element-f89af6a elementor-position-left elementor-view-default elementor-mobile-position-top elementor-vertical-align-top elementor-widget elementor-widget-icon-box\" data-id=\"f89af6a\" data-element_type=\"widget\" data-widget_type=\"icon-box.default\">\n\t\t\t\t<div class=\"elementor-widget-container\">\n\t\t\t<link rel=\"stylesheet\" href=\"https:\/\/www.pplinuerj.com.br\/wp-content\/plugins\/elementor\/assets\/css\/widget-icon-box.min.css\">\t\t<div class=\"elementor-icon-box-wrapper\">\n\n\t\t\t\t\t\t<div class=\"elementor-icon-box-icon\">\n\t\t\t\t<span  class=\"elementor-icon elementor-animation-\">\n\t\t\t\t<i aria-hidden=\"true\" class=\"fas fa-map-marker-alt\"><\/i>\t\t\t\t<\/span>\n\t\t\t<\/div>\n\t\t\t\n\t\t\t\t\t\t<div class=\"elementor-icon-box-content\">\n\n\t\t\t\t\t\t\t\t\t<h3 class=\"elementor-icon-box-title\">\n\t\t\t\t\t\t<span  >\n\t\t\t\t\t\t\tRua Francisco Portela, 1470, Patronato<br>CEP: 24.435-005, S\u00e3o Gon\u00e7alo, RJ\t\t\t\t\t\t<\/span>\n\t\t\t\t\t<\/h3>\n\t\t\t\t\n\t\t\t\t\n\t\t\t<\/div>\n\t\t\t\n\t\t<\/div>\n\t\t\t\t<\/div>\n\t\t\t\t<\/div>\n\t\t\t\t<div class=\"elementor-element elementor-element-d428948 elementor-position-left elementor-view-default elementor-mobile-position-top elementor-vertical-align-top elementor-widget elementor-widget-icon-box\" data-id=\"d428948\" data-element_type=\"widget\" data-widget_type=\"icon-box.default\">\n\t\t\t\t<div class=\"elementor-widget-container\">\n\t\t\t\t\t<div class=\"elementor-icon-box-wrapper\">\n\n\t\t\t\t\t\t<div class=\"elementor-icon-box-icon\">\n\t\t\t\t<span  class=\"elementor-icon elementor-animation-\">\n\t\t\t\t<i aria-hidden=\"true\" class=\"fas fa-phone-alt\"><\/i>\t\t\t\t<\/span>\n\t\t\t<\/div>\n\t\t\t\n\t\t\t\t\t\t<div class=\"elementor-icon-box-content\">\n\n\t\t\t\t\t\t\t\t\t<h3 class=\"elementor-icon-box-title\">\n\t\t\t\t\t\t<span  >\n\t\t\t\t\t\t\t(21) 2728-7969\t\t\t\t\t\t<\/span>\n\t\t\t\t\t<\/h3>\n\t\t\t\t\n\t\t\t\t\n\t\t\t<\/div>\n\t\t\t\n\t\t<\/div>\n\t\t\t\t<\/div>\n\t\t\t\t<\/div>\n\t\t\t\t<div class=\"elementor-element elementor-element-cf0cffc elementor-position-left elementor-view-default elementor-mobile-position-top elementor-vertical-align-top elementor-widget elementor-widget-icon-box\" data-id=\"cf0cffc\" data-element_type=\"widget\" data-widget_type=\"icon-box.default\">\n\t\t\t\t<div class=\"elementor-widget-container\">\n\t\t\t\t\t<div class=\"elementor-icon-box-wrapper\">\n\n\t\t\t\t\t\t<div class=\"elementor-icon-box-icon\">\n\t\t\t\t<span  class=\"elementor-icon elementor-animation-\">\n\t\t\t\t<i aria-hidden=\"true\" class=\"far fa-envelope\"><\/i>\t\t\t\t<\/span>\n\t\t\t<\/div>\n\t\t\t\n\t\t\t\t\t\t<div class=\"elementor-icon-box-content\">\n\n\t\t\t\t\t\t\t\t\t<h3 class=\"elementor-icon-box-title\">\n\t\t\t\t\t\t<span  >\n\t\t\t\t\t\t\tpplinuerj@gmail.com\t\t\t\t\t\t<\/span>\n\t\t\t\t\t<\/h3>\n\t\t\t\t\n\t\t\t\t\n\t\t\t<\/div>\n\t\t\t\n\t\t<\/div>\n\t\t\t\t<\/div>\n\t\t\t\t<\/div>\n\t\t\t\t\t<\/div>\n\t\t<\/div>\n\t\t\t\t\t<\/div>\n\t\t<\/section>\n\t\t\t\t<\/div>\n\t\t","protected":false},"excerpt":{"rendered":"<p>A\u00e7\u00f5es afirmativas CONTEXTO GERAL Em face das constantes mudan\u00e7as nos m\u00faltiplos setores da sociedade, bem como da necessidade de profundas transforma\u00e7\u00f5es nos \u00e2mbitos sociais, econ\u00f4micas, culturais e tecnol\u00f3gicas no pa\u00eds e, em especial no Estado do Rio de Janeiro, a UERJ se destaca pelo (re)pensar, que orienta as pr\u00e1ticas afirmativas que conduzem \u00e0 consecu\u00e7\u00e3o dos &hellip;<\/p>\n<p class=\"read-more\"> <a class=\"\" href=\"https:\/\/www.pplinuerj.com.br\/en\/acafirmativas\/\"> <span class=\"screen-reader-text\">A\u00e7\u00f5es afirmativas<\/span> Read More &raquo;<\/a><\/p>\n","protected":false},"author":2,"featured_media":0,"parent":0,"menu_order":0,"comment_status":"closed","ping_status":"closed","template":"","meta":{"site-sidebar-layout":"no-sidebar","site-content-layout":"page-builder","ast-site-content-layout":"full-width-container","site-content-style":"default","site-sidebar-style":"default","ast-global-header-display":"","ast-banner-title-visibility":"","ast-main-header-display":"","ast-hfb-above-header-display":"","ast-hfb-below-header-display":"","ast-hfb-mobile-header-display":"","site-post-title":"disabled","ast-breadcrumbs-content":"","ast-featured-img":"disabled","footer-sml-layout":"","theme-transparent-header-meta":"","adv-header-id-meta":"","stick-header-meta":"","header-above-stick-meta":"","header-main-stick-meta":"","header-below-stick-meta":"","astra-migrate-meta-layouts":"set","footnotes":""},"class_list":["post-25672","page","type-page","status-publish","hentry"],"translation":{"provider":"WPGlobus","version":"3.0.0","language":"en","enabled_languages":["br","en","es"],"languages":{"br":{"title":true,"content":true,"excerpt":false},"en":{"title":false,"content":false,"excerpt":false},"es":{"title":false,"content":false,"excerpt":false}}},"_links":{"self":[{"href":"https:\/\/www.pplinuerj.com.br\/en\/wp-json\/wp\/v2\/pages\/25672","targetHints":{"allow":["GET"]}}],"collection":[{"href":"https:\/\/www.pplinuerj.com.br\/en\/wp-json\/wp\/v2\/pages"}],"about":[{"href":"https:\/\/www.pplinuerj.com.br\/en\/wp-json\/wp\/v2\/types\/page"}],"author":[{"embeddable":true,"href":"https:\/\/www.pplinuerj.com.br\/en\/wp-json\/wp\/v2\/users\/2"}],"replies":[{"embeddable":true,"href":"https:\/\/www.pplinuerj.com.br\/en\/wp-json\/wp\/v2\/comments?post=25672"}],"version-history":[{"count":19,"href":"https:\/\/www.pplinuerj.com.br\/en\/wp-json\/wp\/v2\/pages\/25672\/revisions"}],"predecessor-version":[{"id":25693,"href":"https:\/\/www.pplinuerj.com.br\/en\/wp-json\/wp\/v2\/pages\/25672\/revisions\/25693"}],"wp:attachment":[{"href":"https:\/\/www.pplinuerj.com.br\/en\/wp-json\/wp\/v2\/media?parent=25672"}],"curies":[{"name":"wp","href":"https:\/\/api.w.org\/{rel}","templated":true}]}}