{"id":25099,"date":"2023-10-07T15:17:36","date_gmt":"2023-10-07T18:17:36","guid":{"rendered":"https:\/\/www.pplinuerj.com.br\/?page_id=25099"},"modified":"2025-07-27T15:51:11","modified_gmt":"2025-07-27T18:51:11","slug":"pplin-presente","status":"publish","type":"page","link":"https:\/\/www.pplinuerj.com.br\/en\/pplin-presente\/","title":{"rendered":"PPLIN Presente"},"content":{"rendered":"<style>\/*! elementor - v3.23.0 - 05-08-2024 *\/\n.elementor-heading-title{padding:0;margin:0;line-height:1}.elementor-widget-heading .elementor-heading-title[class*=elementor-size-]>a{color:inherit;font-size:inherit;line-height:inherit}.elementor-widget-heading .elementor-heading-title.elementor-size-small{font-size:15px}.elementor-widget-heading .elementor-heading-title.elementor-size-medium{font-size:19px}.elementor-widget-heading .elementor-heading-title.elementor-size-large{font-size:29px}.elementor-widget-heading .elementor-heading-title.elementor-size-xl{font-size:39px}.elementor-widget-heading .elementor-heading-title.elementor-size-xxl{font-size:59px}<\/style>\n<h2>The PPLIN Presente Collection<\/h2>\n<p>Times spent in the distance, the planet in a trance, bodies and minds in shock, sensibilities stunned. Between screens and windows, how can we touch, embrace, reach out to others? What is the role of the university and the Letters in this turmoil?<\/p>\n<p>\u00a0<\/p>\n<p>We extend our gaze beyond the academic walls, in order to share knowledge, research, experiences, welcome new perspectives, questions, corpora, silences, sayings and reflections, in multiple spaces and temporalities.<\/p>\n<p>\u00a0<\/p>\n<p>In this spirit, we present the Collection of electronic books produced by the Graduate Program in Letters and Linguistics at UERJ\u2019s School of Teacher Training, S\u00e3o Gon\u00e7alo campus, with the participation of teachers and students, in partnership with national and international researchers. Cutting-edge research produced by a young graduate program located in the East of the state of Rio de Janeiro.<\/p>\n<p>\u00a0<\/p>\n<p>We call the collection PPLIN PRESENTE, to mark the presence of the Program as a producer of innovation and knowledge in the areas of Linguistic Studies and Literary Studies, and at the same time to point out the engagement of the research shared here with the demands and challenges of the present time.<\/p>\n<p>CLICK ON THE BOOKS TO SEE<\/p>\n<style>\/*! elementor - v3.23.0 - 05-08-2024 *\/\n.elementor-widget-image{text-align:center}.elementor-widget-image a{display:inline-block}.elementor-widget-image a img[src$=\".svg\"]{width:48px}.elementor-widget-image img{vertical-align:middle;display:inline-block}<\/style>\n<p>\t\t\t\t\t\t\t\t\t\t\t<a href=\"https:\/\/drive.google.com\/file\/d\/1sHc7ovOSZ5AycTiEBsSW_Q1nUw_jpflf\/view\" target=\"_blank\"><br \/>\n\t\t\t\t\t\t\t<img fetchpriority=\"high\" decoding=\"async\" width=\"456\" height=\"656\" src=\"https:\/\/www.pplinuerj.com.br\/wp-content\/uploads\/2023\/10\/Paginas-De-Discurso-e-gramatica_1.jpg\" alt=\"\" srcset=\"https:\/\/www.pplinuerj.com.br\/wp-content\/uploads\/2023\/10\/Paginas-De-Discurso-e-gramatica_1.jpg 456w, https:\/\/www.pplinuerj.com.br\/wp-content\/uploads\/2023\/10\/Paginas-De-Discurso-e-gramatica_1-209x300.jpg 209w\" sizes=\"(max-width: 456px) 100vw, 456px\" \/>\t\t\t\t\t\t\t\t<\/a><br \/>\n\t\t\t\t\t\t\t\t\t\t\t\t\t\t<a href=\"https:\/\/drive.google.com\/file\/d\/1pp5mvZaIwT0obZN-xZRI1AQw0QNPfW-O\/view\" target=\"_blank\"><br \/>\n\t\t\t\t\t\t\t<img decoding=\"async\" width=\"456\" height=\"656\" src=\"https:\/\/www.pplinuerj.com.br\/wp-content\/uploads\/2023\/10\/9f9e1e_2fb6f980429f4399b91962660431e463mv2.jpg\" alt=\"\" srcset=\"https:\/\/www.pplinuerj.com.br\/wp-content\/uploads\/2023\/10\/9f9e1e_2fb6f980429f4399b91962660431e463mv2.jpg 456w, https:\/\/www.pplinuerj.com.br\/wp-content\/uploads\/2023\/10\/9f9e1e_2fb6f980429f4399b91962660431e463mv2-209x300.jpg 209w\" sizes=\"(max-width: 456px) 100vw, 456px\" \/>\t\t\t\t\t\t\t\t<\/a><br \/>\n\t\t\t\t\t\t\t\t\t\t\t\t\t\t<a href=\"https:\/\/drive.google.com\/file\/d\/1vAbS1rYuZpwsihm_wVW17jKpJknKWh3Y\/view\" target=\"_blank\"><br \/>\n\t\t\t\t\t\t\t<img decoding=\"async\" width=\"456\" height=\"656\" src=\"https:\/\/www.pplinuerj.com.br\/wp-content\/uploads\/2023\/10\/pplin-presente-3.jpg\" alt=\"\" srcset=\"https:\/\/www.pplinuerj.com.br\/wp-content\/uploads\/2023\/10\/pplin-presente-3.jpg 456w, https:\/\/www.pplinuerj.com.br\/wp-content\/uploads\/2023\/10\/pplin-presente-3-209x300.jpg 209w\" sizes=\"(max-width: 456px) 100vw, 456px\" \/>\t\t\t\t\t\t\t\t<\/a><br \/>\n\t\t\t\t\t\t\t\t\t\t\t\t\t\t<a href=\"https:\/\/drive.google.com\/file\/d\/1Y0kPjwSIYMRerI2YJXy3GctDYEu8fXl_\/view\" target=\"_blank\"><br \/>\n\t\t\t\t\t\t\t<img loading=\"lazy\" decoding=\"async\" width=\"456\" height=\"656\" src=\"https:\/\/www.pplinuerj.com.br\/wp-content\/uploads\/2023\/10\/pplin-presente-4.jpg\" alt=\"\" srcset=\"https:\/\/www.pplinuerj.com.br\/wp-content\/uploads\/2023\/10\/pplin-presente-4.jpg 456w, https:\/\/www.pplinuerj.com.br\/wp-content\/uploads\/2023\/10\/pplin-presente-4-209x300.jpg 209w\" sizes=\"(max-width: 456px) 100vw, 456px\" \/>\t\t\t\t\t\t\t\t<\/a><br \/>\n\t\t\t\t\t\t\t\t\t\t\t\t\t\t<a href=\"https:\/\/www.editoracrv.com.br\/produtos\/detalhes\/37736-discursos-em-analise-do-no-presente\" target=\"_blank\"><br \/>\n\t\t\t\t\t\t\t<img loading=\"lazy\" decoding=\"async\" width=\"456\" height=\"656\" src=\"https:\/\/www.pplinuerj.com.br\/wp-content\/uploads\/2023\/10\/9f9e1e_5d79728c6f7d4f429032e2e90fd3fa93mv2.jpg\" alt=\"\" srcset=\"https:\/\/www.pplinuerj.com.br\/wp-content\/uploads\/2023\/10\/9f9e1e_5d79728c6f7d4f429032e2e90fd3fa93mv2.jpg 456w, https:\/\/www.pplinuerj.com.br\/wp-content\/uploads\/2023\/10\/9f9e1e_5d79728c6f7d4f429032e2e90fd3fa93mv2-209x300.jpg 209w\" sizes=\"(max-width: 456px) 100vw, 456px\" \/>\t\t\t\t\t\t\t\t<\/a><br \/>\n\t\t\t\t\t\t\t\t\t\t\t\t\t\t<a href=\"https:\/\/www.pplinuerj.com.br\/documentos\/Insurg\u00eancias%20decoloniais%20na%20lingu\u00edstica%20aplicada.pdf\" target=\"_blank\"><br \/>\n\t\t\t\t\t\t\t<img loading=\"lazy\" decoding=\"async\" width=\"365\" height=\"525\" src=\"https:\/\/www.pplinuerj.com.br\/wp-content\/uploads\/2024\/03\/9f9e1e_184fc68c6ce344a8b6d9d4a7f8b2ae43mv2.webp\" alt=\"\" srcset=\"https:\/\/www.pplinuerj.com.br\/wp-content\/uploads\/2024\/03\/9f9e1e_184fc68c6ce344a8b6d9d4a7f8b2ae43mv2.webp 365w, https:\/\/www.pplinuerj.com.br\/wp-content\/uploads\/2024\/03\/9f9e1e_184fc68c6ce344a8b6d9d4a7f8b2ae43mv2-209x300.webp 209w\" sizes=\"(max-width: 365px) 100vw, 365px\" \/>\t\t\t\t\t\t\t\t<\/a><br \/>\n\t\t\t\t\t\t\t\t\t\t\t\t\t\t<a href=\"https:\/\/www.pplinuerj.com.br\/documentos\/Emo\u00e7\u00f5es%20e%20Ensino%20de%20L\u00ednguas-1.pdf\" target=\"_blank\"><br \/>\n\t\t\t\t\t\t\t<img loading=\"lazy\" decoding=\"async\" width=\"365\" height=\"525\" src=\"https:\/\/www.pplinuerj.com.br\/wp-content\/uploads\/2024\/03\/9f9e1e_b8d1415f58774eb6a0352d4ca83b243cmv2.webp\" alt=\"\" srcset=\"https:\/\/www.pplinuerj.com.br\/wp-content\/uploads\/2024\/03\/9f9e1e_b8d1415f58774eb6a0352d4ca83b243cmv2.webp 365w, https:\/\/www.pplinuerj.com.br\/wp-content\/uploads\/2024\/03\/9f9e1e_b8d1415f58774eb6a0352d4ca83b243cmv2-209x300.webp 209w\" sizes=\"(max-width: 365px) 100vw, 365px\" \/>\t\t\t\t\t\t\t\t<\/a><br \/>\n\t\t\t\t\t\t\t\t\t\t\t\t\t\t<a href=\"https:\/\/drive.google.com\/file\/d\/1o5fdRJ8M1XRo3UuZ-PvmbO-QgmIqvQN6\/view\" target=\"_blank\"><br \/>\n\t\t\t\t\t\t\t<img loading=\"lazy\" decoding=\"async\" width=\"663\" height=\"955\" src=\"https:\/\/www.pplinuerj.com.br\/wp-content\/uploads\/2024\/04\/pplin8.png\" alt=\"\" srcset=\"https:\/\/www.pplinuerj.com.br\/wp-content\/uploads\/2024\/04\/pplin8.png 663w, https:\/\/www.pplinuerj.com.br\/wp-content\/uploads\/2024\/04\/pplin8-208x300.png 208w\" sizes=\"(max-width: 663px) 100vw, 663px\" \/>\t\t\t\t\t\t\t\t<\/a><br \/>\n\t\t\t\t\t\t\t\t\t\t\t\t\t\t<a href=\"https:\/\/www.pplinuerj.com.br\/wp-content\/uploads\/2025\/02\/pplin-vol-1.pdf\" target=\"_blank\"><br \/>\n\t\t\t\t\t\t\t<img loading=\"lazy\" decoding=\"async\" width=\"597\" height=\"856\" src=\"https:\/\/www.pplinuerj.com.br\/wp-content\/uploads\/2024\/12\/image.png\" alt=\"\" srcset=\"https:\/\/www.pplinuerj.com.br\/wp-content\/uploads\/2024\/12\/image.png 597w, https:\/\/www.pplinuerj.com.br\/wp-content\/uploads\/2024\/12\/image-209x300.png 209w\" sizes=\"(max-width: 597px) 100vw, 597px\" \/>\t\t\t\t\t\t\t\t<\/a><br \/>\n\t\t\t\t\t\t\t\t\t\t\t\t\t\t<a href=\"https:\/\/www.pplinuerj.com.br\/wp-content\/uploads\/2025\/02\/pplin-vol-4.pdf\" target=\"_blank\"><br \/>\n\t\t\t\t\t\t\t<img loading=\"lazy\" decoding=\"async\" width=\"599\" height=\"855\" src=\"https:\/\/www.pplinuerj.com.br\/wp-content\/uploads\/2024\/12\/image-3.png\" alt=\"\" srcset=\"https:\/\/www.pplinuerj.com.br\/wp-content\/uploads\/2024\/12\/image-3.png 599w, https:\/\/www.pplinuerj.com.br\/wp-content\/uploads\/2024\/12\/image-3-210x300.png 210w\" sizes=\"(max-width: 599px) 100vw, 599px\" \/>\t\t\t\t\t\t\t\t<\/a><br \/>\n\t\t\t\t\t\t\t\t\t\t\t\t\t\t<a href=\"https:\/\/www.pplinuerj.com.br\/wp-content\/uploads\/2025\/02\/pplin-vol-2.pdf\" target=\"_blank\"><br \/>\n\t\t\t\t\t\t\t<img loading=\"lazy\" decoding=\"async\" width=\"598\" height=\"855\" src=\"https:\/\/www.pplinuerj.com.br\/wp-content\/uploads\/2024\/12\/image-1.png\" alt=\"\" srcset=\"https:\/\/www.pplinuerj.com.br\/wp-content\/uploads\/2024\/12\/image-1.png 598w, https:\/\/www.pplinuerj.com.br\/wp-content\/uploads\/2024\/12\/image-1-210x300.png 210w\" sizes=\"(max-width: 598px) 100vw, 598px\" \/>\t\t\t\t\t\t\t\t<\/a><br \/>\n\t\t\t\t\t\t\t\t\t\t\t\t\t\t<a href=\"https:\/\/www.pplinuerj.com.br\/wp-content\/uploads\/2025\/02\/pplin-vol-5.pdf\" target=\"_blank\"><br \/>\n\t\t\t\t\t\t\t<img loading=\"lazy\" decoding=\"async\" width=\"598\" height=\"856\" src=\"https:\/\/www.pplinuerj.com.br\/wp-content\/uploads\/2024\/12\/image-4.png\" alt=\"\" srcset=\"https:\/\/www.pplinuerj.com.br\/wp-content\/uploads\/2024\/12\/image-4.png 598w, https:\/\/www.pplinuerj.com.br\/wp-content\/uploads\/2024\/12\/image-4-210x300.png 210w\" sizes=\"(max-width: 598px) 100vw, 598px\" \/>\t\t\t\t\t\t\t\t<\/a><br \/>\n\t\t\t\t\t\t\t\t\t\t\t\t\t\t<a href=\"https:\/\/www.pplinuerj.com.br\/wp-content\/uploads\/2025\/02\/pplin-vol-3.pdf\" target=\"_blank\"><br \/>\n\t\t\t\t\t\t\t<img loading=\"lazy\" decoding=\"async\" width=\"603\" height=\"859\" src=\"https:\/\/www.pplinuerj.com.br\/wp-content\/uploads\/2024\/12\/image-2.png\" alt=\"\" srcset=\"https:\/\/www.pplinuerj.com.br\/wp-content\/uploads\/2024\/12\/image-2.png 603w, https:\/\/www.pplinuerj.com.br\/wp-content\/uploads\/2024\/12\/image-2-211x300.png 211w\" sizes=\"(max-width: 603px) 100vw, 603px\" \/>\t\t\t\t\t\t\t\t<\/a><\/p>\n<style>\/*! elementor - v3.23.0 - 05-08-2024 *\/\n.elementor-widget-google_maps .elementor-widget-container{overflow:hidden}.elementor-widget-google_maps .elementor-custom-embed{line-height:0}.elementor-widget-google_maps iframe{height:300px}<\/style>\n<p>\t\t\t<iframe loading=\"lazy\"\n\t\t\t\t\tsrc=\"https:\/\/maps.google.com\/maps?q=Rua%20Francisco%20Portela%2C%201470%2C%20Patronato%20CEP%2024435-005%2C%20S%C3%A3o%20Gon%C3%A7alo%2C%20RJ&#038;t=m&#038;z=15&#038;output=embed&#038;iwloc=near\"\n\t\t\t\t\ttitle=\"Rua Francisco Portela, 1470, Patronato CEP 24435-005, S\u00e3o Gon\u00e7alo, RJ\"\n\t\t\t\t\taria-label=\"Rua Francisco Portela, 1470, Patronato CEP 24435-005, S\u00e3o Gon\u00e7alo, RJ\"\n\t\t\t><\/iframe><\/p>\n<h2>Contato<\/h2>\n<link rel=\"stylesheet\" href=\"https:\/\/www.pplinuerj.com.br\/wp-content\/plugins\/elementor\/assets\/css\/widget-icon-box.min.css\">\n<h3>\n\t\t\t\t\t\t\tRua Francisco Portela, 1470, Patronato<br \/>CEP: 24.435-005, S\u00e3o Gon\u00e7alo, RJ<br \/>\n\t\t\t\t\t<\/h3>\n<h3>\n\t\t\t\t\t\t\t(21) 2728-7969<br \/>\n\t\t\t\t\t<\/h3>\n<h3>\n\t\t\t\t\t\t\tpplinuerj@gmail.com<br \/>\n\t\t\t\t\t<\/h3>\n","protected":false},"excerpt":{"rendered":"<p>The PPLIN Presente Collection Times spent in the distance, the planet in a trance, bodies and minds in shock, sensibilities stunned. Between screens and windows, how can we touch, embrace, reach out to others? What is the role of the university and the Letters in this turmoil? \u00a0 We extend our gaze beyond the academic &hellip;<\/p>\n<p class=\"read-more\"> <a class=\"\" href=\"https:\/\/www.pplinuerj.com.br\/en\/pplin-presente\/\"> <span class=\"screen-reader-text\">PPLIN Presente<\/span> Read More &raquo;<\/a><\/p>\n","protected":false},"author":1,"featured_media":0,"parent":0,"menu_order":0,"comment_status":"closed","ping_status":"closed","template":"","meta":{"site-sidebar-layout":"no-sidebar","site-content-layout":"page-builder","ast-site-content-layout":"full-width-container","site-content-style":"default","site-sidebar-style":"default","ast-global-header-display":"","ast-banner-title-visibility":"","ast-main-header-display":"","ast-hfb-above-header-display":"","ast-hfb-below-header-display":"","ast-hfb-mobile-header-display":"","site-post-title":"disabled","ast-breadcrumbs-content":"","ast-featured-img":"disabled","footer-sml-layout":"","theme-transparent-header-meta":"","adv-header-id-meta":"","stick-header-meta":"","header-above-stick-meta":"","header-main-stick-meta":"","header-below-stick-meta":"","astra-migrate-meta-layouts":"set","footnotes":""},"class_list":["post-25099","page","type-page","status-publish","hentry"],"translation":{"provider":"WPGlobus","version":"3.0.0","language":"en","enabled_languages":["br","en","es"],"languages":{"br":{"title":true,"content":true,"excerpt":false},"en":{"title":true,"content":true,"excerpt":false},"es":{"title":false,"content":true,"excerpt":false}}},"_links":{"self":[{"href":"https:\/\/www.pplinuerj.com.br\/en\/wp-json\/wp\/v2\/pages\/25099","targetHints":{"allow":["GET"]}}],"collection":[{"href":"https:\/\/www.pplinuerj.com.br\/en\/wp-json\/wp\/v2\/pages"}],"about":[{"href":"https:\/\/www.pplinuerj.com.br\/en\/wp-json\/wp\/v2\/types\/page"}],"author":[{"embeddable":true,"href":"https:\/\/www.pplinuerj.com.br\/en\/wp-json\/wp\/v2\/users\/1"}],"replies":[{"embeddable":true,"href":"https:\/\/www.pplinuerj.com.br\/en\/wp-json\/wp\/v2\/comments?post=25099"}],"version-history":[{"count":40,"href":"https:\/\/www.pplinuerj.com.br\/en\/wp-json\/wp\/v2\/pages\/25099\/revisions"}],"predecessor-version":[{"id":26612,"href":"https:\/\/www.pplinuerj.com.br\/en\/wp-json\/wp\/v2\/pages\/25099\/revisions\/26612"}],"wp:attachment":[{"href":"https:\/\/www.pplinuerj.com.br\/en\/wp-json\/wp\/v2\/media?parent=25099"}],"curies":[{"name":"wp","href":"https:\/\/api.w.org\/{rel}","templated":true}]}}