{"id":25003,"date":"2023-10-07T13:09:18","date_gmt":"2023-10-07T16:09:18","guid":{"rendered":"https:\/\/www.pplinuerj.com.br\/?page_id=25003"},"modified":"2026-01-19T11:13:44","modified_gmt":"2026-01-19T14:13:44","slug":"planos-de-curso-doutorado","status":"publish","type":"page","link":"https:\/\/www.pplinuerj.com.br\/en\/planos-de-curso-doutorado\/","title":{"rendered":"Planos de Curso"},"content":{"rendered":"<style>\/*! elementor - v3.23.0 - 05-08-2024 *\/\n.elementor-heading-title{padding:0;margin:0;line-height:1}.elementor-widget-heading .elementor-heading-title[class*=elementor-size-]>a{color:inherit;font-size:inherit;line-height:inherit}.elementor-widget-heading .elementor-heading-title.elementor-size-small{font-size:15px}.elementor-widget-heading .elementor-heading-title.elementor-size-medium{font-size:19px}.elementor-widget-heading .elementor-heading-title.elementor-size-large{font-size:29px}.elementor-widget-heading .elementor-heading-title.elementor-size-xl{font-size:39px}.elementor-widget-heading .elementor-heading-title.elementor-size-xxl{font-size:59px}<\/style>\n<h2>Course plans 2024.1<br \/>\n<\/h2>\n<h2>Literary Studies <\/h2>\n<link rel=\"stylesheet\" href=\"https:\/\/www.pplinuerj.com.br\/wp-content\/plugins\/elementor\/assets\/css\/widget-icon-box.min.css\">\n\t\t\t\t<a href=\"https:\/\/www.pplinuerj.com.br\/wp-content\/uploads\/2024\/06\/Literatura-tradicao-e-ruptura.pdf\" target=\"_blank\" tabindex=\"-1\"><br \/>\n\t\t\t\t\t\t\t\t<\/a><\/p>\n<h3>\n\t\t\t\t\t\t<a href=\"https:\/\/www.pplinuerj.com.br\/wp-content\/uploads\/2024\/06\/Literatura-tradicao-e-ruptura.pdf\" target=\"_blank\" ><br \/>\n\t\t\t\t\t\t\tLITERATURA, TRADI\u00c7\u00c3O E RUPTURA\t\t\t\t\t\t<\/a><br \/>\n\t\t\t\t\t<\/h3>\n<p>\n\t\t\t\t\t\tO conto naturalista na Belle \u00c9poque: Fran\u00e7a, Brasil e Portugal\t\t\t\t\t<\/p>\n<p>\t\t\t\t<a href=\"https:\/\/www.pplinuerj.com.br\/wp-content\/uploads\/2024\/06\/Literaturas-de-lingua-portuguesa.pdf\" target=\"_blank\" tabindex=\"-1\"><br \/>\n\t\t\t\t\t\t\t\t<\/a><\/p>\n<h3>\n\t\t\t\t\t\t<a href=\"https:\/\/www.pplinuerj.com.br\/wp-content\/uploads\/2024\/06\/Literaturas-de-lingua-portuguesa.pdf\" target=\"_blank\" ><br \/>\n\t\t\t\t\t\t\tLITERATURAS DE L\u00cdNGUA PORTUGUESA\t\t\t\t\t\t<\/a><br \/>\n\t\t\t\t\t<\/h3>\n<p>\n\t\t\t\t\t\tABRINDO A HIST\u00d3RIA DO PRESENTE: ESCRITA, IMAGEM, PERFORMANCE NA LITERATURA E<br \/>\nCULTURA PORTUGUESAS P\u00d3S-COLONIAIS.\t\t\t\t\t<\/p>\n<p>\t\t\t\t<a href=\"https:\/\/www.pplinuerj.com.br\/wp-content\/uploads\/2024\/03\/Literatura-em-cinema.pdf\" target=\"_blank\" tabindex=\"-1\"><br \/>\n\t\t\t\t\t\t\t\t<\/a><\/p>\n<h3>\n\t\t\t\t\t\t<a href=\"https:\/\/www.pplinuerj.com.br\/wp-content\/uploads\/2024\/03\/Literatura-em-cinema.pdf\" target=\"_blank\" ><br \/>\n\t\t\t\t\t\t\tLiteratura e outras m\u00eddias\t\t\t\t\t\t<\/a><br \/>\n\t\t\t\t\t<\/h3>\n<p>\n\t\t\t\t\t\t Literatura e(m)cinema: A transposi\u00e7\u00e3o midi\u00e1tica\t\t\t\t\t<\/p>\n<h2>Linguistic Studies <\/h2>\n<p>\t\t\t\t<a href=\"https:\/\/www.pplinuerj.com.br\/wp-content\/uploads\/2024\/06\/Estudos-do-letramento.pdf\" target=\"_blank\" tabindex=\"-1\"><br \/>\n\t\t\t\t\t\t\t\t<\/a><\/p>\n<h3>\n\t\t\t\t\t\t<a href=\"https:\/\/www.pplinuerj.com.br\/wp-content\/uploads\/2024\/06\/Estudos-do-letramento.pdf\" target=\"_blank\" ><br \/>\n\t\t\t\t\t\t\tEstudos de letramento\t\t\t\t\t\t<\/a><br \/>\n\t\t\t\t\t<\/h3>\n<p>\n\t\t\t\t\t\tSemi\u00f3tica e multiletramentos\t\t\t\t\t<\/p>\n<p>\t\t\t\t<a href=\"https:\/\/www.pplinuerj.com.br\/wp-content\/uploads\/2024\/06\/INTERACAO-E-DISCURSO-1.pdf\" target=\"_blank\" tabindex=\"-1\"><br \/>\n\t\t\t\t\t\t\t\t<\/a><\/p>\n<h3>\n\t\t\t\t\t\t<a href=\"https:\/\/www.pplinuerj.com.br\/wp-content\/uploads\/2024\/06\/INTERACAO-E-DISCURSO-1.pdf\" target=\"_blank\" ><br \/>\n\t\t\t\t\t\t\tIntera\u00e7\u00e3o e discurso\t\t\t\t\t\t<\/a><br \/>\n\t\t\t\t\t<\/h3>\n<p>\n\t\t\t\t\t\tT\u00d3PICOS AVAN\u00c7ADOS EM LINGU\u00cdSTICA APLICADA\t\t\t\t\t<\/p>\n<p>\t\t\t\t<a href=\"https:\/\/www.pplinuerj.com.br\/wp-content\/uploads\/2024\/06\/Teoria-da-Linguagem.pdf\" target=\"_blank\" tabindex=\"-1\"><br \/>\n\t\t\t\t\t\t\t\t<\/a><\/p>\n<h3>\n\t\t\t\t\t\t<a href=\"https:\/\/www.pplinuerj.com.br\/wp-content\/uploads\/2024\/06\/Teoria-da-Linguagem.pdf\" target=\"_blank\" ><br \/>\n\t\t\t\t\t\t\tTeoria da Linguagem\t\t\t\t\t\t<\/a><br \/>\n\t\t\t\t\t<\/h3>\n<p>\n\t\t\t\t\t\tUMA VIAGEM COM A LINGU\u00cdSTICA: VIS\u00c3O PANOR\u00c2MICA\t\t\t\t\t<\/p>\n<p>\t\t\t\t<a href=\"https:\/\/www.pplinuerj.com.br\/wp-content\/uploads\/2024\/03\/PRATICAS-SOCIOLINGUISTICAS-E-SOCIOCULTURAIS-DA-LINGUAGEM.pdf\" target=\"_blank\" tabindex=\"-1\"><br \/>\n\t\t\t\t\t\t\t\t<\/a><\/p>\n<h3>\n\t\t\t\t\t\t<a href=\"https:\/\/www.pplinuerj.com.br\/wp-content\/uploads\/2024\/03\/PRATICAS-SOCIOLINGUISTICAS-E-SOCIOCULTURAIS-DA-LINGUAGEM.pdf\" target=\"_blank\" ><br \/>\n\t\t\t\t\t\t\tPr\u00e1ticas Sociolingu\u00edsticas e Socioculturais da Linguagem\t\t\t\t\t\t<\/a><br \/>\n\t\t\t\t\t<\/h3>\n<p>\n\t\t\t\t\t\tDiscursos em An\u00e1lise\t\t\t\t\t<\/p>\n<style>\/*! elementor - v3.23.0 - 05-08-2024 *\/\n.elementor-widget-google_maps .elementor-widget-container{overflow:hidden}.elementor-widget-google_maps .elementor-custom-embed{line-height:0}.elementor-widget-google_maps iframe{height:300px}<\/style>\n<p>\t\t\t<iframe loading=\"lazy\"\n\t\t\t\t\tsrc=\"https:\/\/maps.google.com\/maps?q=Rua%20Francisco%20Portela%2C%201470%2C%20Patronato%20CEP%2024435-005%2C%20S%C3%A3o%20Gon%C3%A7alo%2C%20RJ&#038;t=m&#038;z=15&#038;output=embed&#038;iwloc=near\"\n\t\t\t\t\ttitle=\"Rua Francisco Portela, 1470, Patronato CEP 24435-005, S\u00e3o Gon\u00e7alo, RJ\"\n\t\t\t\t\taria-label=\"Rua Francisco Portela, 1470, Patronato CEP 24435-005, S\u00e3o Gon\u00e7alo, RJ\"\n\t\t\t><\/iframe><\/p>\n<h2>Contato<\/h2>\n<h3>\n\t\t\t\t\t\t\tRua Francisco Portela, 1470, Patronato<br \/>CEP: 24.435-005, S\u00e3o Gon\u00e7alo, RJ<br \/>\n\t\t\t\t\t<\/h3>\n<h3>\n\t\t\t\t\t\t\t(21) 2728-7969<br \/>\n\t\t\t\t\t<\/h3>\n<h3>\n\t\t\t\t\t\t\tpplinuerj@gmail.com<br \/>\n\t\t\t\t\t<\/h3>\n","protected":false},"excerpt":{"rendered":"<p>Course plans 2024.1 Literary Studies LITERATURA, TRADI\u00c7\u00c3O E RUPTURA O conto naturalista na Belle \u00c9poque: Fran\u00e7a, Brasil e Portugal LITERATURAS DE L\u00cdNGUA PORTUGUESA ABRINDO A HIST\u00d3RIA DO PRESENTE: ESCRITA, IMAGEM, PERFORMANCE NA LITERATURA E CULTURA PORTUGUESAS P\u00d3S-COLONIAIS. Literatura e outras m\u00eddias Literatura e(m)cinema: A transposi\u00e7\u00e3o midi\u00e1tica Linguistic Studies Estudos de letramento Semi\u00f3tica e multiletramentos Intera\u00e7\u00e3o &hellip;<\/p>\n<p class=\"read-more\"> <a class=\"\" href=\"https:\/\/www.pplinuerj.com.br\/en\/planos-de-curso-doutorado\/\"> <span class=\"screen-reader-text\">Planos de Curso<\/span> Read More &raquo;<\/a><\/p>\n","protected":false},"author":1,"featured_media":0,"parent":0,"menu_order":0,"comment_status":"closed","ping_status":"closed","template":"","meta":{"site-sidebar-layout":"no-sidebar","site-content-layout":"page-builder","ast-site-content-layout":"full-width-container","site-content-style":"default","site-sidebar-style":"default","ast-global-header-display":"","ast-banner-title-visibility":"","ast-main-header-display":"","ast-hfb-above-header-display":"","ast-hfb-below-header-display":"","ast-hfb-mobile-header-display":"","site-post-title":"disabled","ast-breadcrumbs-content":"","ast-featured-img":"disabled","footer-sml-layout":"","theme-transparent-header-meta":"","adv-header-id-meta":"","stick-header-meta":"","header-above-stick-meta":"","header-main-stick-meta":"","header-below-stick-meta":"","astra-migrate-meta-layouts":"set","footnotes":""},"class_list":["post-25003","page","type-page","status-publish","hentry"],"translation":{"provider":"WPGlobus","version":"3.0.0","language":"en","enabled_languages":["br","en","es"],"languages":{"br":{"title":true,"content":true,"excerpt":false},"en":{"title":true,"content":true,"excerpt":false},"es":{"title":false,"content":true,"excerpt":false}}},"_links":{"self":[{"href":"https:\/\/www.pplinuerj.com.br\/en\/wp-json\/wp\/v2\/pages\/25003","targetHints":{"allow":["GET"]}}],"collection":[{"href":"https:\/\/www.pplinuerj.com.br\/en\/wp-json\/wp\/v2\/pages"}],"about":[{"href":"https:\/\/www.pplinuerj.com.br\/en\/wp-json\/wp\/v2\/types\/page"}],"author":[{"embeddable":true,"href":"https:\/\/www.pplinuerj.com.br\/en\/wp-json\/wp\/v2\/users\/1"}],"replies":[{"embeddable":true,"href":"https:\/\/www.pplinuerj.com.br\/en\/wp-json\/wp\/v2\/comments?post=25003"}],"version-history":[{"count":86,"href":"https:\/\/www.pplinuerj.com.br\/en\/wp-json\/wp\/v2\/pages\/25003\/revisions"}],"predecessor-version":[{"id":27360,"href":"https:\/\/www.pplinuerj.com.br\/en\/wp-json\/wp\/v2\/pages\/25003\/revisions\/27360"}],"wp:attachment":[{"href":"https:\/\/www.pplinuerj.com.br\/en\/wp-json\/wp\/v2\/media?parent=25003"}],"curies":[{"name":"wp","href":"https:\/\/api.w.org\/{rel}","templated":true}]}}