{"id":24877,"date":"2023-10-07T10:27:25","date_gmt":"2023-10-07T13:27:25","guid":{"rendered":"https:\/\/www.pplinuerj.com.br\/?page_id=24877"},"modified":"2025-01-15T09:28:50","modified_gmt":"2025-01-15T12:28:50","slug":"areas-de-concentracao-e-linhas-de-pesquisa","status":"publish","type":"page","link":"https:\/\/www.pplinuerj.com.br\/en\/areas-de-concentracao-e-linhas-de-pesquisa\/","title":{"rendered":"\u00c1reas de Concentra\u00e7\u00e3o e Linhas de Pesquisa"},"content":{"rendered":"<style>\/*! elementor - v3.23.0 - 05-08-2024 *\/\n.elementor-heading-title{padding:0;margin:0;line-height:1}.elementor-widget-heading .elementor-heading-title[class*=elementor-size-]>a{color:inherit;font-size:inherit;line-height:inherit}.elementor-widget-heading .elementor-heading-title.elementor-size-small{font-size:15px}.elementor-widget-heading .elementor-heading-title.elementor-size-medium{font-size:19px}.elementor-widget-heading .elementor-heading-title.elementor-size-large{font-size:29px}.elementor-widget-heading .elementor-heading-title.elementor-size-xl{font-size:39px}.elementor-widget-heading .elementor-heading-title.elementor-size-xxl{font-size:59px}<\/style>\n<h2>Areas of Concentration<br \/>and LINES OF RESEARCH<\/h2>\n<h2>Areas of Concentration<\/h2>\n<h2>Linguistic Studies<\/h2>\n<p>The area of concentration \u201cLinguistic Studies\u201d comprises two lines of research: Linguistic Theory and Analysis and Language and Society. This area covers linguistic studies in their social context, based on studies describing the formal, cognitive, and communicative aspects of language. Language studies from theoretical and empirical perspectives of linguistic structure related to text and discourse are also of interest.<\/p>\n<p>\t\t\tLINES OF RESEARCH<br \/>\n                Linguistic Theory and Analysis<\/p>\n<p>The line of research \u201cLinguistic Theory and Analysis\u201d focuses on the description of linguistic phenomena \u2013 phonetic, phonological, morphological, and syntactic, articulating it with the semantic and pragmatic dimensions of language \u2013 of natural languages, under different theoretical-methodological approaches.<\/p>\n<p>                Language and society<\/p>\n<p>This line of research involves projects aimed at understanding how discourses are dynamic and the socio-historical-ideological conditions of their production. In addition, studies on the production of written text, as well as processes of variation\/change from synchronic and diachronic perspectives are the focus.\u200b<\/p>\n<h2>Literary Studies<\/h2>\n<p>The area of concentration in \u201cLiterary Studies\u201d includes a line of research, \u201cLiterature, Theory and History\u201d, which covers critical, theoretical, and historiographical studies of literary phenomena, as well as the relationship of literary discourses and texts with other discourses and other semiotic systems. From this critical and plural perspective, it aims to train professionals to work with literature in a critical, contextualized way, in dialog with other cultural products and with the cultural context of production, reception, and circulation of the work.<\/p>\n<p>\t\t\tLINES OF RESEARCH<br \/>\n                Literature, Theory and History<\/p>\n<p>This line focuses on the literature study, its theoretical foundations, and historical reconfigurations. Thus, it turns to the currents and movements of literature and literary theory in different times and to their development and projection in contemporary times. This line of research is integrated by researchers who develop work in Literature from the 19th to the 21st century and other Arts, highlighting interartistic dialogue.<\/p>\n<style>\/*! elementor - v3.23.0 - 05-08-2024 *\/\n.elementor-widget-google_maps .elementor-widget-container{overflow:hidden}.elementor-widget-google_maps .elementor-custom-embed{line-height:0}.elementor-widget-google_maps iframe{height:300px}<\/style>\n<p>\t\t\t<iframe loading=\"lazy\"\n\t\t\t\t\tsrc=\"https:\/\/maps.google.com\/maps?q=Rua%20Francisco%20Portela%2C%201470%2C%20Patronato%20CEP%2024435-005%2C%20S%C3%A3o%20Gon%C3%A7alo%2C%20RJ&#038;t=m&#038;z=15&#038;output=embed&#038;iwloc=near\"\n\t\t\t\t\ttitle=\"Rua Francisco Portela, 1470, Patronato CEP 24435-005, S\u00e3o Gon\u00e7alo, RJ\"\n\t\t\t\t\taria-label=\"Rua Francisco Portela, 1470, Patronato CEP 24435-005, S\u00e3o Gon\u00e7alo, RJ\"\n\t\t\t><\/iframe><\/p>\n<h2>Contato<\/h2>\n<link rel=\"stylesheet\" href=\"https:\/\/www.pplinuerj.com.br\/wp-content\/plugins\/elementor\/assets\/css\/widget-icon-box.min.css\">\n<h3>\n\t\t\t\t\t\t\tRua Francisco Portela, 1470, Patronato<br \/>CEP: 24.435-005, S\u00e3o Gon\u00e7alo, RJ<br \/>\n\t\t\t\t\t<\/h3>\n<h3>\n\t\t\t\t\t\t\t(21) 2728-7969<br \/>\n\t\t\t\t\t<\/h3>\n<h3>\n\t\t\t\t\t\t\tpplinuerj@gmail.com<br \/>\n\t\t\t\t\t<\/h3>\n","protected":false},"excerpt":{"rendered":"<p>Areas of Concentrationand LINES OF RESEARCH Areas of Concentration Linguistic Studies The area of concentration \u201cLinguistic Studies\u201d comprises two lines of research: Linguistic Theory and Analysis and Language and Society. This area covers linguistic studies in their social context, based on studies describing the formal, cognitive, and communicative aspects of language. Language studies from theoretical &hellip;<\/p>\n<p class=\"read-more\"> <a class=\"\" href=\"https:\/\/www.pplinuerj.com.br\/en\/areas-de-concentracao-e-linhas-de-pesquisa\/\"> <span class=\"screen-reader-text\">\u00c1reas de Concentra\u00e7\u00e3o e Linhas de Pesquisa<\/span> Read More &raquo;<\/a><\/p>\n","protected":false},"author":1,"featured_media":0,"parent":0,"menu_order":0,"comment_status":"closed","ping_status":"closed","template":"","meta":{"site-sidebar-layout":"no-sidebar","site-content-layout":"page-builder","ast-site-content-layout":"full-width-container","site-content-style":"default","site-sidebar-style":"default","ast-global-header-display":"","ast-banner-title-visibility":"","ast-main-header-display":"","ast-hfb-above-header-display":"","ast-hfb-below-header-display":"","ast-hfb-mobile-header-display":"","site-post-title":"disabled","ast-breadcrumbs-content":"","ast-featured-img":"disabled","footer-sml-layout":"","theme-transparent-header-meta":"","adv-header-id-meta":"","stick-header-meta":"","header-above-stick-meta":"","header-main-stick-meta":"","header-below-stick-meta":"","astra-migrate-meta-layouts":"set","footnotes":""},"class_list":["post-24877","page","type-page","status-publish","hentry"],"translation":{"provider":"WPGlobus","version":"3.0.0","language":"en","enabled_languages":["br","en","es"],"languages":{"br":{"title":true,"content":true,"excerpt":false},"en":{"title":true,"content":true,"excerpt":false},"es":{"title":false,"content":true,"excerpt":false}}},"_links":{"self":[{"href":"https:\/\/www.pplinuerj.com.br\/en\/wp-json\/wp\/v2\/pages\/24877","targetHints":{"allow":["GET"]}}],"collection":[{"href":"https:\/\/www.pplinuerj.com.br\/en\/wp-json\/wp\/v2\/pages"}],"about":[{"href":"https:\/\/www.pplinuerj.com.br\/en\/wp-json\/wp\/v2\/types\/page"}],"author":[{"embeddable":true,"href":"https:\/\/www.pplinuerj.com.br\/en\/wp-json\/wp\/v2\/users\/1"}],"replies":[{"embeddable":true,"href":"https:\/\/www.pplinuerj.com.br\/en\/wp-json\/wp\/v2\/comments?post=24877"}],"version-history":[{"count":16,"href":"https:\/\/www.pplinuerj.com.br\/en\/wp-json\/wp\/v2\/pages\/24877\/revisions"}],"predecessor-version":[{"id":25987,"href":"https:\/\/www.pplinuerj.com.br\/en\/wp-json\/wp\/v2\/pages\/24877\/revisions\/25987"}],"wp:attachment":[{"href":"https:\/\/www.pplinuerj.com.br\/en\/wp-json\/wp\/v2\/media?parent=24877"}],"curies":[{"name":"wp","href":"https:\/\/api.w.org\/{rel}","templated":true}]}}