{"id":24462,"date":"2020-10-07T04:43:41","date_gmt":"2020-10-07T04:43:41","guid":{"rendered":"https:\/\/www.pplinuerj.com.br\/home\/"},"modified":"2026-03-19T08:07:47","modified_gmt":"2026-03-19T11:07:47","slug":"home","status":"publish","type":"page","link":"https:\/\/www.pplinuerj.com.br\/en\/","title":{"rendered":"Home"},"content":{"rendered":"<link rel=\"stylesheet\" href=\"https:\/\/www.pplinuerj.com.br\/wp-content\/plugins\/elementor\/assets\/css\/widget-icon-list.min.css\">\n<ul>\n<li>\n\t\t\t\t\t\t\t\t\t\tWELCOME TO the PPLIN\n\t\t\t\t\t\t\t\t\t<\/li>\n<\/ul>\n<style>\/*! elementor - v3.23.0 - 05-08-2024 *\/\n.elementor-heading-title{padding:0;margin:0;line-height:1}.elementor-widget-heading .elementor-heading-title[class*=elementor-size-]>a{color:inherit;font-size:inherit;line-height:inherit}.elementor-widget-heading .elementor-heading-title.elementor-size-small{font-size:15px}.elementor-widget-heading .elementor-heading-title.elementor-size-medium{font-size:19px}.elementor-widget-heading .elementor-heading-title.elementor-size-large{font-size:29px}.elementor-widget-heading .elementor-heading-title.elementor-size-xl{font-size:39px}.elementor-widget-heading .elementor-heading-title.elementor-size-xxl{font-size:59px}<\/style>\n<h1>Graduate Program in Letters and Linguistics<\/h1>\n<p>Areas of concentration: <strong>Linguistic and Literary Studies<\/strong><\/p>\n<h2>novidades<\/h2>\n<h2>CADERNO DE RESUMOS IX SEPPLIN<\/h2>\n<p>16 e 17 de outubro de 2024<\/p>\n<p>\t\t\t<a href=\"https:\/\/www.pplinuerj.com.br\/wp-content\/uploads\/2024\/10\/caderno-de-resumos_versao12out.pdf\"><br \/>\n\t\t\t\t\t\t\t\t\tBAIXAR<br \/>\n\t\t\t\t\t<\/a><\/p>\n<h2>PROGRAMA MOVE LA AMERICA <\/h2>\n<p>Inscri\u00e7\u00f5es abertas! Confira as vagas ofertadas pelo PPLIN.<\/p>\n<p>\t\t\t<a href=\"https:\/\/www.pplinuerj.com.br\/move-la-america-vagas-ofertadas-pelo-pplin\/\" target=\"_blank\"><br \/>\n\t\t\t\t\t\t\t\t\tSAIBA MAIS<br \/>\n\t\t\t\t\t<\/a><\/p>\n<style>\/*! elementor - v3.23.0 - 05-08-2024 *\/\n.elementor-widget-image{text-align:center}.elementor-widget-image a{display:inline-block}.elementor-widget-image a img[src$=\".svg\"]{width:48px}.elementor-widget-image img{vertical-align:middle;display:inline-block}<\/style>\n<p>\t\t\t\t\t\t\t\t\t\t<img decoding=\"async\" src=\"https:\/\/www.pplinuerj.com.br\/wp-content\/uploads\/elementor\/thumbs\/uerj-qlhrtsvymte0v8gn4fbivaer8pwdvjj9solddy80r0.png\" title=\"uerj\" alt=\"uerj\" loading=\"lazy\" \/><br \/>\n\t\t\t\t\t\t\t\t\t\t\t\t\t<img decoding=\"async\" src=\"https:\/\/www.pplinuerj.com.br\/wp-content\/uploads\/elementor\/thumbs\/LOGO2-qlhrtsvz4cwdbssf5k70avm3i47ctw13408b1bswz4.png\" title=\"LOGO2\" alt=\"LOGO2\" loading=\"lazy\" \/><br \/>\n\t\t\tABOUT the \t\t<\/p>\n<h2>PPLIN<\/h2>\n<p>\t\t\t\t\t\t\t\t\t\t\t\t\t<img decoding=\"async\" src=\"https:\/\/www.pplinuerj.com.br\/wp-content\/uploads\/elementor\/thumbs\/book-qlhrtsw1k2g3mmfbb8kfgtmst3q7lmi5omeza7pgic.png\" title=\"book\" alt=\"book\" loading=\"lazy\" \/>\t\t\t\t\t\t\t\t\t\t\t\t\t<\/p>\n<p>The Graduate Program in Letters and Linguistics (PPLIN) was accredited by CAPES on December 16, 2015, Process 880\/2015, and began operating on August 22, 2016.<\/p>\n<p>\u00a0<\/p>\n<p>With two areas of concentration: (a) Linguistic Studies; and (b) Literary Studies, the program is organized as a research center of excellence, aimed at training qualified personnel to carry out research and teach in the areas of Linguistics and Literature.<\/p>\n<p>\u00a0<\/p>\n<p>The PPLIN of the Teacher Training School of the State University of Rio de Janeiro (UERJ\/FFP) at the S\u00e3o Gon\u00e7alo Campus \u2013 grade \u201c4\u201d at CAPES Quadrennial Evaluation (2017-2020), currently has 22 teachers with different expertises, who are part of the interdisciplinary field of Languages.<\/p>\n<p>\t\t\t<a href=\"https:\/\/www.pplinuerj.com.br\/objetivos\/\"><br \/>\n\t\t\t\t\t\t\t\t\tobjectives<br \/>\n\t\t\t\t\t<\/a><br \/>\n\t\t\tLEARN MORE ABOUT the\t\t<\/p>\n<h2>Areas<br \/>of Concentration<\/h2>\n<h2>Linguistic Studies<\/h2>\n<p>The area of concentration \u201cLinguistic Studies\u201d comprises two lines of research: Linguistic Theory and Analysis and Language and Society. This area covers linguistic studies in their social context, based on studies describing the formal, cognitive, and communicative aspects of language. Language studies from theoretical and empirical perspectives of linguistic structure related to text and discourse are also of interest.<\/p>\n<p>\t\t\tLINES OF RESEARCH<br \/>\n                Linguistic Theory and Analysis<\/p>\n<p>The line of research \u201cLinguistic Theory and Analysis\u201d focuses on the description of linguistic phenomena \u2013 phonetic, phonological, morphological, and syntactic, articulating it with the semantic and pragmatic dimensions of language \u2013 of natural languages, under different theoretical-methodological approaches.<\/p>\n<p>                Language and society<\/p>\n<p>This line of research involves projects aimed at understanding how discourses are dynamic and the socio-historical-ideological conditions of their production. In addition, studies on the production of written text, as well as processes of variation\/change from synchronic and diachronic perspectives are the focus.\u200b<\/p>\n<h2>Literary Studies<\/h2>\n<p>The area of concentration in \u201cLiterary Studies\u201d includes a line of research, \u201cLiterature, Theory and History\u201d, which covers critical, theoretical, and historiographical studies of literary phenomena, as well as the relationship of literary discourses and texts with other discourses and other semiotic systems. From this critical and plural perspective, it aims to train professionals to work with literature in a critical, contextualized way, in dialog with other cultural products and with the cultural context of production, reception, and circulation of the work.<\/p>\n<p>\t\t\tLINES OF RESEARCH<br \/>\n                Literature, Theory and History<\/p>\n<p>This line focuses on the literature study, its theoretical foundations, and historical reconfigurations. Thus, it turns to the currents and movements of literature and literary theory in different times and to their development and projection in contemporary times. This line of research is integrated by researchers who develop work in Literature from the 19th to the 21st century and other Arts, highlighting interartistic dialogue.<\/p>\n<p>\t\t\t\u00faltimas\t\t<\/p>\n<h2>Not\u00edcias<\/h2>\n<p>\t\t\t<a href=\"#\"><br \/>\n\t\t\t\t\t\t\t\t\tVEJA TODAS<br \/>\n\t\t\t\t\t<\/a><\/p>\n<article data-id=\"25911\">\n<header>\n<h2><a\n                        href=\"https:\/\/www.pplinuerj.com.br\/curso-de-curta-duracao-decolonialidades-com-a-prof-a-clarissa-jordao\/\"\n                        title=\"Curso de curta dura\u00e7\u00e3o (De)colonialidades, com a prof.\u00aa Clarissa J\u00f3rd\u00e3o\">Curso de curta dura\u00e7\u00e3o (De)colonialidades, com a prof.\u00aa Clarissa J\u00f3rd\u00e3o<\/a><\/h2>\n<\/header>\n<p>Est\u00e3o abertas as inscri\u00e7\u00f5es para o curso de curta dura\u00e7\u00e3o&#8230;<\/p>\n<p><a\n                            href=\"https:\/\/www.pplinuerj.com.br\/curso-de-curta-duracao-decolonialidades-com-a-prof-a-clarissa-jordao\/\"\n                           >Ler mais<\/a><br \/>\n                    <a href=\"https:\/\/www.pplinuerj.com.br\/author\/sonataimortalgmail-com\/\"><img alt='Pedro ' src='https:\/\/secure.gravatar.com\/avatar\/fb76c8335e8ca83dd42b3300153a2582?s=96&#038;d=mm&#038;r=g' srcset='https:\/\/secure.gravatar.com\/avatar\/fb76c8335e8ca83dd42b3300153a2582?s=192&#038;d=mm&#038;r=g 2x' class='avatar avatar-96 photo' height='96' width='96' decoding='async'\/><\/a><a href=\"https:\/\/www.pplinuerj.com.br\/author\/sonataimortalgmail-com\/\" title=\"Posts de Pedro \" rel=\"author\">Pedro <\/a><time datetime=\"5 de dezembro de 2024\">5 de dezembro de 2024<\/time><br \/>\n    <\/article>\n<article data-id=\"25857\">\n<header>\n<h2><a\n                        href=\"https:\/\/www.pplinuerj.com.br\/v-seminario-do-gp-poeticas-da-diversidade\/\"\n                        title=\"V Semin\u00e1rio do GP Po\u00e9ticas da Diversidade\">V Semin\u00e1rio do GP Po\u00e9ticas da Diversidade<\/a><\/h2>\n<\/header>\n<p><a\n                            href=\"https:\/\/www.pplinuerj.com.br\/v-seminario-do-gp-poeticas-da-diversidade\/\"\n                           >Ler mais<\/a><br \/>\n                    <a href=\"https:\/\/www.pplinuerj.com.br\/author\/sonataimortalgmail-com\/\"><img alt='Pedro ' src='https:\/\/secure.gravatar.com\/avatar\/fb76c8335e8ca83dd42b3300153a2582?s=96&#038;d=mm&#038;r=g' srcset='https:\/\/secure.gravatar.com\/avatar\/fb76c8335e8ca83dd42b3300153a2582?s=192&#038;d=mm&#038;r=g 2x' class='avatar avatar-96 photo' height='96' width='96' decoding='async'\/><\/a><a href=\"https:\/\/www.pplinuerj.com.br\/author\/sonataimortalgmail-com\/\" title=\"Posts de Pedro \" rel=\"author\">Pedro <\/a><time datetime=\"1 de novembro de 2024\">1 de novembro de 2024<\/time><br \/>\n    <\/article>\n<article data-id=\"25843\">\n<header>\n<h2><a\n                        href=\"https:\/\/www.pplinuerj.com.br\/apresentamos-os-professores-titulares-do-pplin\/\"\n                        title=\"Apresentamos os professores titulares do PPLIN\">Apresentamos os professores titulares do PPLIN<\/a><\/h2>\n<\/header>\n<p><a\n                            href=\"https:\/\/www.pplinuerj.com.br\/apresentamos-os-professores-titulares-do-pplin\/\"\n                           >Ler mais<\/a><br \/>\n                    <a href=\"https:\/\/www.pplinuerj.com.br\/author\/sonataimortalgmail-com\/\"><img alt='Pedro ' src='https:\/\/secure.gravatar.com\/avatar\/fb76c8335e8ca83dd42b3300153a2582?s=96&#038;d=mm&#038;r=g' srcset='https:\/\/secure.gravatar.com\/avatar\/fb76c8335e8ca83dd42b3300153a2582?s=192&#038;d=mm&#038;r=g 2x' class='avatar avatar-96 photo' height='96' width='96' decoding='async'\/><\/a><a href=\"https:\/\/www.pplinuerj.com.br\/author\/sonataimortalgmail-com\/\" title=\"Posts de Pedro \" rel=\"author\">Pedro <\/a><time datetime=\"22 de outubro de 2024\">22 de outubro de 2024<\/time><br \/>\n    <\/article>\n<article data-id=\"25810\">\n<header>\n<h2><a\n                        href=\"https:\/\/www.pplinuerj.com.br\/procientistas-uerj-faperj\/\"\n                        title=\"Procientistas UERJ\/Faperj\">Procientistas UERJ\/Faperj<\/a><\/h2>\n<\/header>\n<p><a\n                            href=\"https:\/\/www.pplinuerj.com.br\/procientistas-uerj-faperj\/\"\n                           >Ler mais<\/a><br \/>\n                    <a href=\"https:\/\/www.pplinuerj.com.br\/author\/sonataimortalgmail-com\/\"><img alt='Pedro ' src='https:\/\/secure.gravatar.com\/avatar\/fb76c8335e8ca83dd42b3300153a2582?s=96&#038;d=mm&#038;r=g' srcset='https:\/\/secure.gravatar.com\/avatar\/fb76c8335e8ca83dd42b3300153a2582?s=192&#038;d=mm&#038;r=g 2x' class='avatar avatar-96 photo' height='96' width='96' decoding='async'\/><\/a><a href=\"https:\/\/www.pplinuerj.com.br\/author\/sonataimortalgmail-com\/\" title=\"Posts de Pedro \" rel=\"author\">Pedro <\/a><time datetime=\"10 de outubro de 2024\">10 de outubro de 2024<\/time><br \/>\n    <\/article>\n<p>                <button id=\"eael-load-more-btn-8ed6daf\" data-widget-id=\"8ed6daf\" data-widget=\"8ed6daf\" data-page-id=\"24462\" data-template=\"{&quot;dir&quot;:&quot;lite&quot;,&quot;file_name&quot;:&quot;default.php&quot;,&quot;name&quot;:&quot;Post-Grid&quot;}\" data-class=\"Essential_Addons_ElementorElementsPost_Grid\" data-layout=\"masonry\" data-page=\"1\" data-args=\"orderby=date&amp;order=desc&amp;ignore_sticky_posts=1&amp;post_status=publish&amp;posts_per_page=4&amp;offset=0&amp;post_type=post\" data-max-page=\"3\"><br \/>\n                    Carregar mais<br \/>\n                <\/button><br \/>\n\t\t\t\t\t\t\t\t\t\t\t\t\t<img fetchpriority=\"high\" decoding=\"async\" width=\"400\" height=\"170\" src=\"https:\/\/www.pplinuerj.com.br\/wp-content\/uploads\/2023\/10\/cnpq-logo.png\" alt=\"\" srcset=\"https:\/\/www.pplinuerj.com.br\/wp-content\/uploads\/2023\/10\/cnpq-logo.png 400w, https:\/\/www.pplinuerj.com.br\/wp-content\/uploads\/2023\/10\/cnpq-logo-300x128.png 300w\" sizes=\"(max-width: 400px) 100vw, 400px\" \/><br \/>\n\t\t\t\t\t\t\t\t\t\t\t\t\t<img decoding=\"async\" width=\"1024\" height=\"401\" src=\"https:\/\/www.pplinuerj.com.br\/wp-content\/uploads\/2023\/10\/logo_faperj_vinho_completo-1024x401.png\" alt=\"\" srcset=\"https:\/\/www.pplinuerj.com.br\/wp-content\/uploads\/2023\/10\/logo_faperj_vinho_completo-1024x401.png 1024w, https:\/\/www.pplinuerj.com.br\/wp-content\/uploads\/2023\/10\/logo_faperj_vinho_completo-300x118.png 300w, https:\/\/www.pplinuerj.com.br\/wp-content\/uploads\/2023\/10\/logo_faperj_vinho_completo-768x301.png 768w, https:\/\/www.pplinuerj.com.br\/wp-content\/uploads\/2023\/10\/logo_faperj_vinho_completo-1536x602.png 1536w, https:\/\/www.pplinuerj.com.br\/wp-content\/uploads\/2023\/10\/logo_faperj_vinho_completo-2048x803.png 2048w\" sizes=\"(max-width: 1024px) 100vw, 1024px\" \/><br \/>\n\t\t\t\t\t\t\t\t\t\t\t\t\t<img decoding=\"async\" width=\"168\" height=\"36\" src=\"https:\/\/www.pplinuerj.com.br\/wp-content\/uploads\/2023\/10\/soletras.png\" alt=\"\" \/><br \/>\n\t\t\t\t\t\t\t\t\t\t\t\t\t<img loading=\"lazy\" decoding=\"async\" width=\"180\" height=\"163\" src=\"https:\/\/www.pplinuerj.com.br\/wp-content\/uploads\/2023\/10\/capes.png\" alt=\"\" \/><br \/>\n\t\t\t\t\t\t\t\t\t\t\t\t\t<img loading=\"lazy\" decoding=\"async\" width=\"400\" height=\"138\" src=\"https:\/\/www.pplinuerj.com.br\/wp-content\/uploads\/2023\/10\/logo-redes-copy.png\" alt=\"\" srcset=\"https:\/\/www.pplinuerj.com.br\/wp-content\/uploads\/2023\/10\/logo-redes-copy.png 400w, https:\/\/www.pplinuerj.com.br\/wp-content\/uploads\/2023\/10\/logo-redes-copy-300x104.png 300w\" sizes=\"(max-width: 400px) 100vw, 400px\" \/>\t\t\t\t\t\t\t\t\t\t\t\t\t<\/p>\n<style>\/*! elementor - v3.23.0 - 05-08-2024 *\/\n.elementor-widget-google_maps .elementor-widget-container{overflow:hidden}.elementor-widget-google_maps .elementor-custom-embed{line-height:0}.elementor-widget-google_maps iframe{height:300px}<\/style>\n<p>\t\t\t<iframe loading=\"lazy\"\n\t\t\t\t\tsrc=\"https:\/\/maps.google.com\/maps?q=Rua%20Francisco%20Portela%2C%201470%2C%20Patronato%20CEP%2024435-005%2C%20S%C3%A3o%20Gon%C3%A7alo%2C%20RJ&#038;t=m&#038;z=15&#038;output=embed&#038;iwloc=near\"\n\t\t\t\t\ttitle=\"Rua Francisco Portela, 1470, Patronato CEP 24435-005, S\u00e3o Gon\u00e7alo, RJ\"\n\t\t\t\t\taria-label=\"Rua Francisco Portela, 1470, Patronato CEP 24435-005, S\u00e3o Gon\u00e7alo, RJ\"\n\t\t\t><\/iframe><\/p>\n<h2>Contact<\/h2>\n<link rel=\"stylesheet\" href=\"https:\/\/www.pplinuerj.com.br\/wp-content\/plugins\/elementor\/assets\/css\/widget-icon-box.min.css\">\n<h3>\n\t\t\t\t\t\t\tRua Francisco Portela, 1470, Patronato<br \/>CEP: 24.435-005, S\u00e3o Gon\u00e7alo, RJ<br \/>\n\t\t\t\t\t<\/h3>\n<h3>\n\t\t\t\t\t\t\t+55 (21) 2728-7969<br \/>\n\t\t\t\t\t<\/h3>\n<h3>\n\t\t\t\t\t\t\tpplinuerj@gmail.com<br \/>\n\t\t\t\t\t<\/h3>\n","protected":false},"excerpt":{"rendered":"<p>WELCOME TO the PPLIN Graduate Program in Letters and Linguistics Areas of concentration: Linguistic and Literary Studies novidades CADERNO DE RESUMOS IX SEPPLIN 16 e 17 de outubro de 2024 BAIXAR PROGRAMA MOVE LA AMERICA Inscri\u00e7\u00f5es abertas! Confira as vagas ofertadas pelo PPLIN. SAIBA MAIS ABOUT the PPLIN The Graduate Program in Letters and Linguistics &hellip;<\/p>\n<p class=\"read-more\"> <a class=\"\" href=\"https:\/\/www.pplinuerj.com.br\/en\/\"> <span class=\"screen-reader-text\">Home<\/span> Read More &raquo;<\/a><\/p>\n","protected":false},"author":1,"featured_media":0,"parent":0,"menu_order":0,"comment_status":"closed","ping_status":"closed","template":"","meta":{"site-sidebar-layout":"no-sidebar","site-content-layout":"page-builder","ast-site-content-layout":"","site-content-style":"default","site-sidebar-style":"default","ast-global-header-display":"","ast-banner-title-visibility":"","ast-main-header-display":"","ast-hfb-above-header-display":"","ast-hfb-below-header-display":"","ast-hfb-mobile-header-display":"","site-post-title":"disabled","ast-breadcrumbs-content":"","ast-featured-img":"disabled","footer-sml-layout":"","theme-transparent-header-meta":"default","adv-header-id-meta":"","stick-header-meta":"","header-above-stick-meta":"","header-main-stick-meta":"","header-below-stick-meta":"","astra-migrate-meta-layouts":"","footnotes":""},"class_list":["post-24462","page","type-page","status-publish","hentry"],"translation":{"provider":"WPGlobus","version":"3.0.0","language":"en","enabled_languages":["br","en","es"],"languages":{"br":{"title":true,"content":true,"excerpt":false},"en":{"title":true,"content":true,"excerpt":false},"es":{"title":false,"content":true,"excerpt":false}}},"_links":{"self":[{"href":"https:\/\/www.pplinuerj.com.br\/en\/wp-json\/wp\/v2\/pages\/24462","targetHints":{"allow":["GET"]}}],"collection":[{"href":"https:\/\/www.pplinuerj.com.br\/en\/wp-json\/wp\/v2\/pages"}],"about":[{"href":"https:\/\/www.pplinuerj.com.br\/en\/wp-json\/wp\/v2\/types\/page"}],"author":[{"embeddable":true,"href":"https:\/\/www.pplinuerj.com.br\/en\/wp-json\/wp\/v2\/users\/1"}],"replies":[{"embeddable":true,"href":"https:\/\/www.pplinuerj.com.br\/en\/wp-json\/wp\/v2\/comments?post=24462"}],"version-history":[{"count":354,"href":"https:\/\/www.pplinuerj.com.br\/en\/wp-json\/wp\/v2\/pages\/24462\/revisions"}],"predecessor-version":[{"id":27444,"href":"https:\/\/www.pplinuerj.com.br\/en\/wp-json\/wp\/v2\/pages\/24462\/revisions\/27444"}],"wp:attachment":[{"href":"https:\/\/www.pplinuerj.com.br\/en\/wp-json\/wp\/v2\/media?parent=24462"}],"curies":[{"name":"wp","href":"https:\/\/api.w.org\/{rel}","templated":true}]}}